{"id":10017,"date":"2025-12-29T17:13:04","date_gmt":"2025-12-29T22:13:04","guid":{"rendered":"https:\/\/experienciaslatam.com\/?post_type=product&#038;p=10017"},"modified":"2026-03-31T14:35:58","modified_gmt":"2026-03-31T19:35:58","slug":"sumergete-en-una-experiencia-privada-de-cata-de-vinos-entre-vinedos-centenarios","status":"publish","type":"product","link":"https:\/\/smartlinks-web-pdn-priceless-latam.azurewebsites.net\/es\/experiencias\/sumergete-en-una-experiencia-privada-de-cata-de-vinos-entre-vinedos-centenarios\/","title":{"rendered":"Sum\u00e9rgete en una experiencia privada de cata de vinos entre vi\u00f1edos centenarios"},"content":{"rendered":"<p>Re\u00fane a tu grupo amante del vino para vivir una cata privada y almuerzo en Viu Manent, reconocida entre los mejores vi\u00f1edos del mundo. Comenzar\u00e1s con un paseo guiado en carruaje entre vi\u00f1as de Malbec con m\u00e1s de cien a\u00f1os, seguido de una degustaci\u00f3n de vino en proceso directamente de la bodega. Luego, recibir\u00e1s una copa de bienvenida en la Cava Don Miguel, donde podr\u00e1s elegir una botella VIU1 para descorchar y decantar. Despu\u00e9s, disfrutar\u00e1s una cata guiada de seis etiquetas premium antes de saborear un almuerzo de tres tiempos en Rayuela Wine &amp; Grill, preparado en horno de barro y fuego abierto. Exclusivo para tarjetahabientes Mastercard.<\/p>\n","protected":false},"excerpt":{"rendered":"<p>Re\u00fane a tu grupo amante del vino para vivir una cata privada y almuerzo en Viu Manent, reconocida entre los mejores vi\u00f1edos del mundo. Comenzar\u00e1s con un paseo guiado en carruaje entre vi\u00f1as de Malbec con m\u00e1s de cien a\u00f1os, seguido de una degustaci\u00f3n de vino en proceso directamente de la bodega. Luego, recibir\u00e1s una [&hellip;]<\/p>\n","protected":false},"featured_media":10052,"template":"","meta":{"_acf_changed":false,"inline_featured_image":false},"product_brand":[],"product_cat":[47],"product_tag":[],"class_list":{"0":"post-10017","1":"product","2":"type-product","3":"status-publish","4":"has-post-thumbnail","6":"product_cat-experiencias","8":"first","9":"instock","10":"virtual","11":"sold-individually","12":"purchasable","13":"product-type-booking"},"acf":[],"_links":{"self":[{"href":"https:\/\/smartlinks-web-pdn-priceless-latam.azurewebsites.net\/es\/wp-json\/wp\/v2\/product\/10017","targetHints":{"allow":["GET"]}}],"collection":[{"href":"https:\/\/smartlinks-web-pdn-priceless-latam.azurewebsites.net\/es\/wp-json\/wp\/v2\/product"}],"about":[{"href":"https:\/\/smartlinks-web-pdn-priceless-latam.azurewebsites.net\/es\/wp-json\/wp\/v2\/types\/product"}],"wp:featuredmedia":[{"embeddable":true,"href":"https:\/\/smartlinks-web-pdn-priceless-latam.azurewebsites.net\/es\/wp-json\/wp\/v2\/media\/10052"}],"wp:attachment":[{"href":"https:\/\/smartlinks-web-pdn-priceless-latam.azurewebsites.net\/es\/wp-json\/wp\/v2\/media?parent=10017"}],"wp:term":[{"taxonomy":"product_brand","embeddable":true,"href":"https:\/\/smartlinks-web-pdn-priceless-latam.azurewebsites.net\/es\/wp-json\/wp\/v2\/product_brand?post=10017"},{"taxonomy":"product_cat","embeddable":true,"href":"https:\/\/smartlinks-web-pdn-priceless-latam.azurewebsites.net\/es\/wp-json\/wp\/v2\/product_cat?post=10017"},{"taxonomy":"product_tag","embeddable":true,"href":"https:\/\/smartlinks-web-pdn-priceless-latam.azurewebsites.net\/es\/wp-json\/wp\/v2\/product_tag?post=10017"}],"curies":[{"name":"wp","href":"https:\/\/api.w.org\/{rel}","templated":true}]}}