{"id":11805,"date":"2026-03-09T16:49:47","date_gmt":"2026-03-09T21:49:47","guid":{"rendered":"https:\/\/experienciaslatam.com\/?post_type=product&#038;p=11805"},"modified":"2026-03-10T09:49:05","modified_gmt":"2026-03-10T14:49:05","slug":"descubre-las-historias-unicas-de-colombia-a-traves-de-una-cata-de-licores","status":"publish","type":"product","link":"https:\/\/smartlinks-web-pdn-priceless-latam.azurewebsites.net\/es\/experiencias\/descubre-las-historias-unicas-de-colombia-a-traves-de-una-cata-de-licores\/","title":{"rendered":"Descubre las historias \u00fanicas de Colombia a trav\u00e9s de una cata de licores"},"content":{"rendered":"<p>Descubre las tradiciones, la historia y la esencia de Colombia degustando licores ancestrales en Carmen Medell\u00edn, un restaurante de alta cocina en Medell\u00edn. Guiado por el mix\u00f3logo Maycoll Tob\u00f3n, apreciar\u00e1s los sabores y aromas del viche, chirrinchi y otros licores, mientras escuchas relatos culturales. Disfrutar\u00e1s cocteles elaborados con estos sabores, junto con delicados bocados. Como recuerdo, te llevar\u00e1s a casa una mini botella de viche, un aut\u00e9ntico souvenir colombiano. Exclusivo para tarjetahabientes Mastercard.<\/p>\n","protected":false},"excerpt":{"rendered":"<p>Descubre las tradiciones, la historia y la esencia de Colombia degustando licores ancestrales en Carmen Medell\u00edn, un restaurante de alta cocina en Medell\u00edn. Guiado por el mix\u00f3logo Maycoll Tob\u00f3n, apreciar\u00e1s los sabores y aromas del viche, chirrinchi y otros licores, mientras escuchas relatos culturales. Disfrutar\u00e1s cocteles elaborados con estos sabores, junto con delicados bocados. Como [&hellip;]<\/p>\n","protected":false},"featured_media":11834,"template":"","meta":{"_acf_changed":false,"inline_featured_image":false},"product_brand":[],"product_cat":[47],"product_tag":[],"class_list":{"0":"post-11805","1":"product","2":"type-product","3":"status-publish","4":"has-post-thumbnail","6":"product_cat-experiencias","8":"first","9":"instock","10":"virtual","11":"sold-individually","12":"purchasable","13":"product-type-booking"},"acf":[],"_links":{"self":[{"href":"https:\/\/smartlinks-web-pdn-priceless-latam.azurewebsites.net\/es\/wp-json\/wp\/v2\/product\/11805","targetHints":{"allow":["GET"]}}],"collection":[{"href":"https:\/\/smartlinks-web-pdn-priceless-latam.azurewebsites.net\/es\/wp-json\/wp\/v2\/product"}],"about":[{"href":"https:\/\/smartlinks-web-pdn-priceless-latam.azurewebsites.net\/es\/wp-json\/wp\/v2\/types\/product"}],"wp:featuredmedia":[{"embeddable":true,"href":"https:\/\/smartlinks-web-pdn-priceless-latam.azurewebsites.net\/es\/wp-json\/wp\/v2\/media\/11834"}],"wp:attachment":[{"href":"https:\/\/smartlinks-web-pdn-priceless-latam.azurewebsites.net\/es\/wp-json\/wp\/v2\/media?parent=11805"}],"wp:term":[{"taxonomy":"product_brand","embeddable":true,"href":"https:\/\/smartlinks-web-pdn-priceless-latam.azurewebsites.net\/es\/wp-json\/wp\/v2\/product_brand?post=11805"},{"taxonomy":"product_cat","embeddable":true,"href":"https:\/\/smartlinks-web-pdn-priceless-latam.azurewebsites.net\/es\/wp-json\/wp\/v2\/product_cat?post=11805"},{"taxonomy":"product_tag","embeddable":true,"href":"https:\/\/smartlinks-web-pdn-priceless-latam.azurewebsites.net\/es\/wp-json\/wp\/v2\/product_tag?post=11805"}],"curies":[{"name":"wp","href":"https:\/\/api.w.org\/{rel}","templated":true}]}}