{"id":11846,"date":"2026-03-11T09:16:01","date_gmt":"2026-03-11T14:16:01","guid":{"rendered":"https:\/\/experienciaslatam.com\/?post_type=product&#038;p=11846"},"modified":"2026-03-27T14:35:00","modified_gmt":"2026-03-27T19:35:00","slug":"ve-buenos-aires-a-traves-de-los-ojos-de-autores-argentinos","status":"publish","type":"product","link":"https:\/\/smartlinks-web-pdn-priceless-latam.azurewebsites.net\/es\/experiencias\/ve-buenos-aires-a-traves-de-los-ojos-de-autores-argentinos\/","title":{"rendered":"Ve Buenos Aires a trav\u00e9s de los ojos de autores argentinos"},"content":{"rendered":"<p>Descubre el mundo de Borges, considerado uno de los escritores m\u00e1s influyentes del siglo XX y cuya obra ayud\u00f3 a llevar la literatura latinoamericana al reconocimiento global, junto con otros autores argentinos destacados, en un recorrido a pie por Buenos Aires que no encontrar\u00e1s en ning\u00fan otro lugar. Conocer\u00e1s a tus gu\u00edas, Santiago Llach, creador del \u201cWorld Writing Contest\u201d, y la periodista Catalina Lascano, y explorar\u00e1s un fascinante barrio porte\u00f1o, visitando sitios ic\u00f3nicos vinculados a Borges y conversando sobre la vida de otras figuras literarias porte\u00f1as. Finalizar\u00e1s con un brunch en un caf\u00e9 emblem\u00e1tico y una charla con Santiago. Para finalizar, te llevar\u00e1s un libro de edici\u00f3n especial. Exclusivo para tarjetahabientes Mastercard.<\/p>\n","protected":false},"excerpt":{"rendered":"<p>Descubre el mundo de Borges, considerado uno de los escritores m\u00e1s influyentes del siglo XX y cuya obra ayud\u00f3 a llevar la literatura latinoamericana al reconocimiento global, junto con otros autores argentinos destacados, en un recorrido a pie por Buenos Aires que no encontrar\u00e1s en ning\u00fan otro lugar. Conocer\u00e1s a tus gu\u00edas, Santiago Llach, creador [&hellip;]<\/p>\n","protected":false},"featured_media":11872,"template":"","meta":{"_acf_changed":false,"inline_featured_image":false},"product_brand":[],"product_cat":[47],"product_tag":[],"class_list":{"0":"post-11846","1":"product","2":"type-product","3":"status-publish","4":"has-post-thumbnail","6":"product_cat-experiencias","8":"first","9":"outofstock","10":"sold-individually","11":"shipping-taxable","12":"purchasable","13":"product-type-variable"},"acf":[],"_links":{"self":[{"href":"https:\/\/smartlinks-web-pdn-priceless-latam.azurewebsites.net\/es\/wp-json\/wp\/v2\/product\/11846","targetHints":{"allow":["GET"]}}],"collection":[{"href":"https:\/\/smartlinks-web-pdn-priceless-latam.azurewebsites.net\/es\/wp-json\/wp\/v2\/product"}],"about":[{"href":"https:\/\/smartlinks-web-pdn-priceless-latam.azurewebsites.net\/es\/wp-json\/wp\/v2\/types\/product"}],"wp:featuredmedia":[{"embeddable":true,"href":"https:\/\/smartlinks-web-pdn-priceless-latam.azurewebsites.net\/es\/wp-json\/wp\/v2\/media\/11872"}],"wp:attachment":[{"href":"https:\/\/smartlinks-web-pdn-priceless-latam.azurewebsites.net\/es\/wp-json\/wp\/v2\/media?parent=11846"}],"wp:term":[{"taxonomy":"product_brand","embeddable":true,"href":"https:\/\/smartlinks-web-pdn-priceless-latam.azurewebsites.net\/es\/wp-json\/wp\/v2\/product_brand?post=11846"},{"taxonomy":"product_cat","embeddable":true,"href":"https:\/\/smartlinks-web-pdn-priceless-latam.azurewebsites.net\/es\/wp-json\/wp\/v2\/product_cat?post=11846"},{"taxonomy":"product_tag","embeddable":true,"href":"https:\/\/smartlinks-web-pdn-priceless-latam.azurewebsites.net\/es\/wp-json\/wp\/v2\/product_tag?post=11846"}],"curies":[{"name":"wp","href":"https:\/\/api.w.org\/{rel}","templated":true}]}}