{"id":1574,"date":"2024-10-25T10:56:03","date_gmt":"2024-10-25T15:56:03","guid":{"rendered":"https:\/\/ultra.opperdev.com\/?post_type=product&#038;p=1574"},"modified":"2024-11-21T16:03:31","modified_gmt":"2024-11-21T21:03:31","slug":"aprenda-el-antiguo-deporte-del-polo-a-caballo-en-la-pampa-argentina","status":"publish","type":"product","link":"https:\/\/smartlinks-web-pdn-priceless-latam.azurewebsites.net\/es\/experiencias\/aprenda-el-antiguo-deporte-del-polo-a-caballo-en-la-pampa-argentina\/","title":{"rendered":"Aprenda el antiguo deporte del polo a caballo en la pampa Argentina"},"content":{"rendered":"<p>Obtenga un acceso privilegiado a una prestigiosa escuela de polo con una jornada completa en medio de la serena belleza de las praderas pampeanas. Tras su traslado gratuito desde Buenos Aires, recibir\u00e1 un t\u00e9 de bienvenida, seguido de un paseo introductorio para acostumbrarse a su caballo. A continuaci\u00f3n, se sumergir\u00e1 de lleno en su clase de polo, aprendiendo las t\u00e9cnicas f\u00edsicas bajo la direcci\u00f3n de experimentados instructores durante una hora. Despu\u00e9s, repondr\u00e1 fuerzas con un asado tradicional argentino y se relajar\u00e1 disfrutando del aire libre o nadando en la piscina durante los meses de verano. Exclusivo para titulares de tarjetas Mastercard.<\/p>\n","protected":false},"excerpt":{"rendered":"<p>Obtenga un acceso privilegiado a una prestigiosa escuela de polo con una jornada completa en medio de la serena belleza de las praderas pampeanas. Tras su traslado gratuito desde Buenos Aires, recibir\u00e1 un t\u00e9 de bienvenida, seguido de un paseo introductorio para acostumbrarse a su caballo. A continuaci\u00f3n, se sumergir\u00e1 de lleno en su clase [&hellip;]<\/p>\n","protected":false},"featured_media":401,"template":"","meta":{"_acf_changed":false,"inline_featured_image":false},"product_brand":[],"product_cat":[47],"product_tag":[],"class_list":{"0":"post-1574","1":"product","2":"type-product","3":"status-publish","4":"has-post-thumbnail","6":"product_cat-experiencias","8":"first","9":"instock","10":"sold-individually","11":"shipping-taxable","12":"purchasable","13":"product-type-booking"},"acf":[],"_links":{"self":[{"href":"https:\/\/smartlinks-web-pdn-priceless-latam.azurewebsites.net\/es\/wp-json\/wp\/v2\/product\/1574","targetHints":{"allow":["GET"]}}],"collection":[{"href":"https:\/\/smartlinks-web-pdn-priceless-latam.azurewebsites.net\/es\/wp-json\/wp\/v2\/product"}],"about":[{"href":"https:\/\/smartlinks-web-pdn-priceless-latam.azurewebsites.net\/es\/wp-json\/wp\/v2\/types\/product"}],"wp:featuredmedia":[{"embeddable":true,"href":"https:\/\/smartlinks-web-pdn-priceless-latam.azurewebsites.net\/es\/wp-json\/wp\/v2\/media\/401"}],"wp:attachment":[{"href":"https:\/\/smartlinks-web-pdn-priceless-latam.azurewebsites.net\/es\/wp-json\/wp\/v2\/media?parent=1574"}],"wp:term":[{"taxonomy":"product_brand","embeddable":true,"href":"https:\/\/smartlinks-web-pdn-priceless-latam.azurewebsites.net\/es\/wp-json\/wp\/v2\/product_brand?post=1574"},{"taxonomy":"product_cat","embeddable":true,"href":"https:\/\/smartlinks-web-pdn-priceless-latam.azurewebsites.net\/es\/wp-json\/wp\/v2\/product_cat?post=1574"},{"taxonomy":"product_tag","embeddable":true,"href":"https:\/\/smartlinks-web-pdn-priceless-latam.azurewebsites.net\/es\/wp-json\/wp\/v2\/product_tag?post=1574"}],"curies":[{"name":"wp","href":"https:\/\/api.w.org\/{rel}","templated":true}]}}