{"id":2394,"date":"2024-10-27T12:50:36","date_gmt":"2024-10-27T17:50:36","guid":{"rendered":"https:\/\/smartlinks-web-pdn-priceless-latam.azurewebsites.net\/sin%20categor\u00eda\/degusta-y-descubre-el-mate-argentino-en-un-evento-exclusivo\/"},"modified":"2024-11-18T19:48:58","modified_gmt":"2024-11-19T00:48:58","slug":"degustacion-yerba-mate-jardin-botanico-carlos-thays","status":"publish","type":"product","link":"https:\/\/smartlinks-web-pdn-priceless-latam.azurewebsites.net\/es\/experiencias\/degustacion-yerba-mate-jardin-botanico-carlos-thays\/","title":{"rendered":"Degusta y descubre el mate argentino en un evento exclusivo"},"content":{"rendered":"<p>Ampl\u00eda tu perspectiva sobre las tradiciones argentinas en un evento exclusivo de mate en el Jard\u00edn Bot\u00e1nico Carlos Thays. Disfruta de transporte de ida y vuelta a este ic\u00f3nico monumento nacional, donde descubrir\u00e1s la significancia cultural de la planta de yerba mate, aprender\u00e1s sobre su llegada a Argentina y los mitos asociados. Luego, explorar\u00e1s el arte de preparar esta bebida \u00fanica, destinada a ser compartida entre seres queridos. Aprender\u00e1s a verter agua en una calabaza especial de mate, la temperatura precisa y secretos para hacer el mejor mate, mientras pruebas bebidas con diferentes hojas de yerba. Adem\u00e1s, recibir\u00e1s como obsequio exclusivo una calabaza y bombilla de mate para llevar la tradici\u00f3n a tu hogar. Exclusivo para titulares de tarjetas Mastercard.<\/p>\n","protected":false},"excerpt":{"rendered":"<p>Ampl\u00eda tu perspectiva sobre las tradiciones argentinas en un evento exclusivo de mate en el Jard\u00edn Bot\u00e1nico Carlos Thays. Disfruta de transporte de ida y vuelta a este ic\u00f3nico monumento nacional, donde descubrir\u00e1s la significancia cultural de la planta de yerba mate, aprender\u00e1s sobre su llegada a Argentina y los mitos asociados. Luego, explorar\u00e1s el [&hellip;]<\/p>\n","protected":false},"featured_media":2371,"template":"","meta":{"_acf_changed":false,"inline_featured_image":false},"product_brand":[],"product_cat":[47],"product_tag":[],"class_list":{"0":"post-2394","1":"product","2":"type-product","3":"status-publish","4":"has-post-thumbnail","6":"product_cat-experiencias","8":"first","9":"instock","10":"sold-individually","11":"shipping-taxable","12":"purchasable","13":"product-type-booking"},"acf":[],"_links":{"self":[{"href":"https:\/\/smartlinks-web-pdn-priceless-latam.azurewebsites.net\/es\/wp-json\/wp\/v2\/product\/2394","targetHints":{"allow":["GET"]}}],"collection":[{"href":"https:\/\/smartlinks-web-pdn-priceless-latam.azurewebsites.net\/es\/wp-json\/wp\/v2\/product"}],"about":[{"href":"https:\/\/smartlinks-web-pdn-priceless-latam.azurewebsites.net\/es\/wp-json\/wp\/v2\/types\/product"}],"wp:featuredmedia":[{"embeddable":true,"href":"https:\/\/smartlinks-web-pdn-priceless-latam.azurewebsites.net\/es\/wp-json\/wp\/v2\/media\/2371"}],"wp:attachment":[{"href":"https:\/\/smartlinks-web-pdn-priceless-latam.azurewebsites.net\/es\/wp-json\/wp\/v2\/media?parent=2394"}],"wp:term":[{"taxonomy":"product_brand","embeddable":true,"href":"https:\/\/smartlinks-web-pdn-priceless-latam.azurewebsites.net\/es\/wp-json\/wp\/v2\/product_brand?post=2394"},{"taxonomy":"product_cat","embeddable":true,"href":"https:\/\/smartlinks-web-pdn-priceless-latam.azurewebsites.net\/es\/wp-json\/wp\/v2\/product_cat?post=2394"},{"taxonomy":"product_tag","embeddable":true,"href":"https:\/\/smartlinks-web-pdn-priceless-latam.azurewebsites.net\/es\/wp-json\/wp\/v2\/product_tag?post=2394"}],"curies":[{"name":"wp","href":"https:\/\/api.w.org\/{rel}","templated":true}]}}