{"id":2755,"date":"2024-11-05T09:16:23","date_gmt":"2024-11-05T14:16:23","guid":{"rendered":"https:\/\/experienciaslatam.com\/sin%20categor\u00eda\/celebra-la-conmebol-libertadores-2024-con-una-experiencia-vip-para-aficionados-en-buenos-aires\/"},"modified":"2024-11-26T12:16:19","modified_gmt":"2024-11-26T17:16:19","slug":"experiencia-personalizada","status":"publish","type":"product","link":"https:\/\/smartlinks-web-pdn-priceless-latam.azurewebsites.net\/es\/experiencias\/experiencia-personalizada\/","title":{"rendered":"Celebra la CONMEBOL Libertadores 2024 como un verdadero fan en Buenos Aires"},"content":{"rendered":"<p>Disfruta de una experiencia personalizada como aficionado en la final de la CONMEBOL Libertadores 2024 en Buenos Aires. Recibir\u00e1s una exclusiva tarjeta prepago Mastercard de Messi con un cr\u00e9dito de $150. Como cortes\u00eda, obtendr\u00e1s un par de entradas de categor\u00eda 2 para el partido final, que te ofrecer\u00e1n una excelente vista de la acci\u00f3n junto a otro aficionado. Tu paquete VIP tambi\u00e9n incluye merchandising de la CONMEBOL Libertadores 2024 como recuerdo de una fenomenal experiencia futbol\u00edstica. Exclusivamente para titulares de Mastercard.<\/p>\n<div id=\"gtx-trans\" style=\"position: absolute; left: -7px; top: 88px;\">\n<div class=\"gtx-trans-icon\"><\/div>\n<\/div>\n","protected":false},"excerpt":{"rendered":"<p>Disfruta de una experiencia personalizada como aficionado en la final de la CONMEBOL Libertadores 2024 en Buenos Aires. Recibir\u00e1s una exclusiva tarjeta prepago Mastercard de Messi con un cr\u00e9dito de $150. Como cortes\u00eda, obtendr\u00e1s un par de entradas de categor\u00eda 2 para el partido final, que te ofrecer\u00e1n una excelente vista de la acci\u00f3n junto [&hellip;]<\/p>\n","protected":false},"featured_media":1893,"template":"","meta":{"_acf_changed":false,"inline_featured_image":false},"product_brand":[],"product_cat":[47,55],"product_tag":[],"class_list":{"0":"post-2755","1":"product","2":"type-product","3":"status-publish","4":"has-post-thumbnail","6":"product_cat-experiencias","7":"product_cat-libertadoresla","9":"first","10":"instock","11":"sold-individually","12":"shipping-taxable","13":"purchasable","14":"product-type-variable","15":"has-default-attributes"},"acf":[],"_links":{"self":[{"href":"https:\/\/smartlinks-web-pdn-priceless-latam.azurewebsites.net\/es\/wp-json\/wp\/v2\/product\/2755","targetHints":{"allow":["GET"]}}],"collection":[{"href":"https:\/\/smartlinks-web-pdn-priceless-latam.azurewebsites.net\/es\/wp-json\/wp\/v2\/product"}],"about":[{"href":"https:\/\/smartlinks-web-pdn-priceless-latam.azurewebsites.net\/es\/wp-json\/wp\/v2\/types\/product"}],"wp:featuredmedia":[{"embeddable":true,"href":"https:\/\/smartlinks-web-pdn-priceless-latam.azurewebsites.net\/es\/wp-json\/wp\/v2\/media\/1893"}],"wp:attachment":[{"href":"https:\/\/smartlinks-web-pdn-priceless-latam.azurewebsites.net\/es\/wp-json\/wp\/v2\/media?parent=2755"}],"wp:term":[{"taxonomy":"product_brand","embeddable":true,"href":"https:\/\/smartlinks-web-pdn-priceless-latam.azurewebsites.net\/es\/wp-json\/wp\/v2\/product_brand?post=2755"},{"taxonomy":"product_cat","embeddable":true,"href":"https:\/\/smartlinks-web-pdn-priceless-latam.azurewebsites.net\/es\/wp-json\/wp\/v2\/product_cat?post=2755"},{"taxonomy":"product_tag","embeddable":true,"href":"https:\/\/smartlinks-web-pdn-priceless-latam.azurewebsites.net\/es\/wp-json\/wp\/v2\/product_tag?post=2755"}],"curies":[{"name":"wp","href":"https:\/\/api.w.org\/{rel}","templated":true}]}}