{"id":2774,"date":"2024-11-05T11:20:29","date_gmt":"2024-11-05T16:20:29","guid":{"rendered":"https:\/\/experienciaslatam.com\/?post_type=product&#038;p=2774"},"modified":"2025-05-06T16:30:13","modified_gmt":"2025-05-06T21:30:13","slug":"maravillate-con-las-aves-nativas-de-chile-y-los-exquisitos-vinos-en-un-tour-exclusivo","status":"publish","type":"product","link":"https:\/\/smartlinks-web-pdn-priceless-latam.azurewebsites.net\/es\/experiencias\/maravillate-con-las-aves-nativas-de-chile-y-los-exquisitos-vinos-en-un-tour-exclusivo\/","title":{"rendered":"Marav\u00edllate con las aves nativas de Chile y los exquisitos vinos en un tour exclusivo"},"content":{"rendered":"<p><span class=\"TextRun SCXW22758822 BCX0\" lang=\"ES-ES\" xml:lang=\"ES-ES\" data-contrast=\"auto\"><span class=\"NormalTextRun SCXW22758822 BCX0\">Enriquece<\/span>\u00a0<span class=\"NormalTextRun SCXW22758822 BCX0\">tu<\/span>\u00a0<span class=\"NormalTextRun SCXW22758822 BCX0\">comprensi\u00f3n<\/span><span class=\"NormalTextRun SCXW22758822 BCX0\">\u00a0de\u00a0<\/span><span class=\"NormalTextRun SCXW22758822 BCX0\">los<\/span><span class=\"NormalTextRun SCXW22758822 BCX0\">\u00a0vinos chilenos y la\u00a0<\/span><span class=\"NormalTextRun SCXW22758822 BCX0\">naturaleza<\/span>\u00a0<span class=\"NormalTextRun SCXW22758822 BCX0\">en<\/span>\u00a0<span class=\"NormalTextRun SCXW22758822 BCX0\">una<\/span>\u00a0<span class=\"NormalTextRun SCXW22758822 BCX0\">inmersiva<\/span>\u00a0<span class=\"NormalTextRun SCXW22758822 BCX0\">excursi\u00f3n<\/span><span class=\"NormalTextRun SCXW22758822 BCX0\">\u00a0de\u00a0<\/span><span class=\"NormalTextRun SCXW22758822 BCX0\">observaci\u00f3n<\/span><span class=\"NormalTextRun SCXW22758822 BCX0\">\u00a0de\u00a0<\/span><span class=\"NormalTextRun SCXW22758822 BCX0\">aves<\/span><span class=\"NormalTextRun SCXW22758822 BCX0\">\u00a0y tour\u00a0<\/span><span class=\"NormalTextRun SCXW22758822 BCX0\">por<\/span>\u00a0<span class=\"NormalTextRun SCXW22758822 BCX0\">vi\u00f1edos<\/span><span class=\"NormalTextRun SCXW22758822 BCX0\">. Un\u00a0<\/span><span class=\"NormalTextRun SCXW22758822 BCX0\">gu\u00eda<\/span>\u00a0<span class=\"NormalTextRun SCXW22758822 BCX0\">experto<\/span><span class=\"NormalTextRun SCXW22758822 BCX0\">\u00a0de\u00a0<\/span><span class=\"NormalTextRun SpellingErrorV2Themed SCXW22758822 BCX0\">BirdsChile<\/span>\u00a0<span class=\"NormalTextRun SCXW22758822 BCX0\">te<\/span>\u00a0<span class=\"NormalTextRun SCXW22758822 BCX0\">conducir\u00e1<\/span>\u00a0<span class=\"NormalTextRun SCXW22758822 BCX0\">por<\/span><span class=\"NormalTextRun SCXW22758822 BCX0\">\u00a0las\u00a0<\/span><span class=\"NormalTextRun SCXW22758822 BCX0\">laderas<\/span><span class=\"NormalTextRun SCXW22758822 BCX0\">\u00a0de la Cordillera de\u00a0<\/span><span class=\"NormalTextRun SCXW22758822 BCX0\">los<\/span><span class=\"NormalTextRun SCXW22758822 BCX0\">\u00a0Andes a\u00a0<\/span><span class=\"NormalTextRun SCXW22758822 BCX0\">trav\u00e9s<\/span><span class=\"NormalTextRun SCXW22758822 BCX0\">\u00a0del Parque Natural Quebrada de\u00a0<\/span><span class=\"NormalTextRun SCXW22758822 BCX0\">Macul<\/span><span class=\"NormalTextRun SCXW22758822 BCX0\">,\u00a0<\/span><span class=\"NormalTextRun SCXW22758822 BCX0\">una<\/span>\u00a0<span class=\"NormalTextRun SCXW22758822 BCX0\">reserva<\/span><span class=\"NormalTextRun SCXW22758822 BCX0\">\u00a0natural\u00a0<\/span><span class=\"NormalTextRun SCXW22758822 BCX0\">donde<\/span>\u00a0<span class=\"NormalTextRun SCXW22758822 BCX0\">podr\u00e1s<\/span>\u00a0<span class=\"NormalTextRun SCXW22758822 BCX0\">presenciar<\/span><span class=\"NormalTextRun SCXW22758822 BCX0\">\u00a0la\u00a0<\/span><span class=\"NormalTextRun SCXW22758822 BCX0\">impresionante<\/span>\u00a0<span class=\"NormalTextRun SCXW22758822 BCX0\">belleza<\/span><span class=\"NormalTextRun SCXW22758822 BCX0\">\u00a0de la flora y fauna del\u00a0<\/span><span class=\"NormalTextRun SCXW22758822 BCX0\">centro<\/span><span class=\"NormalTextRun SCXW22758822 BCX0\">\u00a0de Chile. Luego,\u00a0<\/span><span class=\"NormalTextRun SCXW22758822 BCX0\">te<\/span>\u00a0<span class=\"NormalTextRun SCXW22758822 BCX0\">deleitar\u00e1s<\/span><span class=\"NormalTextRun SCXW22758822 BCX0\">\u00a0con un tour privado\u00a0<\/span><span class=\"NormalTextRun SCXW22758822 BCX0\">por<\/span><span class=\"NormalTextRun SCXW22758822 BCX0\">\u00a0Vi\u00f1a Aquitania,\u00a0<\/span><span class=\"NormalTextRun SCXW22758822 BCX0\">degustando<\/span>\u00a0<span class=\"NormalTextRun SCXW22758822 BCX0\">tres<\/span><span class=\"NormalTextRun SCXW22758822 BCX0\">\u00a0vinos Sol de Sol del Valle de\u00a0<\/span><span class=\"NormalTextRun SCXW22758822 BCX0\">Malleco<\/span><span class=\"NormalTextRun SCXW22758822 BCX0\">\u00a0y\u00a0<\/span><span class=\"NormalTextRun SCXW22758822 BCX0\">el<\/span>\u00a0<span class=\"NormalTextRun SCXW22758822 BCX0\">emblem\u00e1tico<\/span>\u00a0<span class=\"NormalTextRun SpellingErrorV2Themed SCXW22758822 BCX0\">Lazuli<\/span><span class=\"NormalTextRun SCXW22758822 BCX0\">, un cabernet\u00a0<\/span><span class=\"NormalTextRun SpellingErrorV2Themed SCXW22758822 BCX0\">sauvignon<\/span><span class=\"NormalTextRun SCXW22758822 BCX0\">\u00a0de Maipo Andes,\u00a0<\/span><span class=\"NormalTextRun SCXW22758822 BCX0\">todo<\/span>\u00a0<span class=\"NormalTextRun SCXW22758822 BCX0\">acompa\u00f1ado<\/span><span class=\"NormalTextRun SCXW22758822 BCX0\">\u00a0de\u00a0<\/span><span class=\"NormalTextRun SCXW22758822 BCX0\">exquisitos<\/span>\u00a0<span class=\"NormalTextRun SCXW22758822 BCX0\">quesos<\/span><span class=\"NormalTextRun SCXW22758822 BCX0\">,\u00a0<\/span><span class=\"NormalTextRun SCXW22758822 BCX0\">charcuter\u00eda<\/span><span class=\"NormalTextRun SCXW22758822 BCX0\">,\u00a0<\/span><span class=\"NormalTextRun SCXW22758822 BCX0\">frutos<\/span>\u00a0<span class=\"NormalTextRun SCXW22758822 BCX0\">secos<\/span><span class=\"NormalTextRun SCXW22758822 BCX0\">\u00a0y chutneys.\u00a0<\/span><span class=\"NormalTextRun SCXW22758822 BCX0\">Exclusivamente<\/span><span class=\"NormalTextRun SCXW22758822 BCX0\">\u00a0para\u00a0<\/span><span class=\"NormalTextRun SCXW22758822 BCX0\">titulares<\/span><span class=\"NormalTextRun SCXW22758822 BCX0\">\u00a0de\u00a0<\/span><span class=\"NormalTextRun SCXW22758822 BCX0\">tarjetas<\/span>\u00a0<span class=\"NormalTextRun SpellingErrorV2Themed SCXW22758822 BCX0\">Mastercard<\/span><span class=\"NormalTextRun SCXW22758822 BCX0\">.<\/span><\/span><\/p>\n<p><span class=\"TextRun Highlight SCXW63351894 BCX0\" lang=\"ES-ES\" xml:lang=\"ES-ES\" data-contrast=\"auto\"><span class=\"NormalTextRun SpellingErrorV2Themed SCXW63351894 BCX0\">Mastercard<\/span><span class=\"NormalTextRun SCXW63351894 BCX0\">, junto con\u00a0<\/span><span class=\"NormalTextRun SpellingErrorV2Themed SCXW63351894 BCX0\">Priceless<\/span>\u00a0<span class=\"NormalTextRun SpellingErrorV2Themed SCXW63351894 BCX0\">Planet<\/span>\u00a0<span class=\"NormalTextRun SpellingErrorV2Themed SCXW63351894 BCX0\">Coalition<\/span><span class=\"NormalTextRun SCXW63351894 BCX0\">, busca restaurar 100 millones de \u00e1rboles para 2030. Por cada experiencia que compres,\u00a0<\/span><span class=\"NormalTextRun SpellingErrorV2Themed SCXW63351894 BCX0\">Mastercard<\/span><span class=\"NormalTextRun SCXW63351894 BCX0\">\u00a0donar\u00e1 un \u00e1rbol a trav\u00e9s de\u00a0<\/span><span class=\"NormalTextRun SpellingErrorV2Themed SCXW63351894 BCX0\">Priceless<\/span>\u00a0<span class=\"NormalTextRun SpellingErrorV2Themed SCXW63351894 BCX0\">Planet<\/span>\u00a0<span class=\"NormalTextRun SpellingErrorV2Themed SCXW63351894 BCX0\">Coalition<\/span><span class=\"NormalTextRun SCXW63351894 BCX0\">. Con tu contribuci\u00f3n, estamos promoviendo la restauraci\u00f3n en 6 continentes.<\/span><\/span><span class=\"EOP SCXW63351894 BCX0\" data-ccp-props=\"{\">\u00a0<\/span><\/p>\n","protected":false},"excerpt":{"rendered":"<p>Enriquece\u00a0tu\u00a0comprensi\u00f3n\u00a0de\u00a0los\u00a0vinos chilenos y la\u00a0naturaleza\u00a0en\u00a0una\u00a0inmersiva\u00a0excursi\u00f3n\u00a0de\u00a0observaci\u00f3n\u00a0de\u00a0aves\u00a0y tour\u00a0por\u00a0vi\u00f1edos. Un\u00a0gu\u00eda\u00a0experto\u00a0de\u00a0BirdsChile\u00a0te\u00a0conducir\u00e1\u00a0por\u00a0las\u00a0laderas\u00a0de la Cordillera de\u00a0los\u00a0Andes a\u00a0trav\u00e9s\u00a0del Parque Natural Quebrada de\u00a0Macul,\u00a0una\u00a0reserva\u00a0natural\u00a0donde\u00a0podr\u00e1s\u00a0presenciar\u00a0la\u00a0impresionante\u00a0belleza\u00a0de la flora y fauna del\u00a0centro\u00a0de Chile. Luego,\u00a0te\u00a0deleitar\u00e1s\u00a0con un tour privado\u00a0por\u00a0Vi\u00f1a Aquitania,\u00a0degustando\u00a0tres\u00a0vinos Sol de Sol del Valle de\u00a0Malleco\u00a0y\u00a0el\u00a0emblem\u00e1tico\u00a0Lazuli, un cabernet\u00a0sauvignon\u00a0de Maipo Andes,\u00a0todo\u00a0acompa\u00f1ado\u00a0de\u00a0exquisitos\u00a0quesos,\u00a0charcuter\u00eda,\u00a0frutos\u00a0secos\u00a0y chutneys.\u00a0Exclusivamente\u00a0para\u00a0titulares\u00a0de\u00a0tarjetas\u00a0Mastercard. Mastercard, junto con\u00a0Priceless\u00a0Planet\u00a0Coalition, busca restaurar 100 millones de \u00e1rboles para 2030. Por cada experiencia que compres,\u00a0Mastercard\u00a0donar\u00e1 un \u00e1rbol a [&hellip;]<\/p>\n","protected":false},"featured_media":1835,"template":"","meta":{"_acf_changed":false,"inline_featured_image":false},"product_brand":[],"product_cat":[47],"product_tag":[],"class_list":{"0":"post-2774","1":"product","2":"type-product","3":"status-publish","4":"has-post-thumbnail","6":"product_cat-experiencias","8":"first","9":"instock","10":"sold-individually","11":"shipping-taxable","12":"purchasable","13":"product-type-booking"},"acf":[],"_links":{"self":[{"href":"https:\/\/smartlinks-web-pdn-priceless-latam.azurewebsites.net\/es\/wp-json\/wp\/v2\/product\/2774","targetHints":{"allow":["GET"]}}],"collection":[{"href":"https:\/\/smartlinks-web-pdn-priceless-latam.azurewebsites.net\/es\/wp-json\/wp\/v2\/product"}],"about":[{"href":"https:\/\/smartlinks-web-pdn-priceless-latam.azurewebsites.net\/es\/wp-json\/wp\/v2\/types\/product"}],"wp:featuredmedia":[{"embeddable":true,"href":"https:\/\/smartlinks-web-pdn-priceless-latam.azurewebsites.net\/es\/wp-json\/wp\/v2\/media\/1835"}],"wp:attachment":[{"href":"https:\/\/smartlinks-web-pdn-priceless-latam.azurewebsites.net\/es\/wp-json\/wp\/v2\/media?parent=2774"}],"wp:term":[{"taxonomy":"product_brand","embeddable":true,"href":"https:\/\/smartlinks-web-pdn-priceless-latam.azurewebsites.net\/es\/wp-json\/wp\/v2\/product_brand?post=2774"},{"taxonomy":"product_cat","embeddable":true,"href":"https:\/\/smartlinks-web-pdn-priceless-latam.azurewebsites.net\/es\/wp-json\/wp\/v2\/product_cat?post=2774"},{"taxonomy":"product_tag","embeddable":true,"href":"https:\/\/smartlinks-web-pdn-priceless-latam.azurewebsites.net\/es\/wp-json\/wp\/v2\/product_tag?post=2774"}],"curies":[{"name":"wp","href":"https:\/\/api.w.org\/{rel}","templated":true}]}}