{"id":2785,"date":"2024-11-05T16:24:24","date_gmt":"2024-11-05T21:24:24","guid":{"rendered":"https:\/\/experienciaslatam.com\/?post_type=product&#038;p=2785"},"modified":"2025-04-29T12:18:09","modified_gmt":"2025-04-29T17:18:09","slug":"deslizate-sobre-las-tranquilas-aguas-de-la-playa-de-copacabana-al-amanecer","status":"publish","type":"product","link":"https:\/\/smartlinks-web-pdn-priceless-latam.azurewebsites.net\/es\/experiencias\/deslizate-sobre-las-tranquilas-aguas-de-la-playa-de-copacabana-al-amanecer\/","title":{"rendered":"Desl\u00edzate sobre las tranquilas aguas de la playa de Copacabana al amanecer"},"content":{"rendered":"<p>D\u00e9jate\u00a0envolver\u00a0por\u00a0la\u00a0tranquilidad\u00a0de la playa de Copacabana con\u00a0una\u00a0experiencia\u00a0\u00fanica\u00a0de paddleboarding\u00a0m\u00e1s\u00a0desayuno. Tu instructor\u00a0experto\u00a0te\u00a0ense\u00f1ar\u00e1\u00a0los\u00a0conceptos\u00a0b\u00e1sicos\u00a0del paddleboarding\u00a0en\u00a0un\u00a0entorno\u00a0seguro\u00a0y\u00a0divertido,\u00a0despu\u00e9s\u00a0te\u00a0lanzar\u00e1s\u00a0al mar\u00a0mientras\u00a0el\u00a0sol sale\u00a0sobre\u00a0el\u00a0horizonte\u00a0de R\u00edo de Janeiro, con\u00a0una\u00a0c\u00e1mara\u00a0dron\u00a0capturando\u00a0cada\u00a0momento\u00a0para que\u00a0puedas\u00a0atesorar\u00a0los\u00a0recuerdos\u00a0para\u00a0siempre. Despu\u00e9s de tu aventura acu\u00e1tica, te deleitar\u00e1s con una exquisita variedad de pasteles horneados y frutas ex\u00f3ticas en el Hotel Fairmont. Exclusivamente para titulares de tarjeta Mastercard.<\/p>\n","protected":false},"excerpt":{"rendered":"<p>D\u00e9jate\u00a0envolver\u00a0por\u00a0la\u00a0tranquilidad\u00a0de la playa de Copacabana con\u00a0una\u00a0experiencia\u00a0\u00fanica\u00a0de paddleboarding\u00a0m\u00e1s\u00a0desayuno. Tu instructor\u00a0experto\u00a0te\u00a0ense\u00f1ar\u00e1\u00a0los\u00a0conceptos\u00a0b\u00e1sicos\u00a0del paddleboarding\u00a0en\u00a0un\u00a0entorno\u00a0seguro\u00a0y\u00a0divertido,\u00a0despu\u00e9s\u00a0te\u00a0lanzar\u00e1s\u00a0al mar\u00a0mientras\u00a0el\u00a0sol sale\u00a0sobre\u00a0el\u00a0horizonte\u00a0de R\u00edo de Janeiro, con\u00a0una\u00a0c\u00e1mara\u00a0dron\u00a0capturando\u00a0cada\u00a0momento\u00a0para que\u00a0puedas\u00a0atesorar\u00a0los\u00a0recuerdos\u00a0para\u00a0siempre. Despu\u00e9s de tu aventura acu\u00e1tica, te deleitar\u00e1s con una exquisita variedad de pasteles horneados y frutas ex\u00f3ticas en el Hotel Fairmont. Exclusivamente para titulares de tarjeta Mastercard.<\/p>\n","protected":false},"featured_media":2035,"template":"","meta":{"_acf_changed":false,"inline_featured_image":false},"product_brand":[],"product_cat":[47],"product_tag":[],"class_list":{"0":"post-2785","1":"product","2":"type-product","3":"status-publish","4":"has-post-thumbnail","6":"product_cat-experiencias","8":"first","9":"instock","10":"virtual","11":"sold-individually","12":"purchasable","13":"product-type-booking"},"acf":[],"_links":{"self":[{"href":"https:\/\/smartlinks-web-pdn-priceless-latam.azurewebsites.net\/es\/wp-json\/wp\/v2\/product\/2785","targetHints":{"allow":["GET"]}}],"collection":[{"href":"https:\/\/smartlinks-web-pdn-priceless-latam.azurewebsites.net\/es\/wp-json\/wp\/v2\/product"}],"about":[{"href":"https:\/\/smartlinks-web-pdn-priceless-latam.azurewebsites.net\/es\/wp-json\/wp\/v2\/types\/product"}],"wp:featuredmedia":[{"embeddable":true,"href":"https:\/\/smartlinks-web-pdn-priceless-latam.azurewebsites.net\/es\/wp-json\/wp\/v2\/media\/2035"}],"wp:attachment":[{"href":"https:\/\/smartlinks-web-pdn-priceless-latam.azurewebsites.net\/es\/wp-json\/wp\/v2\/media?parent=2785"}],"wp:term":[{"taxonomy":"product_brand","embeddable":true,"href":"https:\/\/smartlinks-web-pdn-priceless-latam.azurewebsites.net\/es\/wp-json\/wp\/v2\/product_brand?post=2785"},{"taxonomy":"product_cat","embeddable":true,"href":"https:\/\/smartlinks-web-pdn-priceless-latam.azurewebsites.net\/es\/wp-json\/wp\/v2\/product_cat?post=2785"},{"taxonomy":"product_tag","embeddable":true,"href":"https:\/\/smartlinks-web-pdn-priceless-latam.azurewebsites.net\/es\/wp-json\/wp\/v2\/product_tag?post=2785"}],"curies":[{"name":"wp","href":"https:\/\/api.w.org\/{rel}","templated":true}]}}