{"id":2789,"date":"2024-11-05T16:52:29","date_gmt":"2024-11-05T21:52:29","guid":{"rendered":"https:\/\/experienciaslatam.com\/?post_type=product&#038;p=2789"},"modified":"2025-04-29T11:07:53","modified_gmt":"2025-04-29T16:07:53","slug":"descubre-el-deslumbrante-paisaje-de-rio-de-janeiro-en-un-exclusivo-tour-en-barco","status":"publish","type":"product","link":"https:\/\/smartlinks-web-pdn-priceless-latam.azurewebsites.net\/es\/experiencias\/descubre-el-deslumbrante-paisaje-de-rio-de-janeiro-en-un-exclusivo-tour-en-barco\/","title":{"rendered":"Pasea a trav\u00e9s de los siglos en un paseo en barco por R\u00edo de Janeiro"},"content":{"rendered":"<p>Contempla el impresionante paisaje de R\u00edo de Janeiro durante un exclusivo crucero de cuatro horas por la Bah\u00eda de Guanabara con Blumar. Partir\u00e1s desde la Marina da Gl\u00f3ria y disfrutar\u00e1s de la pintoresca costa de R\u00edo que ha sido reconocida como sitio de Patrimonio Mundial de la UNESCO, gracias a las espectaculares monta\u00f1as de la Selva Atl\u00e1ntica y a los impresionantes puntos de referencia. Conocer\u00e1s siglos de historia y cultura local y te deleitar\u00e1s con un servicio de catering de lujo que incluye exquisitos bocados, champ\u00e1n, c\u00f3cteles y m\u00e1s, con paradas para nadar cerca del Pan de Az\u00facar y otros lugares ic\u00f3nicos. Adem\u00e1s, disfrutar\u00e1s de la m\u00fasica de un DJ en vivo y de un talentoso saxofonista mientras contemplas una impresionante puesta de sol desde el centro de la bah\u00eda. Exclusivamente para titulares de tarjetas Mastercard.<\/p>\n","protected":false},"excerpt":{"rendered":"<p>Contempla el impresionante paisaje de R\u00edo de Janeiro durante un exclusivo crucero de cuatro horas por la Bah\u00eda de Guanabara con Blumar. Partir\u00e1s desde la Marina da Gl\u00f3ria y disfrutar\u00e1s de la pintoresca costa de R\u00edo que ha sido reconocida como sitio de Patrimonio Mundial de la UNESCO, gracias a las espectaculares monta\u00f1as de la [&hellip;]<\/p>\n","protected":false},"featured_media":2085,"template":"","meta":{"_acf_changed":false,"inline_featured_image":false},"product_brand":[],"product_cat":[47],"product_tag":[],"class_list":{"0":"post-2789","1":"product","2":"type-product","3":"status-publish","4":"has-post-thumbnail","6":"product_cat-experiencias","8":"first","9":"instock","10":"sold-individually","11":"shipping-taxable","12":"purchasable","13":"product-type-booking"},"acf":[],"_links":{"self":[{"href":"https:\/\/smartlinks-web-pdn-priceless-latam.azurewebsites.net\/es\/wp-json\/wp\/v2\/product\/2789","targetHints":{"allow":["GET"]}}],"collection":[{"href":"https:\/\/smartlinks-web-pdn-priceless-latam.azurewebsites.net\/es\/wp-json\/wp\/v2\/product"}],"about":[{"href":"https:\/\/smartlinks-web-pdn-priceless-latam.azurewebsites.net\/es\/wp-json\/wp\/v2\/types\/product"}],"wp:featuredmedia":[{"embeddable":true,"href":"https:\/\/smartlinks-web-pdn-priceless-latam.azurewebsites.net\/es\/wp-json\/wp\/v2\/media\/2085"}],"wp:attachment":[{"href":"https:\/\/smartlinks-web-pdn-priceless-latam.azurewebsites.net\/es\/wp-json\/wp\/v2\/media?parent=2789"}],"wp:term":[{"taxonomy":"product_brand","embeddable":true,"href":"https:\/\/smartlinks-web-pdn-priceless-latam.azurewebsites.net\/es\/wp-json\/wp\/v2\/product_brand?post=2789"},{"taxonomy":"product_cat","embeddable":true,"href":"https:\/\/smartlinks-web-pdn-priceless-latam.azurewebsites.net\/es\/wp-json\/wp\/v2\/product_cat?post=2789"},{"taxonomy":"product_tag","embeddable":true,"href":"https:\/\/smartlinks-web-pdn-priceless-latam.azurewebsites.net\/es\/wp-json\/wp\/v2\/product_tag?post=2789"}],"curies":[{"name":"wp","href":"https:\/\/api.w.org\/{rel}","templated":true}]}}