{"id":2796,"date":"2024-11-06T10:34:11","date_gmt":"2024-11-06T15:34:11","guid":{"rendered":"https:\/\/experienciaslatam.com\/?post_type=product&#038;p=2796"},"modified":"2025-04-29T16:08:31","modified_gmt":"2025-04-29T21:08:31","slug":"realiza-un-recorrido-del-grano-a-la-barra-en-una-fabrica-artesanal-de-chocolate-en-sao-paulo","status":"publish","type":"product","link":"https:\/\/smartlinks-web-pdn-priceless-latam.azurewebsites.net\/es\/experiencias\/realiza-un-recorrido-del-grano-a-la-barra-en-una-fabrica-artesanal-de-chocolate-en-sao-paulo\/","title":{"rendered":"Realiza un recorrido del grano a la barra en una f\u00e1brica artesanal de chocolate en S\u00e3o Paulo"},"content":{"rendered":"<p>Disfruta de una noche fascinante y deliciosa aprendiendo y degustando chocolate con una masterclass interactiva en la F\u00e1brica de Chocolate Dengo. Comenzar\u00e1s con un recorrido por el espacio moderno de varios niveles, mientras un experto te gu\u00eda a trav\u00e9s del proceso de fabricaci\u00f3n del chocolate, desde el grano hasta la barra. Luego, prueba un grano de cacao original cubierto de chocolate antes de crear tu propia barra personalizada seleccionando ingredientes, contenido de cacao y forma. Tambi\u00e9n recibir\u00e1s una bufanda Dengo vers\u00e1til y elegante, as\u00ed como un juego de posavasos artesanales como recuerdos. Exclusivamente para titulares de tarjetas Mastercard.<\/p>\n","protected":false},"excerpt":{"rendered":"<p>Disfruta de una noche fascinante y deliciosa aprendiendo y degustando chocolate con una masterclass interactiva en la F\u00e1brica de Chocolate Dengo. Comenzar\u00e1s con un recorrido por el espacio moderno de varios niveles, mientras un experto te gu\u00eda a trav\u00e9s del proceso de fabricaci\u00f3n del chocolate, desde el grano hasta la barra. Luego, prueba un grano [&hellip;]<\/p>\n","protected":false},"featured_media":2351,"template":"","meta":{"_acf_changed":false,"inline_featured_image":false},"product_brand":[],"product_cat":[47],"product_tag":[],"class_list":{"0":"post-2796","1":"product","2":"type-product","3":"status-publish","4":"has-post-thumbnail","6":"product_cat-experiencias","8":"first","9":"instock","10":"sold-individually","11":"shipping-taxable","12":"purchasable","13":"product-type-booking"},"acf":[],"_links":{"self":[{"href":"https:\/\/smartlinks-web-pdn-priceless-latam.azurewebsites.net\/es\/wp-json\/wp\/v2\/product\/2796","targetHints":{"allow":["GET"]}}],"collection":[{"href":"https:\/\/smartlinks-web-pdn-priceless-latam.azurewebsites.net\/es\/wp-json\/wp\/v2\/product"}],"about":[{"href":"https:\/\/smartlinks-web-pdn-priceless-latam.azurewebsites.net\/es\/wp-json\/wp\/v2\/types\/product"}],"wp:featuredmedia":[{"embeddable":true,"href":"https:\/\/smartlinks-web-pdn-priceless-latam.azurewebsites.net\/es\/wp-json\/wp\/v2\/media\/2351"}],"wp:attachment":[{"href":"https:\/\/smartlinks-web-pdn-priceless-latam.azurewebsites.net\/es\/wp-json\/wp\/v2\/media?parent=2796"}],"wp:term":[{"taxonomy":"product_brand","embeddable":true,"href":"https:\/\/smartlinks-web-pdn-priceless-latam.azurewebsites.net\/es\/wp-json\/wp\/v2\/product_brand?post=2796"},{"taxonomy":"product_cat","embeddable":true,"href":"https:\/\/smartlinks-web-pdn-priceless-latam.azurewebsites.net\/es\/wp-json\/wp\/v2\/product_cat?post=2796"},{"taxonomy":"product_tag","embeddable":true,"href":"https:\/\/smartlinks-web-pdn-priceless-latam.azurewebsites.net\/es\/wp-json\/wp\/v2\/product_tag?post=2796"}],"curies":[{"name":"wp","href":"https:\/\/api.w.org\/{rel}","templated":true}]}}