{"id":3042,"date":"2024-11-14T17:51:32","date_gmt":"2024-11-14T22:51:32","guid":{"rendered":"https:\/\/experienciaslatam.com\/?post_type=product&#038;p=3042"},"modified":"2024-11-15T19:41:36","modified_gmt":"2024-11-16T00:41:36","slug":"vip-futbol-monumental-argentina","status":"publish","type":"product","link":"https:\/\/smartlinks-web-pdn-priceless-latam.azurewebsites.net\/es\/experiencias\/vip-futbol-monumental-argentina\/","title":{"rendered":"Observa el calentamiento junto a una leyenda antes de la final de la CONMEBOL Libertadores 2024"},"content":{"rendered":"<p><span data-contrast=\"auto\">Date el gusto de vivir una experiencia \u00fanica viendo a los jugadores calentar desde la cancha junto a una leyenda de la Libertadores en la final de la CONMEBOL Libertadores 2024 el 30 de noviembre. Te trasladar\u00e1s al estadio en un servicio de auto de lujo, donde te recibir\u00e1 un anfitri\u00f3n personal que te llevar\u00e1 al nivel de la cancha. All\u00ed podr\u00e1s ver el calentamiento y tomarte fotos con una leyenda de la Libertadores, minutos antes del inicio del partido. Luego, tu anfitri\u00f3n te acompa\u00f1ar\u00e1 a tus asientos premium, donde t\u00fa y tu acompa\u00f1ante podr\u00e1n ver a Atl\u00e9tico Mineiro competir contra Botafogo por el campeonato, gracias a boletos de cortes\u00eda incluidos en esta experiencia. Adem\u00e1s, recibir\u00e1s regalos especiales firmados por la leyenda. Exclusivo para titulares de tarjeta Mastercard.<\/span><span data-ccp-props=\"{&quot;134233117&quot;:false,&quot;134233118&quot;:false,&quot;335551550&quot;:6,&quot;335551620&quot;:6,&quot;335559738&quot;:240,&quot;335559739&quot;:240}\">\u00a0<\/span><\/p>\n<p><b><span data-contrast=\"auto\">\u00bfQu\u00e9 es priceless?<\/span><\/b><span data-ccp-props=\"{&quot;134233117&quot;:false,&quot;134233118&quot;:false,&quot;201341983&quot;:0,&quot;335551550&quot;:6,&quot;335551620&quot;:6,&quot;335559685&quot;:0,&quot;335559737&quot;:0,&quot;335559738&quot;:240,&quot;335559739&quot;:240,&quot;335559740&quot;:279}\">\u00a0<\/span><\/p>\n<p><span data-contrast=\"auto\">Estar al borde de la cancha charlando de f\u00fatbol con una leyenda de la Libertadores antes de la final de la CONMEBOL Libertadores 2024.<\/span><span data-ccp-props=\"{&quot;134233117&quot;:false,&quot;134233118&quot;:false,&quot;335551550&quot;:6,&quot;335551620&quot;:6,&quot;335559738&quot;:240,&quot;335559739&quot;:240}\">\u00a0<\/span><\/p>\n","protected":false},"excerpt":{"rendered":"<p>Date el gusto de vivir una experiencia \u00fanica viendo a los jugadores calentar desde la cancha junto a una leyenda de la Libertadores en la final de la CONMEBOL Libertadores 2024 el 30 de noviembre. Te trasladar\u00e1s al estadio en un servicio de auto de lujo, donde te recibir\u00e1 un anfitri\u00f3n personal que te llevar\u00e1 [&hellip;]<\/p>\n","protected":false},"featured_media":3048,"template":"","meta":{"_acf_changed":false,"inline_featured_image":false},"product_brand":[],"product_cat":[47,55],"product_tag":[],"class_list":{"0":"post-3042","1":"product","2":"type-product","3":"status-publish","4":"has-post-thumbnail","6":"product_cat-experiencias","7":"product_cat-libertadoresla","9":"first","10":"outofstock","11":"sold-individually","12":"shipping-taxable","13":"purchasable","14":"product-type-variable","15":"has-default-attributes"},"acf":[],"_links":{"self":[{"href":"https:\/\/smartlinks-web-pdn-priceless-latam.azurewebsites.net\/es\/wp-json\/wp\/v2\/product\/3042","targetHints":{"allow":["GET"]}}],"collection":[{"href":"https:\/\/smartlinks-web-pdn-priceless-latam.azurewebsites.net\/es\/wp-json\/wp\/v2\/product"}],"about":[{"href":"https:\/\/smartlinks-web-pdn-priceless-latam.azurewebsites.net\/es\/wp-json\/wp\/v2\/types\/product"}],"wp:featuredmedia":[{"embeddable":true,"href":"https:\/\/smartlinks-web-pdn-priceless-latam.azurewebsites.net\/es\/wp-json\/wp\/v2\/media\/3048"}],"wp:attachment":[{"href":"https:\/\/smartlinks-web-pdn-priceless-latam.azurewebsites.net\/es\/wp-json\/wp\/v2\/media?parent=3042"}],"wp:term":[{"taxonomy":"product_brand","embeddable":true,"href":"https:\/\/smartlinks-web-pdn-priceless-latam.azurewebsites.net\/es\/wp-json\/wp\/v2\/product_brand?post=3042"},{"taxonomy":"product_cat","embeddable":true,"href":"https:\/\/smartlinks-web-pdn-priceless-latam.azurewebsites.net\/es\/wp-json\/wp\/v2\/product_cat?post=3042"},{"taxonomy":"product_tag","embeddable":true,"href":"https:\/\/smartlinks-web-pdn-priceless-latam.azurewebsites.net\/es\/wp-json\/wp\/v2\/product_tag?post=3042"}],"curies":[{"name":"wp","href":"https:\/\/api.w.org\/{rel}","templated":true}]}}