{"id":3077,"date":"2024-11-14T18:58:59","date_gmt":"2024-11-14T23:58:59","guid":{"rendered":"https:\/\/experienciaslatam.com\/?post_type=product&#038;p=3077"},"modified":"2024-11-15T19:45:54","modified_gmt":"2024-11-16T00:45:54","slug":"palermo-casa-cavia-tour-exclusivo","status":"publish","type":"product","link":"https:\/\/smartlinks-web-pdn-priceless-latam.azurewebsites.net\/es\/experiencias\/palermo-casa-cavia-tour-exclusivo\/","title":{"rendered":"Celebra la CONMEBOL Libertadores 2024 con el Tour por la Ciudad de Buenos Aires Norte"},"content":{"rendered":"<p><span data-contrast=\"auto\">Profundiza tu apreciaci\u00f3n por la ciudad anfitriona de la final de la CONMEBOL Libertadores 2024 con el Tour por la Ciudad de Buenos Aires Norte el 29 de noviembre de 2024. T\u00fa y un acompa\u00f1ante comenzar\u00e1n la experiencia en el Museo CONMEBOL, donde disfrutar\u00e1n de actividades especiales antes de su apertura al p\u00fablico. Luego, visitar\u00e1n sitios ic\u00f3nicos como el Paseo El Rosedal, el exclusivo barrio Palermo Chico y la famosa zona de embajadas. El tour concluir\u00e1 con un almuerzo gourmet en Casa Cavia, un restaurante de lujo ubicado en una mansi\u00f3n elegante. Adem\u00e1s, recibir\u00e1n algunos regalos exclusivos de CONMEBOL para llevar a casa. Exclusivo para titulares de tarjetas Mastercard.<\/span><span data-ccp-props=\"{&quot;134233117&quot;:false,&quot;134233118&quot;:false,&quot;335551550&quot;:6,&quot;335551620&quot;:6,&quot;335559738&quot;:240,&quot;335559739&quot;:240}\">\u00a0<\/span><\/p>\n<p><b><span data-contrast=\"auto\">\u00bfQu\u00e9 es priceless?<\/span><\/b><span data-ccp-props=\"{&quot;134233117&quot;:false,&quot;134233118&quot;:false,&quot;335551550&quot;:6,&quot;335551620&quot;:6,&quot;335559738&quot;:240,&quot;335559739&quot;:240}\">\u00a0<\/span><\/p>\n<p><span data-contrast=\"auto\">Potenciar tu disfrute de la Libertadores con una aventura futbol\u00edstica en Buenos Aires junto a otro fan\u00e1tico.<\/span><span data-ccp-props=\"{&quot;134233117&quot;:false,&quot;134233118&quot;:false,&quot;335551550&quot;:6,&quot;335551620&quot;:6,&quot;335559738&quot;:240,&quot;335559739&quot;:240}\">\u00a0<\/span><\/p>\n","protected":false},"excerpt":{"rendered":"<p>Profundiza tu apreciaci\u00f3n por la ciudad anfitriona de la final de la CONMEBOL Libertadores 2024 con el Tour por la Ciudad de Buenos Aires Norte el 29 de noviembre de 2024. T\u00fa y un acompa\u00f1ante comenzar\u00e1n la experiencia en el Museo CONMEBOL, donde disfrutar\u00e1n de actividades especiales antes de su apertura al p\u00fablico. Luego, visitar\u00e1n [&hellip;]<\/p>\n","protected":false},"featured_media":3083,"template":"","meta":{"_acf_changed":false,"inline_featured_image":false},"product_brand":[],"product_cat":[47,55],"product_tag":[],"class_list":{"0":"post-3077","1":"product","2":"type-product","3":"status-publish","4":"has-post-thumbnail","6":"product_cat-experiencias","7":"product_cat-libertadoresla","9":"first","10":"instock","11":"sold-individually","12":"shipping-taxable","13":"purchasable","14":"product-type-variable"},"acf":[],"_links":{"self":[{"href":"https:\/\/smartlinks-web-pdn-priceless-latam.azurewebsites.net\/es\/wp-json\/wp\/v2\/product\/3077","targetHints":{"allow":["GET"]}}],"collection":[{"href":"https:\/\/smartlinks-web-pdn-priceless-latam.azurewebsites.net\/es\/wp-json\/wp\/v2\/product"}],"about":[{"href":"https:\/\/smartlinks-web-pdn-priceless-latam.azurewebsites.net\/es\/wp-json\/wp\/v2\/types\/product"}],"wp:featuredmedia":[{"embeddable":true,"href":"https:\/\/smartlinks-web-pdn-priceless-latam.azurewebsites.net\/es\/wp-json\/wp\/v2\/media\/3083"}],"wp:attachment":[{"href":"https:\/\/smartlinks-web-pdn-priceless-latam.azurewebsites.net\/es\/wp-json\/wp\/v2\/media?parent=3077"}],"wp:term":[{"taxonomy":"product_brand","embeddable":true,"href":"https:\/\/smartlinks-web-pdn-priceless-latam.azurewebsites.net\/es\/wp-json\/wp\/v2\/product_brand?post=3077"},{"taxonomy":"product_cat","embeddable":true,"href":"https:\/\/smartlinks-web-pdn-priceless-latam.azurewebsites.net\/es\/wp-json\/wp\/v2\/product_cat?post=3077"},{"taxonomy":"product_tag","embeddable":true,"href":"https:\/\/smartlinks-web-pdn-priceless-latam.azurewebsites.net\/es\/wp-json\/wp\/v2\/product_tag?post=3077"}],"curies":[{"name":"wp","href":"https:\/\/api.w.org\/{rel}","templated":true}]}}