{"id":3116,"date":"2024-11-14T19:34:12","date_gmt":"2024-11-15T00:34:12","guid":{"rendered":"https:\/\/experienciaslatam.com\/?post_type=product&#038;p=3116"},"modified":"2024-11-15T20:19:54","modified_gmt":"2024-11-16T01:19:54","slug":"tour-lujo-privado-buenos-aires","status":"publish","type":"product","link":"https:\/\/smartlinks-web-pdn-priceless-latam.azurewebsites.net\/es\/experiencias\/tour-lujo-privado-buenos-aires\/","title":{"rendered":"Acompa\u00f1a la final de la CONMEBOL Libertadores 2024 con un tour a pie por Buenos Aires"},"content":{"rendered":"<p><span data-contrast=\"auto\">Durante tu visita a Buenos Aires para la final de la CONMEBOL Libertadores 2024, recorre a pie los edificios hist\u00f3ricos m\u00e1s emblem\u00e1ticos de la ciudad el [fecha pendiente] de noviembre. Tu gu\u00eda experto compartir\u00e1 historias fascinantes mientras exploras el Teatro Col\u00f3n, una joya del mundo de la \u00f3pera; la majestuosa Casa Rosada; y el ic\u00f3nico Obelisco, que conmemora la fundaci\u00f3n de la ciudad. Tambi\u00e9n recibir\u00e1s un exclusivo obsequio de la CONMEBOL para llevarte a casa. Exclusivo para titulares de tarjetas Mastercard.<\/span><span data-ccp-props=\"{&quot;134233117&quot;:false,&quot;134233118&quot;:false,&quot;335559738&quot;:240,&quot;335559739&quot;:240}\">\u00a0<\/span><\/p>\n<p><b><span data-contrast=\"auto\">\u00bfQu\u00e9 es priceless?<\/span><\/b><span data-ccp-props=\"{&quot;134233117&quot;:false,&quot;134233118&quot;:false,&quot;335559738&quot;:240,&quot;335559739&quot;:240}\">\u00a0<\/span><\/p>\n<p><span data-contrast=\"auto\">Contemplar el majestuoso interior de uno de los teatros de \u00f3pera m\u00e1s grandiosos del mundo en un tour a pie junto a otro amante de la historia.<\/span><\/p>\n","protected":false},"excerpt":{"rendered":"<p>Durante tu visita a Buenos Aires para la final de la CONMEBOL Libertadores 2024, recorre a pie los edificios hist\u00f3ricos m\u00e1s emblem\u00e1ticos de la ciudad el [fecha pendiente] de noviembre. Tu gu\u00eda experto compartir\u00e1 historias fascinantes mientras exploras el Teatro Col\u00f3n, una joya del mundo de la \u00f3pera; la majestuosa Casa Rosada; y el ic\u00f3nico [&hellip;]<\/p>\n","protected":false},"featured_media":3133,"template":"","meta":{"_acf_changed":false,"inline_featured_image":false},"product_brand":[],"product_cat":[47,55],"product_tag":[],"class_list":{"0":"post-3116","1":"product","2":"type-product","3":"status-publish","4":"has-post-thumbnail","6":"product_cat-experiencias","7":"product_cat-libertadoresla","9":"first","10":"instock","11":"sold-individually","12":"shipping-taxable","13":"purchasable","14":"product-type-variable","15":"has-default-attributes"},"acf":[],"_links":{"self":[{"href":"https:\/\/smartlinks-web-pdn-priceless-latam.azurewebsites.net\/es\/wp-json\/wp\/v2\/product\/3116","targetHints":{"allow":["GET"]}}],"collection":[{"href":"https:\/\/smartlinks-web-pdn-priceless-latam.azurewebsites.net\/es\/wp-json\/wp\/v2\/product"}],"about":[{"href":"https:\/\/smartlinks-web-pdn-priceless-latam.azurewebsites.net\/es\/wp-json\/wp\/v2\/types\/product"}],"wp:featuredmedia":[{"embeddable":true,"href":"https:\/\/smartlinks-web-pdn-priceless-latam.azurewebsites.net\/es\/wp-json\/wp\/v2\/media\/3133"}],"wp:attachment":[{"href":"https:\/\/smartlinks-web-pdn-priceless-latam.azurewebsites.net\/es\/wp-json\/wp\/v2\/media?parent=3116"}],"wp:term":[{"taxonomy":"product_brand","embeddable":true,"href":"https:\/\/smartlinks-web-pdn-priceless-latam.azurewebsites.net\/es\/wp-json\/wp\/v2\/product_brand?post=3116"},{"taxonomy":"product_cat","embeddable":true,"href":"https:\/\/smartlinks-web-pdn-priceless-latam.azurewebsites.net\/es\/wp-json\/wp\/v2\/product_cat?post=3116"},{"taxonomy":"product_tag","embeddable":true,"href":"https:\/\/smartlinks-web-pdn-priceless-latam.azurewebsites.net\/es\/wp-json\/wp\/v2\/product_tag?post=3116"}],"curies":[{"name":"wp","href":"https:\/\/api.w.org\/{rel}","templated":true}]}}