{"id":3633,"date":"2024-11-22T13:32:22","date_gmt":"2024-11-22T18:32:22","guid":{"rendered":"https:\/\/experienciaslatam.com\/?post_type=product&#038;p=3633"},"modified":"2025-10-02T12:20:13","modified_gmt":"2025-10-02T17:20:13","slug":"navega-por-el-rio-de-la-plata-con-vino-y-charcuteria","status":"publish","type":"product","link":"https:\/\/smartlinks-web-pdn-priceless-latam.azurewebsites.net\/es\/experiencias\/navega-por-el-rio-de-la-plata-con-vino-y-charcuteria\/","title":{"rendered":"Navega por el R\u00edo de la Plata con vino y charcuter\u00eda"},"content":{"rendered":"<p><span class=\"TextRun SCXW99399853 BCX0\" lang=\"ES-ES\" xml:lang=\"ES-ES\" data-contrast=\"auto\"><span class=\"NormalTextRun SCXW99399853 BCX0\">Sube a un velero privado en la Marina de N\u00fa\u00f1ez en Buenos Aires para un relajado paseo por el R\u00edo de la Plata. Tu grupo podr\u00e1 relajarse en las cubiertas, charlando y disfrutando de quesos y embutidos gourmet mientras degustan un excelente vino tinto o bebidas refrescantes sin alcohol, todo mientras admiran las vistas panor\u00e1micas. Estar\u00e1s acompa\u00f1ado por el capit\u00e1n y la tripulaci\u00f3n experimentados y atentos del barco, quienes recomiendan un paseo al atardecer para disfrutar de vistas incre\u00edbles de Buenos Aires al anochecer. Adem\u00e1s, recibir\u00e1s una botella de <\/span><span class=\"NormalTextRun SpellingErrorV2Themed SCXW99399853 BCX0\">malbec<\/span><span class=\"NormalTextRun SCXW99399853 BCX0\"> como regalo. Exclusivo para tarjetahabientes de <\/span><span class=\"NormalTextRun SpellingErrorV2Themed SCXW99399853 BCX0\">Mastercard<\/span><span class=\"NormalTextRun SCXW99399853 BCX0\">.<\/span><\/span><span class=\"EOP SCXW99399853 BCX0\" data-ccp-props=\"{&quot;134233117&quot;:false,&quot;134233118&quot;:false,&quot;335551550&quot;:6,&quot;335551620&quot;:6,&quot;335559738&quot;:240,&quot;335559739&quot;:240}\">\u00a0<\/span><\/p>\n","protected":false},"excerpt":{"rendered":"<p>Sube a un velero privado en la Marina de N\u00fa\u00f1ez en Buenos Aires para un relajado paseo por el R\u00edo de la Plata. Tu grupo podr\u00e1 relajarse en las cubiertas, charlando y disfrutando de quesos y embutidos gourmet mientras degustan un excelente vino tinto o bebidas refrescantes sin alcohol, todo mientras admiran las vistas panor\u00e1micas. [&hellip;]<\/p>\n","protected":false},"featured_media":3609,"template":"","meta":{"_acf_changed":false,"inline_featured_image":false},"product_brand":[],"product_cat":[47],"product_tag":[],"class_list":{"0":"post-3633","1":"product","2":"type-product","3":"status-publish","4":"has-post-thumbnail","6":"product_cat-experiencias","8":"first","9":"instock","10":"virtual","11":"sold-individually","12":"purchasable","13":"product-type-booking"},"acf":[],"_links":{"self":[{"href":"https:\/\/smartlinks-web-pdn-priceless-latam.azurewebsites.net\/es\/wp-json\/wp\/v2\/product\/3633","targetHints":{"allow":["GET"]}}],"collection":[{"href":"https:\/\/smartlinks-web-pdn-priceless-latam.azurewebsites.net\/es\/wp-json\/wp\/v2\/product"}],"about":[{"href":"https:\/\/smartlinks-web-pdn-priceless-latam.azurewebsites.net\/es\/wp-json\/wp\/v2\/types\/product"}],"wp:featuredmedia":[{"embeddable":true,"href":"https:\/\/smartlinks-web-pdn-priceless-latam.azurewebsites.net\/es\/wp-json\/wp\/v2\/media\/3609"}],"wp:attachment":[{"href":"https:\/\/smartlinks-web-pdn-priceless-latam.azurewebsites.net\/es\/wp-json\/wp\/v2\/media?parent=3633"}],"wp:term":[{"taxonomy":"product_brand","embeddable":true,"href":"https:\/\/smartlinks-web-pdn-priceless-latam.azurewebsites.net\/es\/wp-json\/wp\/v2\/product_brand?post=3633"},{"taxonomy":"product_cat","embeddable":true,"href":"https:\/\/smartlinks-web-pdn-priceless-latam.azurewebsites.net\/es\/wp-json\/wp\/v2\/product_cat?post=3633"},{"taxonomy":"product_tag","embeddable":true,"href":"https:\/\/smartlinks-web-pdn-priceless-latam.azurewebsites.net\/es\/wp-json\/wp\/v2\/product_tag?post=3633"}],"curies":[{"name":"wp","href":"https:\/\/api.w.org\/{rel}","templated":true}]}}