{"id":3640,"date":"2024-11-22T16:53:34","date_gmt":"2024-11-22T21:53:34","guid":{"rendered":"https:\/\/experienciaslatam.com\/?post_type=product&#038;p=3640"},"modified":"2025-05-06T17:56:49","modified_gmt":"2025-05-06T22:56:49","slug":"conectate-con-artistas-mientras-disfrutas-de-vino-y-charcuteria-en-su-estudio-de-santiago","status":"publish","type":"product","link":"https:\/\/smartlinks-web-pdn-priceless-latam.azurewebsites.net\/es\/experiencias\/conectate-con-artistas-mientras-disfrutas-de-vino-y-charcuteria-en-su-estudio-de-santiago\/","title":{"rendered":"Con\u00e9ctate con artistas mientras disfrutas de vino y charcuter\u00eda en su estudio de Santiago"},"content":{"rendered":"<p><span class=\"TextRun SCXW118699193 BCX0\" lang=\"EN-US\" xml:lang=\"EN-US\" data-contrast=\"auto\"><span class=\"NormalTextRun SpellingErrorV2Themed SCXW118699193 BCX0\">Socializa<\/span><span class=\"NormalTextRun SCXW118699193 BCX0\"> con <\/span><span class=\"NormalTextRun SpellingErrorV2Themed SCXW118699193 BCX0\">artistas<\/span><span class=\"NormalTextRun SCXW118699193 BCX0\"> y <\/span><span class=\"NormalTextRun SpellingErrorV2Themed SCXW118699193 BCX0\">marav\u00edllate<\/span><span class=\"NormalTextRun SCXW118699193 BCX0\"> con <\/span><span class=\"NormalTextRun SpellingErrorV2Themed SCXW118699193 BCX0\">su<\/span> <span class=\"NormalTextRun SpellingErrorV2Themed SCXW118699193 BCX0\">trabajo<\/span> <span class=\"NormalTextRun SpellingErrorV2Themed SCXW118699193 BCX0\">en<\/span> <span class=\"NormalTextRun SpellingErrorV2Themed SCXW118699193 BCX0\">su<\/span> <span class=\"NormalTextRun SpellingErrorV2Themed SCXW118699193 BCX0\">estudio<\/span><span class=\"NormalTextRun SCXW118699193 BCX0\"> de Santiago. <\/span><span class=\"NormalTextRun SpellingErrorV2Themed SCXW118699193 BCX0\">Comenzar\u00e1s<\/span> <span class=\"NormalTextRun SpellingErrorV2Themed SCXW118699193 BCX0\">en<\/span><span class=\"NormalTextRun SCXW118699193 BCX0\"> la <\/span><span class=\"NormalTextRun SpellingErrorV2Themed SCXW118699193 BCX0\">galer\u00eda<\/span><span class=\"NormalTextRun SCXW118699193 BCX0\"> de Taller PAN, que <\/span><span class=\"NormalTextRun SpellingErrorV2Themed SCXW118699193 BCX0\">alguna<\/span> <span class=\"NormalTextRun SpellingErrorV2Themed SCXW118699193 BCX0\">vez<\/span> <span class=\"NormalTextRun SpellingErrorV2Themed SCXW118699193 BCX0\">fue<\/span> <span class=\"NormalTextRun SpellingErrorV2Themed SCXW118699193 BCX0\">el<\/span><span class=\"NormalTextRun SCXW118699193 BCX0\"> garage de <\/span><span class=\"NormalTextRun SpellingErrorV2Themed SCXW118699193 BCX0\">una<\/span> <span class=\"NormalTextRun SpellingErrorV2Themed SCXW118699193 BCX0\">panader\u00eda<\/span><span class=\"NormalTextRun SCXW118699193 BCX0\"> de <\/span><span class=\"NormalTextRun SpellingErrorV2Themed SCXW118699193 BCX0\">los<\/span> <span class=\"NormalTextRun SpellingErrorV2Themed SCXW118699193 BCX0\">a\u00f1os<\/span><span class=\"NormalTextRun SCXW118699193 BCX0\"> 20. <\/span><span class=\"NormalTextRun SpellingErrorV2Themed SCXW118699193 BCX0\">Estudiar\u00e1s<\/span><span class=\"NormalTextRun SCXW118699193 BCX0\"> las <\/span><span class=\"NormalTextRun SpellingErrorV2Themed SCXW118699193 BCX0\">obras<\/span> <span class=\"NormalTextRun SpellingErrorV2Themed SCXW118699193 BCX0\">exhibidas<\/span><span class=\"NormalTextRun SCXW118699193 BCX0\"> de <\/span><span class=\"NormalTextRun SpellingErrorV2Themed SCXW118699193 BCX0\">los<\/span><span class=\"NormalTextRun SCXW118699193 BCX0\"> 13 <\/span><span class=\"NormalTextRun SpellingErrorV2Themed SCXW118699193 BCX0\">incre\u00edbles<\/span> <span class=\"NormalTextRun SpellingErrorV2Themed SCXW118699193 BCX0\">artistas<\/span> <span class=\"NormalTextRun SpellingErrorV2Themed SCXW118699193 BCX0\">residentes<\/span><span class=\"NormalTextRun SCXW118699193 BCX0\"> del <\/span><span class=\"NormalTextRun SpellingErrorV2Themed SCXW118699193 BCX0\">estudio<\/span><span class=\"NormalTextRun SCXW118699193 BCX0\">, luego <\/span><span class=\"NormalTextRun SpellingErrorV2Themed SCXW118699193 BCX0\">te<\/span> <span class=\"NormalTextRun SpellingErrorV2Themed SCXW118699193 BCX0\">dirigir\u00e1s<\/span><span class=\"NormalTextRun SCXW118699193 BCX0\"> al <\/span><span class=\"NormalTextRun SpellingErrorV2Themed SCXW118699193 BCX0\">espacio<\/span><span class=\"NormalTextRun SCXW118699193 BCX0\"> de taller del <\/span><span class=\"NormalTextRun SpellingErrorV2Themed SCXW118699193 BCX0\">edificio<\/span><span class=\"NormalTextRun SCXW118699193 BCX0\"> para <\/span><span class=\"NormalTextRun SpellingErrorV2Themed SCXW118699193 BCX0\">tener<\/span><span class=\"NormalTextRun SCXW118699193 BCX0\"> un <\/span><span class=\"NormalTextRun SpellingErrorV2Themed SCXW118699193 BCX0\">vistazo<\/span><span class=\"NormalTextRun SCXW118699193 BCX0\"> de las <\/span><span class=\"NormalTextRun SpellingErrorV2Themed SCXW118699193 BCX0\">obras<\/span> <span class=\"NormalTextRun SpellingErrorV2Themed SCXW118699193 BCX0\">en<\/span> <span class=\"NormalTextRun SpellingErrorV2Themed SCXW118699193 BCX0\">progreso<\/span><span class=\"NormalTextRun SCXW118699193 BCX0\">. En <\/span><span class=\"NormalTextRun SpellingErrorV2Themed SCXW118699193 BCX0\">el<\/span> <span class=\"NormalTextRun SpellingErrorV2Themed SCXW118699193 BCX0\">estudio<\/span><span class=\"NormalTextRun SCXW118699193 BCX0\">, <\/span><span class=\"NormalTextRun SpellingErrorV2Themed SCXW118699193 BCX0\">te<\/span> <span class=\"NormalTextRun SpellingErrorV2Themed SCXW118699193 BCX0\">sentar\u00e1s<\/span><span class=\"NormalTextRun SCXW118699193 BCX0\"> con <\/span><span class=\"NormalTextRun SpellingErrorV2Themed SCXW118699193 BCX0\">los<\/span> <span class=\"NormalTextRun SpellingErrorV2Themed SCXW118699193 BCX0\">propios<\/span> <span class=\"NormalTextRun SpellingErrorV2Themed SCXW118699193 BCX0\">artistas<\/span><span class=\"NormalTextRun SCXW118699193 BCX0\"> para <\/span><span class=\"NormalTextRun SpellingErrorV2Themed SCXW118699193 BCX0\">discutir<\/span> <span class=\"NormalTextRun SpellingErrorV2Themed SCXW118699193 BCX0\">sobre<\/span><span class=\"NormalTextRun SCXW118699193 BCX0\"> sus <\/span><span class=\"NormalTextRun SpellingErrorV2Themed SCXW118699193 BCX0\">b\u00fasquedas<\/span> <span class=\"NormalTextRun SpellingErrorV2Themed SCXW118699193 BCX0\">creativas<\/span> <span class=\"NormalTextRun SpellingErrorV2Themed SCXW118699193 BCX0\">mientras<\/span> <span class=\"NormalTextRun SpellingErrorV2Themed SCXW118699193 BCX0\">disfrutas<\/span><span class=\"NormalTextRun SCXW118699193 BCX0\"> de vino y <\/span><span class=\"NormalTextRun SpellingErrorV2Themed SCXW118699193 BCX0\">una<\/span><span class=\"NormalTextRun SCXW118699193 BCX0\"> deliciosa <\/span><span class=\"NormalTextRun SpellingErrorV2Themed SCXW118699193 BCX0\">tabla<\/span><span class=\"NormalTextRun SCXW118699193 BCX0\"> de <\/span><span class=\"NormalTextRun SpellingErrorV2Themed SCXW118699193 BCX0\">charcuter\u00eda<\/span><span class=\"NormalTextRun SCXW118699193 BCX0\"> que <\/span><span class=\"NormalTextRun SpellingErrorV2Themed SCXW118699193 BCX0\">incluye<\/span> <span class=\"NormalTextRun SpellingErrorV2Themed SCXW118699193 BCX0\">una<\/span> <span class=\"NormalTextRun SpellingErrorV2Themed SCXW118699193 BCX0\">variedad<\/span><span class=\"NormalTextRun SCXW118699193 BCX0\"> de <\/span><span class=\"NormalTextRun SpellingErrorV2Themed SCXW118699193 BCX0\">quesos<\/span><span class=\"NormalTextRun SCXW118699193 BCX0\">, aceitunas rellenas, <\/span><span class=\"NormalTextRun SpellingErrorV2Themed SCXW118699193 BCX0\">salm\u00f3n<\/span> <span class=\"NormalTextRun SpellingErrorV2Themed SCXW118699193 BCX0\">ahumado<\/span><span class=\"NormalTextRun SCXW118699193 BCX0\">, <\/span><span class=\"NormalTextRun SpellingErrorV2Themed SCXW118699193 BCX0\">embutidos<\/span><span class=\"NormalTextRun SCXW118699193 BCX0\">, galletas y <\/span><span class=\"NormalTextRun SpellingErrorV2Themed SCXW118699193 BCX0\">frutas<\/span><span class=\"NormalTextRun SCXW118699193 BCX0\"> frescas y <\/span><span class=\"NormalTextRun SpellingErrorV2Themed SCXW118699193 BCX0\">secas<\/span><span class=\"NormalTextRun SCXW118699193 BCX0\">. <\/span><span class=\"NormalTextRun SpellingErrorV2Themed SCXW118699193 BCX0\">Exclusivamente<\/span><span class=\"NormalTextRun SCXW118699193 BCX0\"> para <\/span><span class=\"NormalTextRun SpellingErrorV2Themed SCXW118699193 BCX0\">titulares<\/span><span class=\"NormalTextRun SCXW118699193 BCX0\"> de Mastercard.<\/span><\/span><span class=\"EOP SCXW118699193 BCX0\" data-ccp-props=\"{&quot;134233117&quot;:false,&quot;134233118&quot;:false,&quot;335551550&quot;:6,&quot;335551620&quot;:6,&quot;335559738&quot;:240,&quot;335559739&quot;:240}\">\u00a0<\/span><\/p>\n","protected":false},"excerpt":{"rendered":"<p>Socializa con artistas y marav\u00edllate con su trabajo en su estudio de Santiago. Comenzar\u00e1s en la galer\u00eda de Taller PAN, que alguna vez fue el garage de una panader\u00eda de los a\u00f1os 20. Estudiar\u00e1s las obras exhibidas de los 13 incre\u00edbles artistas residentes del estudio, luego te dirigir\u00e1s al espacio de taller del edificio para [&hellip;]<\/p>\n","protected":false},"featured_media":3648,"template":"","meta":{"_acf_changed":false,"inline_featured_image":false},"product_brand":[],"product_cat":[47],"product_tag":[],"class_list":{"0":"post-3640","1":"product","2":"type-product","3":"status-publish","4":"has-post-thumbnail","6":"product_cat-experiencias","8":"first","9":"instock","10":"sold-individually","11":"shipping-taxable","12":"purchasable","13":"product-type-booking"},"acf":[],"_links":{"self":[{"href":"https:\/\/smartlinks-web-pdn-priceless-latam.azurewebsites.net\/es\/wp-json\/wp\/v2\/product\/3640","targetHints":{"allow":["GET"]}}],"collection":[{"href":"https:\/\/smartlinks-web-pdn-priceless-latam.azurewebsites.net\/es\/wp-json\/wp\/v2\/product"}],"about":[{"href":"https:\/\/smartlinks-web-pdn-priceless-latam.azurewebsites.net\/es\/wp-json\/wp\/v2\/types\/product"}],"wp:featuredmedia":[{"embeddable":true,"href":"https:\/\/smartlinks-web-pdn-priceless-latam.azurewebsites.net\/es\/wp-json\/wp\/v2\/media\/3648"}],"wp:attachment":[{"href":"https:\/\/smartlinks-web-pdn-priceless-latam.azurewebsites.net\/es\/wp-json\/wp\/v2\/media?parent=3640"}],"wp:term":[{"taxonomy":"product_brand","embeddable":true,"href":"https:\/\/smartlinks-web-pdn-priceless-latam.azurewebsites.net\/es\/wp-json\/wp\/v2\/product_brand?post=3640"},{"taxonomy":"product_cat","embeddable":true,"href":"https:\/\/smartlinks-web-pdn-priceless-latam.azurewebsites.net\/es\/wp-json\/wp\/v2\/product_cat?post=3640"},{"taxonomy":"product_tag","embeddable":true,"href":"https:\/\/smartlinks-web-pdn-priceless-latam.azurewebsites.net\/es\/wp-json\/wp\/v2\/product_tag?post=3640"}],"curies":[{"name":"wp","href":"https:\/\/api.w.org\/{rel}","templated":true}]}}