{"id":3679,"date":"2024-11-22T21:38:58","date_gmt":"2024-11-23T02:38:58","guid":{"rendered":"https:\/\/experienciaslatam.com\/?post_type=product&#038;p=3679"},"modified":"2024-11-28T09:04:22","modified_gmt":"2024-11-28T14:04:22","slug":"unete-a-una-famosa-disenadora-de-joyas-en-un-taller-en-su-estudio-de-bogota","status":"publish","type":"product","link":"https:\/\/smartlinks-web-pdn-priceless-latam.azurewebsites.net\/es\/experiencias\/unete-a-una-famosa-disenadora-de-joyas-en-un-taller-en-su-estudio-de-bogota\/","title":{"rendered":"\u00danete a una famosa dise\u00f1adora de joyas en un taller en su estudio de Bogot\u00e1."},"content":{"rendered":"<p><span class=\"TextRun SCXW245191561 BCX0\" lang=\"ES-CO\" xml:lang=\"ES-CO\" data-contrast=\"none\"><span class=\"NormalTextRun SCXW245191561 BCX0\">Sum\u00e9rgete en tu creatividad en un taller con la aclamada dise\u00f1adora de joyas Paula Mendoza, centrado en dise\u00f1ar creaciones que encarnen la esencia de la personalidad. Ser\u00e1s recibido en el ambiente \u00edntimo del taller de Mendoza, donde colaborar\u00e1s con la artista conocida por sus dise\u00f1os circulares que representan conexiones. Despu\u00e9s, hablar\u00e1s sobre el oficio con la profesional mientras disfrutas de una copa de vino o c\u00f3ctel y eliges una pieza de Mendoza para llevar a casa como un recuerdo preciado. Exclusivamente para titulares de tarjetas <\/span><span class=\"NormalTextRun SpellingErrorV2Themed SCXW245191561 BCX0\">Mastercard<\/span><span class=\"NormalTextRun SCXW245191561 BCX0\">.<\/span><\/span><span class=\"EOP SCXW245191561 BCX0\" data-ccp-props=\"{&quot;201341983&quot;:0,&quot;335551550&quot;:6,&quot;335551620&quot;:6,&quot;335557856&quot;:16777215,&quot;335559739&quot;:0,&quot;335559740&quot;:240}\">\u00a0<\/span><\/p>\n","protected":false},"excerpt":{"rendered":"<p>Sum\u00e9rgete en tu creatividad en un taller con la aclamada dise\u00f1adora de joyas Paula Mendoza, centrado en dise\u00f1ar creaciones que encarnen la esencia de la personalidad. Ser\u00e1s recibido en el ambiente \u00edntimo del taller de Mendoza, donde colaborar\u00e1s con la artista conocida por sus dise\u00f1os circulares que representan conexiones. Despu\u00e9s, hablar\u00e1s sobre el oficio con [&hellip;]<\/p>\n","protected":false},"featured_media":3683,"template":"","meta":{"_acf_changed":false,"inline_featured_image":false},"product_brand":[],"product_cat":[47],"product_tag":[],"class_list":{"0":"post-3679","1":"product","2":"type-product","3":"status-publish","4":"has-post-thumbnail","6":"product_cat-experiencias","8":"first","9":"instock","10":"sold-individually","11":"shipping-taxable","12":"purchasable","13":"product-type-booking"},"acf":[],"_links":{"self":[{"href":"https:\/\/smartlinks-web-pdn-priceless-latam.azurewebsites.net\/es\/wp-json\/wp\/v2\/product\/3679","targetHints":{"allow":["GET"]}}],"collection":[{"href":"https:\/\/smartlinks-web-pdn-priceless-latam.azurewebsites.net\/es\/wp-json\/wp\/v2\/product"}],"about":[{"href":"https:\/\/smartlinks-web-pdn-priceless-latam.azurewebsites.net\/es\/wp-json\/wp\/v2\/types\/product"}],"wp:featuredmedia":[{"embeddable":true,"href":"https:\/\/smartlinks-web-pdn-priceless-latam.azurewebsites.net\/es\/wp-json\/wp\/v2\/media\/3683"}],"wp:attachment":[{"href":"https:\/\/smartlinks-web-pdn-priceless-latam.azurewebsites.net\/es\/wp-json\/wp\/v2\/media?parent=3679"}],"wp:term":[{"taxonomy":"product_brand","embeddable":true,"href":"https:\/\/smartlinks-web-pdn-priceless-latam.azurewebsites.net\/es\/wp-json\/wp\/v2\/product_brand?post=3679"},{"taxonomy":"product_cat","embeddable":true,"href":"https:\/\/smartlinks-web-pdn-priceless-latam.azurewebsites.net\/es\/wp-json\/wp\/v2\/product_cat?post=3679"},{"taxonomy":"product_tag","embeddable":true,"href":"https:\/\/smartlinks-web-pdn-priceless-latam.azurewebsites.net\/es\/wp-json\/wp\/v2\/product_tag?post=3679"}],"curies":[{"name":"wp","href":"https:\/\/api.w.org\/{rel}","templated":true}]}}