{"id":3714,"date":"2024-11-22T22:40:12","date_gmt":"2024-11-23T03:40:12","guid":{"rendered":"https:\/\/experienciaslatam.com\/?post_type=product&#038;p=3714"},"modified":"2024-12-02T15:44:42","modified_gmt":"2024-12-02T20:44:42","slug":"unete-a-una-famosa-disenadora-de-joyas-en-un-taller-en-su-estudio-de-bogota-copy","status":"publish","type":"product","link":"https:\/\/smartlinks-web-pdn-priceless-latam.azurewebsites.net\/es\/experiencias\/unete-a-una-famosa-disenadora-de-joyas-en-un-taller-en-su-estudio-de-bogota-copy\/","title":{"rendered":"Recorre las galer\u00edas contempor\u00e1neas del distrito art\u00edstico de Bogot\u00e1 con un gu\u00eda"},"content":{"rendered":"<p><span class=\"TextRun SCXW172415933 BCX0\" lang=\"ES-CO\" xml:lang=\"ES-CO\" data-contrast=\"auto\"><span class=\"NormalTextRun SCXW172415933 BCX0\">Explora la escena art\u00edstica contempor\u00e1nea de Bogot\u00e1 mientras atraviesas el vibrante vecindario de San Felipe durante un recorrido guiado por galer\u00edas. Experimentar\u00e1s una amplia variedad de arte, desde las exhibiciones vanguardistas de SGR y Sketch hasta las sofisticadas ofertas de IV<\/span><span class=\"NormalTextRun SCXW172415933 BCX0\"> y <\/span><span class=\"NormalTextRun SCXW172415933 BCX0\">Espacio KB. En el camino, participar\u00e1s en discusiones \u00edntimas con propietarios de galer\u00edas, curadores y algunos de los propios artistas. Tambi\u00e9n recibir\u00e1s una impresi\u00f3n de arte personalizada hecha por el artista colombiano Juan Uribe. Exclusivamente para titulares de tarjetas <\/span><span class=\"NormalTextRun SpellingErrorV2Themed SCXW172415933 BCX0\">Mastercard<\/span><span class=\"NormalTextRun SCXW172415933 BCX0\">.<\/span><\/span><span class=\"EOP SCXW172415933 BCX0\" data-ccp-props=\"{&quot;134233117&quot;:false,&quot;134233118&quot;:false,&quot;335551550&quot;:6,&quot;335551620&quot;:6,&quot;335559685&quot;:0,&quot;335559738&quot;:240,&quot;335559739&quot;:240}\">\u00a0<\/span><\/p>\n","protected":false},"excerpt":{"rendered":"<p>Explora la escena art\u00edstica contempor\u00e1nea de Bogot\u00e1 mientras atraviesas el vibrante vecindario de San Felipe durante un recorrido guiado por galer\u00edas. Experimentar\u00e1s una amplia variedad de arte, desde las exhibiciones vanguardistas de SGR y Sketch hasta las sofisticadas ofertas de IV y Espacio KB. En el camino, participar\u00e1s en discusiones \u00edntimas con propietarios de galer\u00edas, [&hellip;]<\/p>\n","protected":false},"featured_media":4290,"template":"","meta":{"_acf_changed":false,"inline_featured_image":false},"product_brand":[],"product_cat":[47],"product_tag":[],"class_list":{"0":"post-3714","1":"product","2":"type-product","3":"status-publish","4":"has-post-thumbnail","6":"product_cat-experiencias","8":"first","9":"instock","10":"sold-individually","11":"shipping-taxable","12":"purchasable","13":"product-type-booking"},"acf":[],"_links":{"self":[{"href":"https:\/\/smartlinks-web-pdn-priceless-latam.azurewebsites.net\/es\/wp-json\/wp\/v2\/product\/3714","targetHints":{"allow":["GET"]}}],"collection":[{"href":"https:\/\/smartlinks-web-pdn-priceless-latam.azurewebsites.net\/es\/wp-json\/wp\/v2\/product"}],"about":[{"href":"https:\/\/smartlinks-web-pdn-priceless-latam.azurewebsites.net\/es\/wp-json\/wp\/v2\/types\/product"}],"wp:featuredmedia":[{"embeddable":true,"href":"https:\/\/smartlinks-web-pdn-priceless-latam.azurewebsites.net\/es\/wp-json\/wp\/v2\/media\/4290"}],"wp:attachment":[{"href":"https:\/\/smartlinks-web-pdn-priceless-latam.azurewebsites.net\/es\/wp-json\/wp\/v2\/media?parent=3714"}],"wp:term":[{"taxonomy":"product_brand","embeddable":true,"href":"https:\/\/smartlinks-web-pdn-priceless-latam.azurewebsites.net\/es\/wp-json\/wp\/v2\/product_brand?post=3714"},{"taxonomy":"product_cat","embeddable":true,"href":"https:\/\/smartlinks-web-pdn-priceless-latam.azurewebsites.net\/es\/wp-json\/wp\/v2\/product_cat?post=3714"},{"taxonomy":"product_tag","embeddable":true,"href":"https:\/\/smartlinks-web-pdn-priceless-latam.azurewebsites.net\/es\/wp-json\/wp\/v2\/product_tag?post=3714"}],"curies":[{"name":"wp","href":"https:\/\/api.w.org\/{rel}","templated":true}]}}