{"id":3840,"date":"2024-11-26T14:27:57","date_gmt":"2024-11-26T19:27:57","guid":{"rendered":"https:\/\/experienciaslatam.com\/?post_type=product&#038;p=3840"},"modified":"2026-01-07T14:36:41","modified_gmt":"2026-01-07T19:36:41","slug":"descubre-la-magia-del-viche-afrocolombiano-en-una-degustacion-en-bogota","status":"publish","type":"product","link":"https:\/\/smartlinks-web-pdn-priceless-latam.azurewebsites.net\/es\/experiencias\/descubre-la-magia-del-viche-afrocolombiano-en-una-degustacion-en-bogota\/","title":{"rendered":"Descubre la magia del viche afrocolombiano en una degustaci\u00f3n en Bogot\u00e1"},"content":{"rendered":"<p><span class=\"TextRun SCXW167503998 BCX0\" lang=\"ES-ES\" xml:lang=\"ES-ES\" data-contrast=\"auto\"><span class=\"NormalTextRun SCXW167503998 BCX0\">Explora los sabores \u00fanicos del viche, una bebida apreciada originaria de las comunidades <\/span><span class=\"NormalTextRun SCXW167503998 BCX0\">afro <\/span><span class=\"NormalTextRun SCXW167503998 BCX0\">de Colombia. Con la gu\u00eda experta de tu anfitriona, Vanessa Jaramillo, preparar\u00e1s un tr\u00edo de deliciosos c\u00f3cteles mientras Jaramillo comparte ideas sobre c\u00f3mo el viche ha moldeado el pa\u00eds a lo largo de los a\u00f1os. <\/span><span class=\"NormalTextRun SCXW167503998 BCX0\">Adem\u00e1s<\/span><span class=\"NormalTextRun SCXW167503998 BCX0\">, <\/span><span class=\"NormalTextRun SCXW167503998 BCX0\">maridar\u00e1s <\/span><span class=\"NormalTextRun SCXW167503998 BCX0\">tus<\/span> <span class=\"NormalTextRun SCXW167503998 BCX0\">creaciones<\/span><span class=\"NormalTextRun SCXW167503998 BCX0\"> con <\/span><span class=\"NormalTextRun SCXW167503998 BCX0\">exquisitas<\/span> <span class=\"NormalTextRun SCXW167503998 BCX0\">delicias<\/span> <span class=\"NormalTextRun SCXW167503998 BCX0\">del mar <\/span><span class=\"NormalTextRun SCXW167503998 BCX0\">para <\/span><span class=\"NormalTextRun SCXW167503998 BCX0\">realzar<\/span> <span class=\"NormalTextRun SCXW167503998 BCX0\">los<\/span> <span class=\"NormalTextRun SCXW167503998 BCX0\">sabores<\/span><span class=\"NormalTextRun SCXW167503998 BCX0\">; y para <\/span><span class=\"NormalTextRun SCXW167503998 BCX0\">recrear<\/span><span class=\"NormalTextRun SCXW167503998 BCX0\"> la <\/span><span class=\"NormalTextRun SCXW167503998 BCX0\">experiencia<\/span> <span class=\"NormalTextRun SCXW167503998 BCX0\">en<\/span><span class=\"NormalTextRun SCXW167503998 BCX0\"> casa, <\/span><span class=\"NormalTextRun SCXW167503998 BCX0\">recibir\u00e1s<\/span> <span class=\"NormalTextRun SCXW167503998 BCX0\">una<\/span> <span class=\"NormalTextRun SCXW167503998 BCX0\">botella<\/span><span class=\"NormalTextRun SCXW167503998 BCX0\"> de <\/span><span class=\"NormalTextRun SCXW167503998 BCX0\">viche<\/span><span class=\"NormalTextRun SCXW167503998 BCX0\"> y <\/span><span class=\"NormalTextRun SCXW167503998 BCX0\">una<\/span> <span class=\"NormalTextRun SCXW167503998 BCX0\">receta<\/span><span class=\"NormalTextRun SCXW167503998 BCX0\"> impresa de <\/span><span class=\"NormalTextRun SCXW167503998 BCX0\">c\u00f3ctel<\/span><span class=\"NormalTextRun SCXW167503998 BCX0\">. <\/span><span class=\"NormalTextRun SCXW167503998 BCX0\">Exclusivamente<\/span><span class=\"NormalTextRun SCXW167503998 BCX0\"> para <\/span><span class=\"NormalTextRun SCXW167503998 BCX0\">titulares<\/span><span class=\"NormalTextRun SCXW167503998 BCX0\"> de <\/span><span class=\"NormalTextRun SCXW167503998 BCX0\">tarjetas<\/span> <span class=\"NormalTextRun SpellingErrorV2Themed SCXW167503998 BCX0\">Mastercard<\/span><span class=\"NormalTextRun SCXW167503998 BCX0\">.<\/span><\/span><span class=\"EOP SCXW167503998 BCX0\" data-ccp-props=\"{&quot;134233117&quot;:false,&quot;134233118&quot;:false,&quot;335551550&quot;:6,&quot;335551620&quot;:6,&quot;335559738&quot;:240,&quot;335559739&quot;:240}\">\u00a0<\/span><\/p>\n","protected":false},"excerpt":{"rendered":"<p>Explora los sabores \u00fanicos del viche, una bebida apreciada originaria de las comunidades afro de Colombia. Con la gu\u00eda experta de tu anfitriona, Vanessa Jaramillo, preparar\u00e1s un tr\u00edo de deliciosos c\u00f3cteles mientras Jaramillo comparte ideas sobre c\u00f3mo el viche ha moldeado el pa\u00eds a lo largo de los a\u00f1os. Adem\u00e1s, maridar\u00e1s tus creaciones con exquisitas [&hellip;]<\/p>\n","protected":false},"featured_media":3874,"template":"","meta":{"_acf_changed":false,"inline_featured_image":false},"product_brand":[],"product_cat":[47],"product_tag":[],"class_list":{"0":"post-3840","1":"product","2":"type-product","3":"status-publish","4":"has-post-thumbnail","6":"product_cat-experiencias","8":"first","9":"instock","10":"virtual","11":"sold-individually","12":"purchasable","13":"product-type-booking"},"acf":[],"_links":{"self":[{"href":"https:\/\/smartlinks-web-pdn-priceless-latam.azurewebsites.net\/es\/wp-json\/wp\/v2\/product\/3840","targetHints":{"allow":["GET"]}}],"collection":[{"href":"https:\/\/smartlinks-web-pdn-priceless-latam.azurewebsites.net\/es\/wp-json\/wp\/v2\/product"}],"about":[{"href":"https:\/\/smartlinks-web-pdn-priceless-latam.azurewebsites.net\/es\/wp-json\/wp\/v2\/types\/product"}],"wp:featuredmedia":[{"embeddable":true,"href":"https:\/\/smartlinks-web-pdn-priceless-latam.azurewebsites.net\/es\/wp-json\/wp\/v2\/media\/3874"}],"wp:attachment":[{"href":"https:\/\/smartlinks-web-pdn-priceless-latam.azurewebsites.net\/es\/wp-json\/wp\/v2\/media?parent=3840"}],"wp:term":[{"taxonomy":"product_brand","embeddable":true,"href":"https:\/\/smartlinks-web-pdn-priceless-latam.azurewebsites.net\/es\/wp-json\/wp\/v2\/product_brand?post=3840"},{"taxonomy":"product_cat","embeddable":true,"href":"https:\/\/smartlinks-web-pdn-priceless-latam.azurewebsites.net\/es\/wp-json\/wp\/v2\/product_cat?post=3840"},{"taxonomy":"product_tag","embeddable":true,"href":"https:\/\/smartlinks-web-pdn-priceless-latam.azurewebsites.net\/es\/wp-json\/wp\/v2\/product_tag?post=3840"}],"curies":[{"name":"wp","href":"https:\/\/api.w.org\/{rel}","templated":true}]}}