{"id":4052,"date":"2024-11-27T14:12:45","date_gmt":"2024-11-27T19:12:45","guid":{"rendered":"https:\/\/experienciaslatam.com\/?post_type=product&#038;p=4052"},"modified":"2024-11-27T16:02:42","modified_gmt":"2024-11-27T21:02:42","slug":"conoce-mas-a-fondo-sobre-ayurveda-con-una-clase-y-masaje-para-parejas","status":"publish","type":"product","link":"https:\/\/smartlinks-web-pdn-priceless-latam.azurewebsites.net\/es\/experiencias\/conoce-mas-a-fondo-sobre-ayurveda-con-una-clase-y-masaje-para-parejas\/","title":{"rendered":"Conoce m\u00e1s a fondo sobre Ayurveda con una clase y masaje para parejas"},"content":{"rendered":"<p><span data-contrast=\"auto\">Emb\u00e1rcate en un viaje transformador con una clase inmersiva sobre Ayurveda y masaje indio dise\u00f1ada para parejas en la escuela de masajes Ayursala. Despu\u00e9s de acomodarte con una taza de fragante t\u00e9 herbal indio, tu instructor experto explicar\u00e1 los principios fundamentales del Ayurveda y el concepto de los tres doshas. Luego, recibir\u00e1s un diagn\u00f3stico personalizado y explorar\u00e1s el arte del masaje ayurv\u00e9dico. La experiencia incluye transporte privado de ida y vuelta, e incluso recibir\u00e1s un regalo especial de bienestar de la India. Exclusivo para titulares de tarjeta Mastercard.<\/span><span data-ccp-props=\"{&quot;134233117&quot;:false,&quot;134233118&quot;:false,&quot;335551550&quot;:6,&quot;335551620&quot;:6,&quot;335559738&quot;:240,&quot;335559739&quot;:240}\">\u00a0<\/span><\/p>\n<p><span data-contrast=\"auto\">Mastercard, junto con Priceless Planet Coalition, busca restaurar 100 millones de \u00e1rboles para 2030. Por cada experiencia que compres, Mastercard donar\u00e1 un \u00e1rbol a trav\u00e9s de Priceless Planet Coalition. Con tu contribuci\u00f3n, estamos promoviendo la restauraci\u00f3n en 6 continentes.<\/span><span data-ccp-props=\"{&quot;134233117&quot;:false,&quot;134233118&quot;:false,&quot;335551550&quot;:6,&quot;335551620&quot;:6,&quot;335559738&quot;:240,&quot;335559739&quot;:240}\">\u00a0<\/span><\/p>\n","protected":false},"excerpt":{"rendered":"<p>Emb\u00e1rcate en un viaje transformador con una clase inmersiva sobre Ayurveda y masaje indio dise\u00f1ada para parejas en la escuela de masajes Ayursala. Despu\u00e9s de acomodarte con una taza de fragante t\u00e9 herbal indio, tu instructor experto explicar\u00e1 los principios fundamentales del Ayurveda y el concepto de los tres doshas. Luego, recibir\u00e1s un diagn\u00f3stico personalizado [&hellip;]<\/p>\n","protected":false},"featured_media":4056,"template":"","meta":{"_acf_changed":false,"inline_featured_image":false},"product_brand":[],"product_cat":[47],"product_tag":[],"class_list":{"0":"post-4052","1":"product","2":"type-product","3":"status-publish","4":"has-post-thumbnail","6":"product_cat-experiencias","8":"first","9":"instock","10":"sold-individually","11":"shipping-taxable","12":"purchasable","13":"product-type-booking"},"acf":[],"_links":{"self":[{"href":"https:\/\/smartlinks-web-pdn-priceless-latam.azurewebsites.net\/es\/wp-json\/wp\/v2\/product\/4052","targetHints":{"allow":["GET"]}}],"collection":[{"href":"https:\/\/smartlinks-web-pdn-priceless-latam.azurewebsites.net\/es\/wp-json\/wp\/v2\/product"}],"about":[{"href":"https:\/\/smartlinks-web-pdn-priceless-latam.azurewebsites.net\/es\/wp-json\/wp\/v2\/types\/product"}],"wp:featuredmedia":[{"embeddable":true,"href":"https:\/\/smartlinks-web-pdn-priceless-latam.azurewebsites.net\/es\/wp-json\/wp\/v2\/media\/4056"}],"wp:attachment":[{"href":"https:\/\/smartlinks-web-pdn-priceless-latam.azurewebsites.net\/es\/wp-json\/wp\/v2\/media?parent=4052"}],"wp:term":[{"taxonomy":"product_brand","embeddable":true,"href":"https:\/\/smartlinks-web-pdn-priceless-latam.azurewebsites.net\/es\/wp-json\/wp\/v2\/product_brand?post=4052"},{"taxonomy":"product_cat","embeddable":true,"href":"https:\/\/smartlinks-web-pdn-priceless-latam.azurewebsites.net\/es\/wp-json\/wp\/v2\/product_cat?post=4052"},{"taxonomy":"product_tag","embeddable":true,"href":"https:\/\/smartlinks-web-pdn-priceless-latam.azurewebsites.net\/es\/wp-json\/wp\/v2\/product_tag?post=4052"}],"curies":[{"name":"wp","href":"https:\/\/api.w.org\/{rel}","templated":true}]}}