{"id":4155,"date":"2024-11-28T16:04:41","date_gmt":"2024-11-28T21:04:41","guid":{"rendered":"https:\/\/experienciaslatam.com\/?post_type=product&#038;p=4155"},"modified":"2025-10-02T17:28:15","modified_gmt":"2025-10-02T22:28:15","slug":"navega-hacia-colonia-uruguay-para-una-degustacion-de-vinos-y-aceite-de-oliva-con-un-tour-exclusivo","status":"publish","type":"product","link":"https:\/\/smartlinks-web-pdn-priceless-latam.azurewebsites.net\/es\/experiencias\/navega-hacia-colonia-uruguay-para-una-degustacion-de-vinos-y-aceite-de-oliva-con-un-tour-exclusivo\/","title":{"rendered":"Navega hacia Colonia, Uruguay, para una degustaci\u00f3n de vinos y aceite de oliva con un tour exclusivo"},"content":{"rendered":"<p><span class=\"TextRun SCXW94318160 BCX0\" lang=\"ES-ES\" xml:lang=\"ES-ES\" data-contrast=\"auto\"><span class=\"NormalTextRun SCXW94318160 BCX0\">Emb\u00e1rcate en una aventura vitivin\u00edcola navegando hacia Uruguay. Subir\u00e1s al ferry <\/span><span class=\"NormalTextRun SpellingErrorV2Themed SCXW94318160 BCX0\">Buquebus<\/span><span class=\"NormalTextRun SCXW94318160 BCX0\"> en Buenos Aires, con asientos VIP para disfrutar de un c\u00f3modo y panor\u00e1mico cruce hacia Colonia del Sacramento. Una vez all\u00ed, explorar\u00e1s el hist\u00f3rico centro de la ciudad y participar\u00e1s en un tour inmersivo por Vi\u00f1edos y Olivares del <\/span><span class=\"NormalTextRun SpellingErrorV2Themed SCXW94318160 BCX0\">Quint\u00f3n<\/span><span class=\"NormalTextRun SCXW94318160 BCX0\">, donde el propietario o un miembro destacado del equipo te dar\u00e1 la bienvenida para recorrer los pintorescos vi\u00f1edos, olivares y las modernas instalaciones gravitacionales de la bodega. Adem\u00e1s, deleitar\u00e1s tu paladar con una degustaci\u00f3n de vinos y aceites de oliva, acompa\u00f1ada de bocadillos ligeros, antes de regresar a Argentina. Exclusivo para tarjetahabientes de <\/span><span class=\"NormalTextRun SCXW94318160 BCX0\">Mastercard<\/span><span class=\"NormalTextRun SCXW94318160 BCX0\">.<\/span><\/span><\/p>\n","protected":false},"excerpt":{"rendered":"<p>Emb\u00e1rcate en una aventura vitivin\u00edcola navegando hacia Uruguay. Subir\u00e1s al ferry Buquebus en Buenos Aires, con asientos VIP para disfrutar de un c\u00f3modo y panor\u00e1mico cruce hacia Colonia del Sacramento. Una vez all\u00ed, explorar\u00e1s el hist\u00f3rico centro de la ciudad y participar\u00e1s en un tour inmersivo por Vi\u00f1edos y Olivares del Quint\u00f3n, donde el propietario [&hellip;]<\/p>\n","protected":false},"featured_media":4159,"template":"","meta":{"_acf_changed":false,"inline_featured_image":false},"product_brand":[],"product_cat":[47],"product_tag":[],"class_list":{"0":"post-4155","1":"product","2":"type-product","3":"status-publish","4":"has-post-thumbnail","6":"product_cat-experiencias","8":"first","9":"instock","10":"virtual","11":"sold-individually","12":"purchasable","13":"product-type-booking"},"acf":[],"_links":{"self":[{"href":"https:\/\/smartlinks-web-pdn-priceless-latam.azurewebsites.net\/es\/wp-json\/wp\/v2\/product\/4155","targetHints":{"allow":["GET"]}}],"collection":[{"href":"https:\/\/smartlinks-web-pdn-priceless-latam.azurewebsites.net\/es\/wp-json\/wp\/v2\/product"}],"about":[{"href":"https:\/\/smartlinks-web-pdn-priceless-latam.azurewebsites.net\/es\/wp-json\/wp\/v2\/types\/product"}],"wp:featuredmedia":[{"embeddable":true,"href":"https:\/\/smartlinks-web-pdn-priceless-latam.azurewebsites.net\/es\/wp-json\/wp\/v2\/media\/4159"}],"wp:attachment":[{"href":"https:\/\/smartlinks-web-pdn-priceless-latam.azurewebsites.net\/es\/wp-json\/wp\/v2\/media?parent=4155"}],"wp:term":[{"taxonomy":"product_brand","embeddable":true,"href":"https:\/\/smartlinks-web-pdn-priceless-latam.azurewebsites.net\/es\/wp-json\/wp\/v2\/product_brand?post=4155"},{"taxonomy":"product_cat","embeddable":true,"href":"https:\/\/smartlinks-web-pdn-priceless-latam.azurewebsites.net\/es\/wp-json\/wp\/v2\/product_cat?post=4155"},{"taxonomy":"product_tag","embeddable":true,"href":"https:\/\/smartlinks-web-pdn-priceless-latam.azurewebsites.net\/es\/wp-json\/wp\/v2\/product_tag?post=4155"}],"curies":[{"name":"wp","href":"https:\/\/api.w.org\/{rel}","templated":true}]}}