{"id":5035,"date":"2025-01-31T17:17:12","date_gmt":"2025-01-31T22:17:12","guid":{"rendered":"https:\/\/experienciaslatam.com\/?post_type=product&#038;p=5035"},"modified":"2025-02-10T11:22:51","modified_gmt":"2025-02-10T16:22:51","slug":"disfruta-de-una-exclusiva-comida-gourmet-chilena-con-dos-chefs-estrella","status":"publish","type":"product","link":"https:\/\/smartlinks-web-pdn-priceless-latam.azurewebsites.net\/es\/experiencias\/disfruta-de-una-exclusiva-comida-gourmet-chilena-con-dos-chefs-estrella\/","title":{"rendered":"Disfruta de una exclusiva comida gourmet chilena con dos chefs estrellas"},"content":{"rendered":"<p><span data-contrast=\"none\">Comparte una noche inmersiva de alta cocina con una cena privada de cuatro platos con dos talentosos chefs chilenos. Te unir\u00e1s al d\u00fao de chefs Patricio y Jennifer, los propietarios de Motemei Cuisine Atelier, en su casa-taller en Santiago, donde te recibir\u00e1n para una inolvidable comida gourmet chilena. Descubrir\u00e1s la experiencia culinaria de los chefs durante demostraciones de cocina en vivo mientras preparan tu amuse-bouche, entrada, plato principal y postre. Adem\u00e1s, disfrutar\u00e1s de una bebida \u00fanica, maridada por los expertos, especialmente para cada plato. Exclusivamente para titulares de tarjetas Mastercard.<\/span><span data-ccp-props=\"{&quot;134233117&quot;:false,&quot;134233118&quot;:false,&quot;335551550&quot;:1,&quot;335551620&quot;:1,&quot;335557856&quot;:16777215,&quot;335559738&quot;:0,&quot;335559739&quot;:210}\">\u00a0<\/span><\/p>\n<p><b><span data-contrast=\"none\">Lo que no tiene precio<\/span><\/b><span data-ccp-props=\"{&quot;134233117&quot;:false,&quot;134233118&quot;:false,&quot;335551550&quot;:1,&quot;335551620&quot;:1,&quot;335557856&quot;:16777215,&quot;335559738&quot;:0,&quot;335559739&quot;:210}\">\u00a0<\/span><\/p>\n<p><span data-contrast=\"none\">Disfrutar de una noche de deliciosa cocina chilena y compa\u00f1\u00eda excepcional en \u201cMotemei Casa Taller\u201d junto dos talentosos chefs de Santiago.<\/span><span data-ccp-props=\"{&quot;134233117&quot;:false,&quot;134233118&quot;:false,&quot;335551550&quot;:1,&quot;335551620&quot;:1,&quot;335557856&quot;:16777215,&quot;335559738&quot;:0,&quot;335559739&quot;:210}\">\u00a0<\/span><\/p>\n","protected":false},"excerpt":{"rendered":"<p>Comparte una noche inmersiva de alta cocina con una cena privada de cuatro platos con dos talentosos chefs chilenos. Te unir\u00e1s al d\u00fao de chefs Patricio y Jennifer, los propietarios de Motemei Cuisine Atelier, en su casa-taller en Santiago, donde te recibir\u00e1n para una inolvidable comida gourmet chilena. Descubrir\u00e1s la experiencia culinaria de los chefs [&hellip;]<\/p>\n","protected":false},"featured_media":5045,"template":"","meta":{"_acf_changed":false,"inline_featured_image":false},"product_brand":[],"product_cat":[47],"product_tag":[],"class_list":{"0":"post-5035","1":"product","2":"type-product","3":"status-publish","4":"has-post-thumbnail","6":"product_cat-experiencias","8":"first","9":"instock","10":"virtual","11":"sold-individually","12":"purchasable","13":"product-type-booking"},"acf":[],"_links":{"self":[{"href":"https:\/\/smartlinks-web-pdn-priceless-latam.azurewebsites.net\/es\/wp-json\/wp\/v2\/product\/5035","targetHints":{"allow":["GET"]}}],"collection":[{"href":"https:\/\/smartlinks-web-pdn-priceless-latam.azurewebsites.net\/es\/wp-json\/wp\/v2\/product"}],"about":[{"href":"https:\/\/smartlinks-web-pdn-priceless-latam.azurewebsites.net\/es\/wp-json\/wp\/v2\/types\/product"}],"wp:featuredmedia":[{"embeddable":true,"href":"https:\/\/smartlinks-web-pdn-priceless-latam.azurewebsites.net\/es\/wp-json\/wp\/v2\/media\/5045"}],"wp:attachment":[{"href":"https:\/\/smartlinks-web-pdn-priceless-latam.azurewebsites.net\/es\/wp-json\/wp\/v2\/media?parent=5035"}],"wp:term":[{"taxonomy":"product_brand","embeddable":true,"href":"https:\/\/smartlinks-web-pdn-priceless-latam.azurewebsites.net\/es\/wp-json\/wp\/v2\/product_brand?post=5035"},{"taxonomy":"product_cat","embeddable":true,"href":"https:\/\/smartlinks-web-pdn-priceless-latam.azurewebsites.net\/es\/wp-json\/wp\/v2\/product_cat?post=5035"},{"taxonomy":"product_tag","embeddable":true,"href":"https:\/\/smartlinks-web-pdn-priceless-latam.azurewebsites.net\/es\/wp-json\/wp\/v2\/product_tag?post=5035"}],"curies":[{"name":"wp","href":"https:\/\/api.w.org\/{rel}","templated":true}]}}