{"id":5448,"date":"2025-03-07T15:25:00","date_gmt":"2025-03-07T20:25:00","guid":{"rendered":"https:\/\/experienciaslatam.com\/?post_type=product&#038;p=5448"},"modified":"2025-03-10T10:06:22","modified_gmt":"2025-03-10T15:06:22","slug":"celebra-la-conmebol-libertadores-2024-con-el-city-tour-buenos-aires-sur-copy","status":"publish","type":"product","link":"https:\/\/smartlinks-web-pdn-priceless-latam.azurewebsites.net\/es\/experiencias\/celebra-la-conmebol-libertadores-2024-con-el-city-tour-buenos-aires-sur-copy\/","title":{"rendered":"El mejor lugar del circuito"},"content":{"rendered":"<p><span class=\"TextRun SCXW166292008 BCX0\" lang=\"EN-US\" xml:lang=\"EN-US\" data-contrast=\"auto\"><span class=\"NormalTextRun SpellingErrorV2Themed SCXW166292008 BCX0\">Descubre<\/span><span class=\"NormalTextRun SCXW166292008 BCX0\"> la <\/span><span class=\"NormalTextRun SpellingErrorV2Themed SCXW166292008 BCX0\">c\u00faspide<\/span><span class=\"NormalTextRun SCXW166292008 BCX0\"> del <\/span><span class=\"NormalTextRun SpellingErrorV2Themed SCXW166292008 BCX0\">lujo<\/span> <span class=\"NormalTextRun SpellingErrorV2Themed SCXW166292008 BCX0\">en<\/span> <span class=\"NormalTextRun SpellingErrorV2Themed SCXW166292008 BCX0\">el<\/span><span class=\"NormalTextRun SCXW166292008 BCX0\"> Trophy House, disfruta en una villa exclusiva junto a la pista, accesible solo por invitaci\u00f3n, que ofrece vistas incomparables de la carrera de Miami. Situada en la codiciada Curva Uno, disfruta de un acceso privilegiado a los momentos m\u00e1s emocionantes de la carrera desde un sal\u00f3n climatizado o una terraza exterior con buena sombra. Del\u00e9itate con la gastronom\u00eda de estrellas Michelin de L&#8217;Atelier de Jo\u00ebl Robuchon, acompa\u00f1ada de vinos y licores exquisitos. <\/span><\/span><\/p>\n<p><span class=\"TextRun SCXW166292008 BCX0\" lang=\"EN-US\" xml:lang=\"EN-US\" data-contrast=\"auto\"><span class=\"NormalTextRun SCXW166292008 BCX0\">Tras la carrera, rel\u00e1jate con conciertos \u00edntimos de artistas galardonados con premios Grammy, seleccionados por Luis Fonsi. Esto es m\u00e1s que un evento: es un santuario exclusivo hu\u00e9spedes\u00a0m\u00e1s distinguidos.<\/span><\/span><\/p>\n","protected":false},"excerpt":{"rendered":"<p>Descubre la c\u00faspide del lujo en el Trophy House, disfruta en una villa exclusiva junto a la pista, accesible solo por invitaci\u00f3n, que ofrece vistas incomparables de la carrera de Miami. Situada en la codiciada Curva Uno, disfruta de un acceso privilegiado a los momentos m\u00e1s emocionantes de la carrera desde un sal\u00f3n climatizado o [&hellip;]<\/p>\n","protected":false},"featured_media":5496,"template":"","meta":{"_acf_changed":false,"inline_featured_image":false},"product_brand":[],"product_cat":[47],"product_tag":[],"class_list":{"0":"post-5448","1":"product","2":"type-product","3":"status-publish","4":"has-post-thumbnail","6":"product_cat-experiencias","8":"first","9":"instock","10":"sold-individually","11":"shipping-taxable","12":"purchasable","13":"product-type-variable","14":"has-default-attributes"},"acf":[],"_links":{"self":[{"href":"https:\/\/smartlinks-web-pdn-priceless-latam.azurewebsites.net\/es\/wp-json\/wp\/v2\/product\/5448","targetHints":{"allow":["GET"]}}],"collection":[{"href":"https:\/\/smartlinks-web-pdn-priceless-latam.azurewebsites.net\/es\/wp-json\/wp\/v2\/product"}],"about":[{"href":"https:\/\/smartlinks-web-pdn-priceless-latam.azurewebsites.net\/es\/wp-json\/wp\/v2\/types\/product"}],"wp:featuredmedia":[{"embeddable":true,"href":"https:\/\/smartlinks-web-pdn-priceless-latam.azurewebsites.net\/es\/wp-json\/wp\/v2\/media\/5496"}],"wp:attachment":[{"href":"https:\/\/smartlinks-web-pdn-priceless-latam.azurewebsites.net\/es\/wp-json\/wp\/v2\/media?parent=5448"}],"wp:term":[{"taxonomy":"product_brand","embeddable":true,"href":"https:\/\/smartlinks-web-pdn-priceless-latam.azurewebsites.net\/es\/wp-json\/wp\/v2\/product_brand?post=5448"},{"taxonomy":"product_cat","embeddable":true,"href":"https:\/\/smartlinks-web-pdn-priceless-latam.azurewebsites.net\/es\/wp-json\/wp\/v2\/product_cat?post=5448"},{"taxonomy":"product_tag","embeddable":true,"href":"https:\/\/smartlinks-web-pdn-priceless-latam.azurewebsites.net\/es\/wp-json\/wp\/v2\/product_tag?post=5448"}],"curies":[{"name":"wp","href":"https:\/\/api.w.org\/{rel}","templated":true}]}}