{"id":6333,"date":"2025-05-02T15:06:45","date_gmt":"2025-05-02T20:06:45","guid":{"rendered":"https:\/\/experienciaslatam.com\/?post_type=product&#038;p=6333"},"modified":"2026-03-25T16:05:58","modified_gmt":"2026-03-25T21:05:58","slug":"escape-de-lujo-a-una-isla-para-un-dia-spa-y-playa","status":"publish","type":"product","link":"https:\/\/smartlinks-web-pdn-priceless-latam.azurewebsites.net\/es\/experiencias\/escape-de-lujo-a-una-isla-para-un-dia-spa-y-playa\/","title":{"rendered":"Escape de lujo a una isla para un d\u00eda spa y playa"},"content":{"rendered":"<p><span class=\"TextRun SCXW122853674 BCX0\" lang=\"ES-ES\" xml:lang=\"ES-ES\" data-contrast=\"none\"><span class=\"NormalTextRun SCXW122853674 BCX0\">Encuentra la serenidad en una isla caribe\u00f1a, justo frente a la costa de Colombia. Abordar\u00e1s un bote privado para un viaje de 10 minutos desde Cartagena continental hasta <strong>Isla Tierra Bomba<\/strong>, donde disfrutar\u00e1s de un c\u00f3ctel de <\/span><span class=\"NormalTextRun ContextualSpellingAndGrammarErrorV2Themed SCXW122853674 BCX0\">bienvenida \u00a0y<\/span><span class=\"NormalTextRun SCXW122853674 BCX0\"> acceso completo a las instalaciones del <strong>Hotel <\/strong><\/span><strong><span class=\"NormalTextRun SpellingErrorV2Themed SCXW122853674 BCX0\">\u00c9teka<\/span><\/strong><span class=\"NormalTextRun SCXW122853674 BCX0\"> durante el d\u00eda. Participar\u00e1s en un ritual <\/span><span class=\"NormalTextRun SpellingErrorV2Themed SCXW122853674 BCX0\">Yebuma<\/span> <span class=\"NormalTextRun SpellingErrorV2Themed SCXW122853674 BCX0\">Kur\u00e1<\/span><span class=\"NormalTextRun SCXW122853674 BCX0\">\u2014una ceremonia de \u00abrenacimiento\u00bb que incluye inmersi\u00f3n en agua fr\u00eda, limpieza con salvia, plantas medicinales y un masaje suave. Tambi\u00e9n te ofrecer\u00e1n un almuerzo de tres <\/span><span class=\"NormalTextRun SCXW122853674 BCX0\">tiempos<\/span><span class=\"NormalTextRun SCXW122853674 BCX0\">\u00a0y dos bebidas. Exclusivo para titulares de <\/span><span class=\"NormalTextRun SpellingErrorV2Themed SCXW122853674 BCX0\">Mastercard<\/span><span class=\"NormalTextRun SCXW122853674 BCX0\">.<\/span><\/span><span class=\"EOP SCXW122853674 BCX0\" data-ccp-props=\"{&quot;134233117&quot;:false,&quot;134233118&quot;:false,&quot;335551550&quot;:0,&quot;335551620&quot;:0,&quot;335557856&quot;:16777215,&quot;335559738&quot;:0,&quot;335559739&quot;:0}\">\u00a0<\/span><\/p>\n","protected":false},"excerpt":{"rendered":"<p>Encuentra la serenidad en una isla caribe\u00f1a, justo frente a la costa de Colombia. Abordar\u00e1s un bote privado para un viaje de 10 minutos desde Cartagena continental hasta Isla Tierra Bomba, donde disfrutar\u00e1s de un c\u00f3ctel de bienvenida \u00a0y acceso completo a las instalaciones del Hotel \u00c9teka durante el d\u00eda. Participar\u00e1s en un ritual Yebuma [&hellip;]<\/p>\n","protected":false},"featured_media":6338,"template":"","meta":{"_acf_changed":false,"inline_featured_image":false},"product_brand":[],"product_cat":[47],"product_tag":[],"class_list":{"0":"post-6333","1":"product","2":"type-product","3":"status-publish","4":"has-post-thumbnail","6":"product_cat-experiencias","8":"first","9":"instock","10":"virtual","11":"sold-individually","12":"purchasable","13":"product-type-booking"},"acf":[],"_links":{"self":[{"href":"https:\/\/smartlinks-web-pdn-priceless-latam.azurewebsites.net\/es\/wp-json\/wp\/v2\/product\/6333","targetHints":{"allow":["GET"]}}],"collection":[{"href":"https:\/\/smartlinks-web-pdn-priceless-latam.azurewebsites.net\/es\/wp-json\/wp\/v2\/product"}],"about":[{"href":"https:\/\/smartlinks-web-pdn-priceless-latam.azurewebsites.net\/es\/wp-json\/wp\/v2\/types\/product"}],"wp:featuredmedia":[{"embeddable":true,"href":"https:\/\/smartlinks-web-pdn-priceless-latam.azurewebsites.net\/es\/wp-json\/wp\/v2\/media\/6338"}],"wp:attachment":[{"href":"https:\/\/smartlinks-web-pdn-priceless-latam.azurewebsites.net\/es\/wp-json\/wp\/v2\/media?parent=6333"}],"wp:term":[{"taxonomy":"product_brand","embeddable":true,"href":"https:\/\/smartlinks-web-pdn-priceless-latam.azurewebsites.net\/es\/wp-json\/wp\/v2\/product_brand?post=6333"},{"taxonomy":"product_cat","embeddable":true,"href":"https:\/\/smartlinks-web-pdn-priceless-latam.azurewebsites.net\/es\/wp-json\/wp\/v2\/product_cat?post=6333"},{"taxonomy":"product_tag","embeddable":true,"href":"https:\/\/smartlinks-web-pdn-priceless-latam.azurewebsites.net\/es\/wp-json\/wp\/v2\/product_tag?post=6333"}],"curies":[{"name":"wp","href":"https:\/\/api.w.org\/{rel}","templated":true}]}}