{"id":6796,"date":"2025-05-29T10:53:11","date_gmt":"2025-05-29T15:53:11","guid":{"rendered":"https:\/\/experienciaslatam.com\/?post_type=product&#038;p=6796"},"modified":"2025-06-04T17:24:53","modified_gmt":"2025-06-04T22:24:53","slug":"disfruta-de-productos-exclusivos-de-la-uefa-champions-league-autografiados-por-la-leyenda-de-futbol-diego-lugano","status":"publish","type":"product","link":"https:\/\/smartlinks-web-pdn-priceless-latam.azurewebsites.net\/es\/experiencias\/disfruta-de-productos-exclusivos-de-la-uefa-champions-league-autografiados-por-la-leyenda-de-futbol-diego-lugano\/","title":{"rendered":"Disfruta de productos exclusivos de la UEFA Champions League autografiados por la leyenda de f\u00fatbol Diego Lugano"},"content":{"rendered":"<p>Posee una pieza ic\u00f3nica de la historia de la UEFA Champions League con un maravilloso kit de recuerdos, que incluyen productos firmados por la leyenda del f\u00fatbol Diego Lugano. Recibir\u00e1s un bal\u00f3n de f\u00fatbol adidas especial, junto con la camiseta oficial del equipo. Tambi\u00e9n recibir\u00e1s un bolso de cordones con la marca, perfecto para llevar tu equipo de f\u00fatbol adonde te toque jugar. Adem\u00e1s, disfrutar\u00e1s de la comodidad de recibir este incre\u00edble paquete de coleccionables en la puerta de tu casa, listo para estimular conversaciones incre\u00edbles y recuerdos preciados por muchos a\u00f1os. Exclusivo para los tarjetahabientes Mastercard.<\/p>\n<p><b><span data-contrast=\"auto\">\u00bfQu\u00e9 es Priceless?<\/span><\/b><\/p>\n<p>Sentirte como un fan\u00e1tico estrella al exhibir parte de la historia de la UEFA Champions League autografiada por un astro del f\u00fatbol.<\/p>\n","protected":false},"excerpt":{"rendered":"<p>Posee una pieza ic\u00f3nica de la historia de la UEFA Champions League con un maravilloso kit de recuerdos, que incluyen productos firmados por la leyenda del f\u00fatbol Diego Lugano. Recibir\u00e1s un bal\u00f3n de f\u00fatbol adidas especial, junto con la camiseta oficial del equipo. Tambi\u00e9n recibir\u00e1s un bolso de cordones con la marca, perfecto para llevar [&hellip;]<\/p>\n","protected":false},"featured_media":6872,"template":"","meta":{"_acf_changed":false,"inline_featured_image":false},"product_brand":[],"product_cat":[47,55],"product_tag":[],"class_list":{"0":"post-6796","1":"product","2":"type-product","3":"status-publish","4":"has-post-thumbnail","6":"product_cat-experiencias","7":"product_cat-libertadoresla","9":"first","10":"instock","11":"sold-individually","12":"shipping-taxable","13":"purchasable","14":"product-type-simple"},"acf":[],"_links":{"self":[{"href":"https:\/\/smartlinks-web-pdn-priceless-latam.azurewebsites.net\/es\/wp-json\/wp\/v2\/product\/6796","targetHints":{"allow":["GET"]}}],"collection":[{"href":"https:\/\/smartlinks-web-pdn-priceless-latam.azurewebsites.net\/es\/wp-json\/wp\/v2\/product"}],"about":[{"href":"https:\/\/smartlinks-web-pdn-priceless-latam.azurewebsites.net\/es\/wp-json\/wp\/v2\/types\/product"}],"wp:featuredmedia":[{"embeddable":true,"href":"https:\/\/smartlinks-web-pdn-priceless-latam.azurewebsites.net\/es\/wp-json\/wp\/v2\/media\/6872"}],"wp:attachment":[{"href":"https:\/\/smartlinks-web-pdn-priceless-latam.azurewebsites.net\/es\/wp-json\/wp\/v2\/media?parent=6796"}],"wp:term":[{"taxonomy":"product_brand","embeddable":true,"href":"https:\/\/smartlinks-web-pdn-priceless-latam.azurewebsites.net\/es\/wp-json\/wp\/v2\/product_brand?post=6796"},{"taxonomy":"product_cat","embeddable":true,"href":"https:\/\/smartlinks-web-pdn-priceless-latam.azurewebsites.net\/es\/wp-json\/wp\/v2\/product_cat?post=6796"},{"taxonomy":"product_tag","embeddable":true,"href":"https:\/\/smartlinks-web-pdn-priceless-latam.azurewebsites.net\/es\/wp-json\/wp\/v2\/product_tag?post=6796"}],"curies":[{"name":"wp","href":"https:\/\/api.w.org\/{rel}","templated":true}]}}