{"id":7152,"date":"2025-06-26T11:24:39","date_gmt":"2025-06-26T16:24:39","guid":{"rendered":"https:\/\/experienciaslatam.com\/?post_type=product&#038;p=7152"},"modified":"2026-03-26T11:50:53","modified_gmt":"2026-03-26T16:50:53","slug":"descubre-el-alma-arquitectonica-de-rio-con-una-artista-como-guia","status":"publish","type":"product","link":"https:\/\/smartlinks-web-pdn-priceless-latam.azurewebsites.net\/es\/experiencias\/descubre-el-alma-arquitectonica-de-rio-con-una-artista-como-guia\/","title":{"rendered":"Descubre el alma arquitect\u00f3nica de R\u00edo con una artista como gu\u00eda"},"content":{"rendered":"<p><span class=\"TextRun SCXW237862477 BCX0\" lang=\"ES-ES\" xml:lang=\"ES-ES\" data-contrast=\"auto\"><span class=\"NormalTextRun SCXW237862477 BCX0\">Disfruta del Paisaje Cultural Patrimonio de la Humanidad por la UNESCO que es R\u00edo de Janeiro en un tour privado de arquitectura guiado por la artista visual y gu\u00eda licenciada Tatiane Araujo da Silva. Este itinerario personalizado resalta el audaz esp\u00edritu creativo de Oscar Niemeyer y la elegancia futurista de Santiago Calatrava, mostrando un dise\u00f1o urbano visionario, \u00edconos culturales y paisajes impresionantes. Explorar\u00e1s el Museo de Arte Contempor\u00e1neo de Niter\u00f3i (MAC Niter\u00f3i) y visitar\u00e1s el <\/span><span class=\"NormalTextRun SpellingErrorV2Themed SCXW237862477 BCX0\">Caminho<\/span><span class=\"NormalTextRun SCXW237862477 BCX0\"> Niemeyer, el <\/span><span class=\"NormalTextRun SpellingErrorV2Themed SCXW237862477 BCX0\">Museu<\/span><span class=\"NormalTextRun SCXW237862477 BCX0\"> do <\/span><span class=\"NormalTextRun SpellingErrorV2Themed SCXW237862477 BCX0\">Amanh\u00e3<\/span><span class=\"NormalTextRun SCXW237862477 BCX0\"> y otras joyas antes de celebrar con una bebida de cortes\u00eda en la azotea del elegante <\/span><span class=\"NormalTextRun SpellingErrorV2Themed SCXW237862477 BCX0\">Xian<\/span><span class=\"NormalTextRun SCXW237862477 BCX0\"> Rio, con vistas panor\u00e1micas del skyline de R\u00edo y la Bah\u00eda de <\/span><span class=\"NormalTextRun SpellingErrorV2Themed SCXW237862477 BCX0\">Guanabara<\/span><span class=\"NormalTextRun SCXW237862477 BCX0\">. Exclusivo para tarjetahabientes <\/span><span class=\"NormalTextRun SpellingErrorV2Themed SCXW237862477 BCX0\">Mastercard<\/span><span class=\"NormalTextRun SCXW237862477 BCX0\">.<\/span><\/span><span class=\"EOP SCXW237862477 BCX0\" data-ccp-props=\"{}\">\u00a0<\/span><\/p>\n<p>&nbsp;<\/p>\n","protected":false},"excerpt":{"rendered":"<p>Disfruta del Paisaje Cultural Patrimonio de la Humanidad por la UNESCO que es R\u00edo de Janeiro en un tour privado de arquitectura guiado por la artista visual y gu\u00eda licenciada Tatiane Araujo da Silva. Este itinerario personalizado resalta el audaz esp\u00edritu creativo de Oscar Niemeyer y la elegancia futurista de Santiago Calatrava, mostrando un dise\u00f1o [&hellip;]<\/p>\n","protected":false},"featured_media":7155,"template":"","meta":{"_acf_changed":false,"inline_featured_image":false},"product_brand":[],"product_cat":[47],"product_tag":[],"class_list":{"0":"post-7152","1":"product","2":"type-product","3":"status-publish","4":"has-post-thumbnail","6":"product_cat-experiencias","8":"first","9":"instock","10":"virtual","11":"sold-individually","12":"purchasable","13":"product-type-booking"},"acf":[],"_links":{"self":[{"href":"https:\/\/smartlinks-web-pdn-priceless-latam.azurewebsites.net\/es\/wp-json\/wp\/v2\/product\/7152","targetHints":{"allow":["GET"]}}],"collection":[{"href":"https:\/\/smartlinks-web-pdn-priceless-latam.azurewebsites.net\/es\/wp-json\/wp\/v2\/product"}],"about":[{"href":"https:\/\/smartlinks-web-pdn-priceless-latam.azurewebsites.net\/es\/wp-json\/wp\/v2\/types\/product"}],"wp:featuredmedia":[{"embeddable":true,"href":"https:\/\/smartlinks-web-pdn-priceless-latam.azurewebsites.net\/es\/wp-json\/wp\/v2\/media\/7155"}],"wp:attachment":[{"href":"https:\/\/smartlinks-web-pdn-priceless-latam.azurewebsites.net\/es\/wp-json\/wp\/v2\/media?parent=7152"}],"wp:term":[{"taxonomy":"product_brand","embeddable":true,"href":"https:\/\/smartlinks-web-pdn-priceless-latam.azurewebsites.net\/es\/wp-json\/wp\/v2\/product_brand?post=7152"},{"taxonomy":"product_cat","embeddable":true,"href":"https:\/\/smartlinks-web-pdn-priceless-latam.azurewebsites.net\/es\/wp-json\/wp\/v2\/product_cat?post=7152"},{"taxonomy":"product_tag","embeddable":true,"href":"https:\/\/smartlinks-web-pdn-priceless-latam.azurewebsites.net\/es\/wp-json\/wp\/v2\/product_tag?post=7152"}],"curies":[{"name":"wp","href":"https:\/\/api.w.org\/{rel}","templated":true}]}}