{"id":7378,"date":"2025-07-14T16:43:31","date_gmt":"2025-07-14T21:43:31","guid":{"rendered":"https:\/\/experienciaslatam.com\/?post_type=product&#038;p=7378"},"modified":"2026-03-25T16:53:49","modified_gmt":"2026-03-25T21:53:49","slug":"saborea-los-vibrantes-sabores-de-buenos-aires-en-un-tour-gastronomico-a-pie","status":"publish","type":"product","link":"https:\/\/smartlinks-web-pdn-priceless-latam.azurewebsites.net\/es\/experiencias\/saborea-los-vibrantes-sabores-de-buenos-aires-en-un-tour-gastronomico-a-pie\/","title":{"rendered":"Saborea los vibrantes sabores de Buenos Aires en un tour gastron\u00f3mico a pie"},"content":{"rendered":"<p><span class=\"TextRun SCXW263984337 BCX0\" lang=\"ES-ES\" xml:lang=\"ES-ES\" data-contrast=\"auto\"><span class=\"NormalTextRun SCXW263984337 BCX0\">Emb\u00e1rcate en un viaje de sabor e historia con un recorrido a pie por Buenos Aires que te lleva a sus rincones culinarios m\u00e1s destacados y deliciosos. Un gu\u00eda experto te acompa\u00f1ar\u00e1 entre antiguos edificios hermosos hasta tres restaurantes famosos que cuentan la historia de una ciudad marcada por la influencia europea, especialmente italiana. Probar\u00e1s una amplia variedad de delicias locales, como bife de chorizo, empanadas, alfajores, pizza porte\u00f1a, helado y caf\u00e9, rodeado de locales y otros amantes de la gastronom\u00eda. Al finalizar el tour, recibir\u00e1s un kit de mate y dulce de leche artesanal como recuerdos. Exclusivo para tarjetahabientes <\/span><span class=\"NormalTextRun SpellingErrorV2Themed SCXW263984337 BCX0\">Mastercard<\/span><span class=\"NormalTextRun SCXW263984337 BCX0\">.<\/span><\/span><span class=\"EOP SCXW263984337 BCX0\" data-ccp-props=\"{}\">\u00a0<\/span><\/p>\n<p>&nbsp;<\/p>\n","protected":false},"excerpt":{"rendered":"<p>Emb\u00e1rcate en un viaje de sabor e historia con un recorrido a pie por Buenos Aires que te lleva a sus rincones culinarios m\u00e1s destacados y deliciosos. Un gu\u00eda experto te acompa\u00f1ar\u00e1 entre antiguos edificios hermosos hasta tres restaurantes famosos que cuentan la historia de una ciudad marcada por la influencia europea, especialmente italiana. Probar\u00e1s [&hellip;]<\/p>\n","protected":false},"featured_media":7382,"template":"","meta":{"_acf_changed":false,"inline_featured_image":false},"product_brand":[],"product_cat":[47],"product_tag":[],"class_list":{"0":"post-7378","1":"product","2":"type-product","3":"status-publish","4":"has-post-thumbnail","6":"product_cat-experiencias","8":"first","9":"instock","10":"virtual","11":"sold-individually","12":"purchasable","13":"product-type-booking"},"acf":[],"_links":{"self":[{"href":"https:\/\/smartlinks-web-pdn-priceless-latam.azurewebsites.net\/es\/wp-json\/wp\/v2\/product\/7378","targetHints":{"allow":["GET"]}}],"collection":[{"href":"https:\/\/smartlinks-web-pdn-priceless-latam.azurewebsites.net\/es\/wp-json\/wp\/v2\/product"}],"about":[{"href":"https:\/\/smartlinks-web-pdn-priceless-latam.azurewebsites.net\/es\/wp-json\/wp\/v2\/types\/product"}],"wp:featuredmedia":[{"embeddable":true,"href":"https:\/\/smartlinks-web-pdn-priceless-latam.azurewebsites.net\/es\/wp-json\/wp\/v2\/media\/7382"}],"wp:attachment":[{"href":"https:\/\/smartlinks-web-pdn-priceless-latam.azurewebsites.net\/es\/wp-json\/wp\/v2\/media?parent=7378"}],"wp:term":[{"taxonomy":"product_brand","embeddable":true,"href":"https:\/\/smartlinks-web-pdn-priceless-latam.azurewebsites.net\/es\/wp-json\/wp\/v2\/product_brand?post=7378"},{"taxonomy":"product_cat","embeddable":true,"href":"https:\/\/smartlinks-web-pdn-priceless-latam.azurewebsites.net\/es\/wp-json\/wp\/v2\/product_cat?post=7378"},{"taxonomy":"product_tag","embeddable":true,"href":"https:\/\/smartlinks-web-pdn-priceless-latam.azurewebsites.net\/es\/wp-json\/wp\/v2\/product_tag?post=7378"}],"curies":[{"name":"wp","href":"https:\/\/api.w.org\/{rel}","templated":true}]}}