{"id":7416,"date":"2025-07-18T10:17:31","date_gmt":"2025-07-18T15:17:31","guid":{"rendered":"https:\/\/experienciaslatam.com\/?post_type=product&#038;p=7416"},"modified":"2026-03-25T16:20:22","modified_gmt":"2026-03-25T21:20:22","slug":"se-uno-de-los-pocos-privilegiados-en-acceder-a-una-coleccion-de-arte-privada-en-bogota","status":"publish","type":"product","link":"https:\/\/smartlinks-web-pdn-priceless-latam.azurewebsites.net\/es\/experiencias\/se-uno-de-los-pocos-privilegiados-en-acceder-a-una-coleccion-de-arte-privada-en-bogota\/","title":{"rendered":"S\u00e9 uno de los pocos privilegiados en acceder a una colecci\u00f3n de arte privada en Bogot\u00e1"},"content":{"rendered":"<p><span class=\"TextRun SCXW128542779 BCX0\" lang=\"EN-US\" xml:lang=\"EN-US\" data-contrast=\"auto\"><span class=\"NormalTextRun SpellingErrorV2Themed SCXW128542779 BCX0\">Descubre<\/span><span class=\"NormalTextRun SCXW128542779 BCX0\"> lo que hay <\/span><span class=\"NormalTextRun SpellingErrorV2Themed SCXW128542779 BCX0\">detr\u00e1s<\/span><span class=\"NormalTextRun SCXW128542779 BCX0\"> de las <\/span><span class=\"NormalTextRun SpellingErrorV2Themed SCXW128542779 BCX0\">puertas<\/span> <span class=\"NormalTextRun SpellingErrorV2Themed SCXW128542779 BCX0\">cerradas<\/span><span class=\"NormalTextRun SCXW128542779 BCX0\"> de <\/span><span class=\"NormalTextRun SpellingErrorV2Themed SCXW128542779 BCX0\">una<\/span> <span class=\"NormalTextRun SpellingErrorV2Themed SCXW128542779 BCX0\">colecci\u00f3n<\/span><span class=\"NormalTextRun SCXW128542779 BCX0\"> de <\/span><span class=\"NormalTextRun SpellingErrorV2Themed SCXW128542779 BCX0\">arte<\/span> <span class=\"NormalTextRun SpellingErrorV2Themed SCXW128542779 BCX0\">privada<\/span> <span class=\"NormalTextRun SpellingErrorV2Themed SCXW128542779 BCX0\">en<\/span><span class=\"NormalTextRun SCXW128542779 BCX0\"> Bogot\u00e1. En <\/span><span class=\"NormalTextRun SpellingErrorV2Themed SCXW128542779 BCX0\">Culto<\/span><span class=\"NormalTextRun SCXW128542779 BCX0\"> Gallery<\/span><span class=\"NormalTextRun SCXW128542779 BCX0\">, <\/span><span class=\"NormalTextRun SpellingErrorV2Themed SCXW128542779 BCX0\">tendr\u00e1s<\/span> <span class=\"NormalTextRun SpellingErrorV2Themed SCXW128542779 BCX0\">acceso<\/span><span class=\"NormalTextRun SCXW128542779 BCX0\"> a <\/span><span class=\"NormalTextRun SpellingErrorV2Themed SCXW128542779 BCX0\">una<\/span> <span class=\"NormalTextRun SpellingErrorV2Themed SCXW128542779 BCX0\">selecci\u00f3n<\/span><span class=\"NormalTextRun SCXW128542779 BCX0\"> de <\/span><span class=\"NormalTextRun SpellingErrorV2Themed SCXW128542779 BCX0\">obras<\/span><span class=\"NormalTextRun SCXW128542779 BCX0\"> de <\/span><span class=\"NormalTextRun SpellingErrorV2Themed SCXW128542779 BCX0\">artistas<\/span> <span class=\"NormalTextRun SpellingErrorV2Themed SCXW128542779 BCX0\">como<\/span> <span class=\"NormalTextRun SCXW128542779 BCX0\">Botero, Obreg\u00f3n, Salcedo y Olga de Amaral<\/span><span class=\"NormalTextRun SCXW128542779 BCX0\">. <\/span><span class=\"NormalTextRun SpellingErrorV2Themed SCXW128542779 BCX0\">Tendr\u00e1s<\/span><span class=\"NormalTextRun SCXW128542779 BCX0\"> la <\/span><span class=\"NormalTextRun SpellingErrorV2Themed SCXW128542779 BCX0\">oportunidad<\/span><span class=\"NormalTextRun SCXW128542779 BCX0\"> de <\/span><span class=\"NormalTextRun SpellingErrorV2Themed SCXW128542779 BCX0\">conversar<\/span><span class=\"NormalTextRun SCXW128542779 BCX0\"> con <\/span><span class=\"NormalTextRun ContextualSpellingAndGrammarErrorV2Themed SCXW128542779 BCX0\">uno<\/span><span class=\"NormalTextRun SCXW128542779 BCX0\"> o <\/span><span class=\"NormalTextRun SpellingErrorV2Themed SCXW128542779 BCX0\">m\u00e1s<\/span> <span class=\"NormalTextRun SpellingErrorV2Themed SCXW128542779 BCX0\">artistas<\/span> <span class=\"NormalTextRun SpellingErrorV2Themed SCXW128542779 BCX0\">destacados<\/span><span class=\"NormalTextRun SCXW128542779 BCX0\">, <\/span><span class=\"NormalTextRun SpellingErrorV2Themed SCXW128542779 BCX0\">incluyendo<\/span> <span class=\"NormalTextRun ContextualSpellingAndGrammarErrorV2Themed SCXW128542779 BCX0\">a<\/span> <span class=\"NormalTextRun SCXW128542779 BCX0\">Alejandro Narv\u00e1ez<\/span><span class=\"NormalTextRun SCXW128542779 BCX0\">, <\/span><span class=\"NormalTextRun SpellingErrorV2Themed SCXW128542779 BCX0\">quien<\/span> <span class=\"NormalTextRun SpellingErrorV2Themed SCXW128542779 BCX0\">ofrecer\u00e1<\/span> <span class=\"NormalTextRun SpellingErrorV2Themed SCXW128542779 BCX0\">una<\/span> <span class=\"NormalTextRun SpellingErrorV2Themed SCXW128542779 BCX0\">charla<\/span> <span class=\"NormalTextRun SpellingErrorV2Themed SCXW128542779 BCX0\">sobre<\/span> <span class=\"NormalTextRun SpellingErrorV2Themed SCXW128542779 BCX0\">arte<\/span><span class=\"NormalTextRun SCXW128542779 BCX0\">. Adem\u00e1s, <\/span><span class=\"NormalTextRun SpellingErrorV2Themed SCXW128542779 BCX0\">podr\u00e1s<\/span> <span class=\"NormalTextRun SpellingErrorV2Themed SCXW128542779 BCX0\">disfrutar<\/span><span class=\"NormalTextRun SCXW128542779 BCX0\"> de <\/span><span class=\"NormalTextRun SpellingErrorV2Themed SCXW128542779 BCX0\">maridajes<\/span> <span class=\"NormalTextRun SpellingErrorV2Themed SCXW128542779 BCX0\">cuidadosamente<\/span> <span class=\"NormalTextRun SpellingErrorV2Themed SCXW128542779 BCX0\">seleccionados<\/span><span class=\"NormalTextRun SCXW128542779 BCX0\"> de comida y vino, y <\/span><span class=\"NormalTextRun SpellingErrorV2Themed SCXW128542779 BCX0\">recibir\u00e1s<\/span> <span class=\"NormalTextRun SpellingErrorV2Themed SCXW128542779 BCX0\">una<\/span> <span class=\"NormalTextRun SpellingErrorV2Themed SCXW128542779 BCX0\">serigraf\u00eda<\/span><span class=\"NormalTextRun SCXW128542779 BCX0\"> de un <\/span><span class=\"NormalTextRun SpellingErrorV2Themed SCXW128542779 BCX0\">artista<\/span> <span class=\"NormalTextRun SpellingErrorV2Themed SCXW128542779 BCX0\">emergente<\/span> <span class=\"NormalTextRun SpellingErrorV2Themed SCXW128542779 BCX0\">como<\/span> <span class=\"NormalTextRun SpellingErrorV2Themed SCXW128542779 BCX0\">recuerdo<\/span><span class=\"NormalTextRun SCXW128542779 BCX0\"> de <\/span><span class=\"NormalTextRun SpellingErrorV2Themed SCXW128542779 BCX0\">este<\/span> <span class=\"NormalTextRun SpellingErrorV2Themed SCXW128542779 BCX0\">evento<\/span> <span class=\"NormalTextRun SpellingErrorV2Themed SCXW128542779 BCX0\">\u00fanico<\/span><span class=\"NormalTextRun SCXW128542779 BCX0\">.<\/span><\/span><span class=\"LineBreakBlob BlobObject DragDrop SCXW128542779 BCX0\"><span class=\"SCXW128542779 BCX0\">\u00a0<\/span><br class=\"SCXW128542779 BCX0\" \/><\/span><span class=\"TextRun SCXW128542779 BCX0\" lang=\"EN-US\" xml:lang=\"EN-US\" data-contrast=\"auto\"><span class=\"NormalTextRun SCXW128542779 BCX0\">Exclusivo para <\/span><span class=\"NormalTextRun SpellingErrorV2Themed SCXW128542779 BCX0\">tarjetahabientes<\/span><span class=\"NormalTextRun SCXW128542779 BCX0\"> Mastercard.<\/span><\/span><span class=\"EOP SCXW128542779 BCX0\" data-ccp-props=\"{}\">\u00a0<\/span><\/p>\n<p>&nbsp;<\/p>\n","protected":false},"excerpt":{"rendered":"<p>Descubre lo que hay detr\u00e1s de las puertas cerradas de una colecci\u00f3n de arte privada en Bogot\u00e1. En Culto Gallery, tendr\u00e1s acceso a una selecci\u00f3n de obras de artistas como Botero, Obreg\u00f3n, Salcedo y Olga de Amaral. Tendr\u00e1s la oportunidad de conversar con uno o m\u00e1s artistas destacados, incluyendo a Alejandro Narv\u00e1ez, quien ofrecer\u00e1 una [&hellip;]<\/p>\n","protected":false},"featured_media":7432,"template":"","meta":{"_acf_changed":false,"inline_featured_image":false},"product_brand":[],"product_cat":[47],"product_tag":[],"class_list":{"0":"post-7416","1":"product","2":"type-product","3":"status-publish","4":"has-post-thumbnail","6":"product_cat-experiencias","8":"first","9":"instock","10":"virtual","11":"sold-individually","12":"purchasable","13":"product-type-booking"},"acf":[],"_links":{"self":[{"href":"https:\/\/smartlinks-web-pdn-priceless-latam.azurewebsites.net\/es\/wp-json\/wp\/v2\/product\/7416","targetHints":{"allow":["GET"]}}],"collection":[{"href":"https:\/\/smartlinks-web-pdn-priceless-latam.azurewebsites.net\/es\/wp-json\/wp\/v2\/product"}],"about":[{"href":"https:\/\/smartlinks-web-pdn-priceless-latam.azurewebsites.net\/es\/wp-json\/wp\/v2\/types\/product"}],"wp:featuredmedia":[{"embeddable":true,"href":"https:\/\/smartlinks-web-pdn-priceless-latam.azurewebsites.net\/es\/wp-json\/wp\/v2\/media\/7432"}],"wp:attachment":[{"href":"https:\/\/smartlinks-web-pdn-priceless-latam.azurewebsites.net\/es\/wp-json\/wp\/v2\/media?parent=7416"}],"wp:term":[{"taxonomy":"product_brand","embeddable":true,"href":"https:\/\/smartlinks-web-pdn-priceless-latam.azurewebsites.net\/es\/wp-json\/wp\/v2\/product_brand?post=7416"},{"taxonomy":"product_cat","embeddable":true,"href":"https:\/\/smartlinks-web-pdn-priceless-latam.azurewebsites.net\/es\/wp-json\/wp\/v2\/product_cat?post=7416"},{"taxonomy":"product_tag","embeddable":true,"href":"https:\/\/smartlinks-web-pdn-priceless-latam.azurewebsites.net\/es\/wp-json\/wp\/v2\/product_tag?post=7416"}],"curies":[{"name":"wp","href":"https:\/\/api.w.org\/{rel}","templated":true}]}}