{"id":7516,"date":"2025-07-29T09:10:46","date_gmt":"2025-07-29T14:10:46","guid":{"rendered":"https:\/\/experienciaslatam.com\/?post_type=product&#038;p=7516"},"modified":"2025-08-11T23:08:14","modified_gmt":"2025-08-12T04:08:14","slug":"deja-que-tu-hijo-entre-al-campo-en-la-conmebol-libertadores-velez-sarsfield-vs-fortaleza","status":"publish","type":"product","link":"https:\/\/smartlinks-web-pdn-priceless-latam.azurewebsites.net\/es\/experiencias\/deja-que-tu-hijo-entre-al-campo-en-la-conmebol-libertadores-velez-sarsfield-vs-fortaleza\/","title":{"rendered":"Deja que tu hijo entre al campo en la CONMEBOL Libertadores: V\u00e9lez Sarsfield vs Fortaleza"},"content":{"rendered":"<p><span data-ccp-props=\"{&quot;134233117&quot;:false,&quot;134233118&quot;:false,&quot;335559738&quot;:240,&quot;335559739&quot;:240}\"><span class=\"TextRun SCXW30857388 BCX0\" lang=\"ES-CL\" xml:lang=\"ES-CL\" data-contrast=\"auto\"><span class=\"NormalTextRun SCXW30857388 BCX0\">Con la compra del kit oficial de capit\u00e1n honorario, t\u00fa y tu hijo vivir\u00e1n una experiencia \u00fanica en la vida durante el partido de octavos de final entre V\u00e9lez Sarsfield y Fortaleza, el 19 de agosto en Buenos Aires. Llegar\u00e1n en un auto privado y recibir\u00e1n una serie de obsequios, que incluyen uniforme <\/span><span class=\"NormalTextRun SpellingErrorV2Themed SCXW30857388 BCX0\">co-brandeado<\/span><span class=\"NormalTextRun SCXW30857388 BCX0\">, morral, una <\/span><span class=\"NormalTextRun ContextualSpellingAndGrammarErrorV2Themed SCXW30857388 BCX0\">tarjeta prepago<\/span> <span class=\"NormalTextRun SpellingErrorV2Themed SCXW30857388 BCX0\">Mastercard<\/span><span class=\"NormalTextRun SCXW30857388 BCX0\"> por USD $200 y art\u00edculos oficiales de la CONMEBOL Libertadores. Gracias a <\/span><span class=\"NormalTextRun SpellingErrorV2Themed SCXW30857388 BCX0\">Mastercard<\/span><span class=\"NormalTextRun SCXW30857388 BCX0\">, tu hijo entrar\u00e1 al campo junto a los capitanes y \u00e1rbitros durante la ceremonia de inicio, antes de disfrutar juntos el partido desde asientos de cortes\u00eda en categor\u00eda 1. Adem\u00e1s, tendr\u00e1n acceso al \u00e1rea de hospitalidad Libertadores Club, con snacks y bebidas, y un anfitri\u00f3n acompa\u00f1ar\u00e1 a tu hijo durante toda su experiencia en cancha.<\/span><\/span><span class=\"LineBreakBlob BlobObject DragDrop SCXW30857388 BCX0\"><span class=\"SCXW30857388 BCX0\">\u00a0<\/span><br class=\"SCXW30857388 BCX0\" \/><\/span><span class=\"TextRun SCXW30857388 BCX0\" lang=\"ES-CL\" xml:lang=\"ES-CL\" data-contrast=\"auto\"><span class=\"NormalTextRun SCXW30857388 BCX0\"> Exclusivo para tarjetahabientes <\/span><span class=\"NormalTextRun SpellingErrorV2Themed SCXW30857388 BCX0\">Mastercard<\/span><span class=\"NormalTextRun SCXW30857388 BCX0\">.<\/span><\/span><span class=\"EOP SCXW30857388 BCX0\" data-ccp-props=\"{&quot;134233117&quot;:false,&quot;134233118&quot;:false,&quot;335551550&quot;:0,&quot;335551620&quot;:0,&quot;335559738&quot;:240,&quot;335559739&quot;:240}\">\u00a0<\/span><br \/>\n<\/span><\/p>\n<p><b>\u00bfQu\u00e9 es Priceless?<\/b><\/p>\n<p><span data-contrast=\"auto\"> Aplaudir con todas tus fuerzas a tu peque\u00f1o sobre la cancha.<\/span><span data-ccp-props=\"{&quot;134233117&quot;:false,&quot;134233118&quot;:false,&quot;335559738&quot;:240,&quot;335559739&quot;:240}\">\u00a0<\/span><\/p>\n","protected":false},"excerpt":{"rendered":"<p>Con la compra del kit oficial de capit\u00e1n honorario, t\u00fa y tu hijo vivir\u00e1n una experiencia \u00fanica en la vida durante el partido de octavos de final entre V\u00e9lez Sarsfield y Fortaleza, el 19 de agosto en Buenos Aires. Llegar\u00e1n en un auto privado y recibir\u00e1n una serie de obsequios, que incluyen uniforme co-brandeado, morral, [&hellip;]<\/p>\n","protected":false},"featured_media":7581,"template":"","meta":{"_acf_changed":false,"inline_featured_image":false},"product_brand":[],"product_cat":[47,55],"product_tag":[],"class_list":{"0":"post-7516","1":"product","2":"type-product","3":"status-publish","4":"has-post-thumbnail","6":"product_cat-experiencias","7":"product_cat-libertadoresla","9":"first","10":"instock","11":"sold-individually","12":"shipping-taxable","13":"purchasable","14":"product-type-variable","15":"has-default-attributes"},"acf":[],"_links":{"self":[{"href":"https:\/\/smartlinks-web-pdn-priceless-latam.azurewebsites.net\/es\/wp-json\/wp\/v2\/product\/7516","targetHints":{"allow":["GET"]}}],"collection":[{"href":"https:\/\/smartlinks-web-pdn-priceless-latam.azurewebsites.net\/es\/wp-json\/wp\/v2\/product"}],"about":[{"href":"https:\/\/smartlinks-web-pdn-priceless-latam.azurewebsites.net\/es\/wp-json\/wp\/v2\/types\/product"}],"wp:featuredmedia":[{"embeddable":true,"href":"https:\/\/smartlinks-web-pdn-priceless-latam.azurewebsites.net\/es\/wp-json\/wp\/v2\/media\/7581"}],"wp:attachment":[{"href":"https:\/\/smartlinks-web-pdn-priceless-latam.azurewebsites.net\/es\/wp-json\/wp\/v2\/media?parent=7516"}],"wp:term":[{"taxonomy":"product_brand","embeddable":true,"href":"https:\/\/smartlinks-web-pdn-priceless-latam.azurewebsites.net\/es\/wp-json\/wp\/v2\/product_brand?post=7516"},{"taxonomy":"product_cat","embeddable":true,"href":"https:\/\/smartlinks-web-pdn-priceless-latam.azurewebsites.net\/es\/wp-json\/wp\/v2\/product_cat?post=7516"},{"taxonomy":"product_tag","embeddable":true,"href":"https:\/\/smartlinks-web-pdn-priceless-latam.azurewebsites.net\/es\/wp-json\/wp\/v2\/product_tag?post=7516"}],"curies":[{"name":"wp","href":"https:\/\/api.w.org\/{rel}","templated":true}]}}