{"id":7683,"date":"2025-07-29T16:47:24","date_gmt":"2025-07-29T21:47:24","guid":{"rendered":"https:\/\/experienciaslatam.com\/?post_type=product&#038;p=7683"},"modified":"2025-07-30T16:46:33","modified_gmt":"2025-07-30T21:46:33","slug":"vive-la-accion-detras-de-escena-en-el-partido-atletico-nacional-vs-inter-sao-paulo-de-la-conmebol-libertadores","status":"publish","type":"product","link":"https:\/\/smartlinks-web-pdn-priceless-latam.azurewebsites.net\/es\/experiencias\/vive-la-accion-detras-de-escena-en-el-partido-atletico-nacional-vs-inter-sao-paulo-de-la-conmebol-libertadores\/","title":{"rendered":"Vive la acci\u00f3n detr\u00e1s de escena en el partido Atl\u00e9tico Nacional vs Inter S\u00e3o Paulo de la CONMEBOL Libertadores"},"content":{"rendered":"<p><span class=\"TextRun SCXW90743998 BCX8\" lang=\"ES-CL\" xml:lang=\"ES-CL\" data-contrast=\"auto\"><span class=\"NormalTextRun SCXW90743998 BCX8\">Con la compra de este paquete VIP exclusivo para el partido de la CONMEBOL Libertadores del 12 de agosto, durante los octavos de final entre Atl\u00e9tico Nacional e Inter S\u00e3o Paulo en Medell\u00edn, ser\u00e1s transportado en un servicio de autom\u00f3vil de lujo hasta el Estadio Atanasio Girardot, donde tu anfitri\u00f3n te recibir\u00e1 con un obsequio de productos oficiales de la CONMEBOL Libertadores, incluyendo camisetas oficiales del club local colombiano y una tarjeta prepago Mastercard de USD $200. Adem\u00e1s, cortes\u00eda de Mastercard, podr\u00e1s relajarte en la zona de hospitalidad del Club Libertadores antes del partido. Luego, desciende al campo para presenciar los calentamientos desde la l\u00ednea de banda antes de dirigirte a tus asientos de Categor\u00eda 1 para ver el encuentro. Exclusivo para tarjetahabientes Mastercard.<\/span><\/span><\/p>\n<p><b><span data-contrast=\"auto\">Lo que es Priceless<\/span><\/b><span data-contrast=\"auto\">:<\/span><\/p>\n<p>Estar tan cerca que sientes que eres parte del equipo.<\/p>\n","protected":false},"excerpt":{"rendered":"<p>Con la compra de este paquete VIP exclusivo para el partido de la CONMEBOL Libertadores del 12 de agosto, durante los octavos de final entre Atl\u00e9tico Nacional e Inter S\u00e3o Paulo en Medell\u00edn, ser\u00e1s transportado en un servicio de autom\u00f3vil de lujo hasta el Estadio Atanasio Girardot, donde tu anfitri\u00f3n te recibir\u00e1 con un obsequio [&hellip;]<\/p>\n","protected":false},"featured_media":3048,"template":"","meta":{"_acf_changed":false,"inline_featured_image":false},"product_brand":[],"product_cat":[47,55],"product_tag":[],"class_list":{"0":"post-7683","1":"product","2":"type-product","3":"status-publish","4":"has-post-thumbnail","6":"product_cat-experiencias","7":"product_cat-libertadoresla","9":"first","10":"outofstock","11":"sold-individually","12":"shipping-taxable","13":"purchasable","14":"product-type-variable","15":"has-default-attributes"},"acf":[],"_links":{"self":[{"href":"https:\/\/smartlinks-web-pdn-priceless-latam.azurewebsites.net\/es\/wp-json\/wp\/v2\/product\/7683","targetHints":{"allow":["GET"]}}],"collection":[{"href":"https:\/\/smartlinks-web-pdn-priceless-latam.azurewebsites.net\/es\/wp-json\/wp\/v2\/product"}],"about":[{"href":"https:\/\/smartlinks-web-pdn-priceless-latam.azurewebsites.net\/es\/wp-json\/wp\/v2\/types\/product"}],"wp:featuredmedia":[{"embeddable":true,"href":"https:\/\/smartlinks-web-pdn-priceless-latam.azurewebsites.net\/es\/wp-json\/wp\/v2\/media\/3048"}],"wp:attachment":[{"href":"https:\/\/smartlinks-web-pdn-priceless-latam.azurewebsites.net\/es\/wp-json\/wp\/v2\/media?parent=7683"}],"wp:term":[{"taxonomy":"product_brand","embeddable":true,"href":"https:\/\/smartlinks-web-pdn-priceless-latam.azurewebsites.net\/es\/wp-json\/wp\/v2\/product_brand?post=7683"},{"taxonomy":"product_cat","embeddable":true,"href":"https:\/\/smartlinks-web-pdn-priceless-latam.azurewebsites.net\/es\/wp-json\/wp\/v2\/product_cat?post=7683"},{"taxonomy":"product_tag","embeddable":true,"href":"https:\/\/smartlinks-web-pdn-priceless-latam.azurewebsites.net\/es\/wp-json\/wp\/v2\/product_tag?post=7683"}],"curies":[{"name":"wp","href":"https:\/\/api.w.org\/{rel}","templated":true}]}}