{"id":8278,"date":"2025-08-11T17:42:19","date_gmt":"2025-08-11T22:42:19","guid":{"rendered":"https:\/\/experienciaslatam.com\/?post_type=product&#038;p=8278"},"modified":"2026-03-26T16:08:39","modified_gmt":"2026-03-26T21:08:39","slug":"prepara-recetas-afrobrasilenas-tradicionales-con-una-reconocida-chef-de-rio","status":"publish","type":"product","link":"https:\/\/smartlinks-web-pdn-priceless-latam.azurewebsites.net\/es\/experiencias\/prepara-recetas-afrobrasilenas-tradicionales-con-una-reconocida-chef-de-rio\/","title":{"rendered":"Prepara recetas afrobrasile\u00f1as tradicionales con una reconocida chef de R\u00edo"},"content":{"rendered":"<p>Descubre las ra\u00edces de la gastronom\u00eda afrobrasile\u00f1a en una clase de cocina con la chef Simone Almeida. Elaborar\u00e1s una comida \u00fanica creada especialmente para esta experiencia, mientras la chef Simone comparte las historias personales y culturales detr\u00e1s de cada ingrediente local y t\u00e9cnica ancestral. Luego, disfrutar\u00e1s de tu creaci\u00f3n junto con guarniciones tradicionales como farofa, arroz y rodajas de naranja. Adem\u00e1s, recibir\u00e1s un recetario digital, para que los sabores te acompa\u00f1en mucho despu\u00e9s del \u00faltimo bocado. Exclusivo para tarjetahabientes Mastercard.<\/p>\n","protected":false},"excerpt":{"rendered":"<p>Descubre las ra\u00edces de la gastronom\u00eda afrobrasile\u00f1a en una clase de cocina con la chef Simone Almeida. Elaborar\u00e1s una comida \u00fanica creada especialmente para esta experiencia, mientras la chef Simone comparte las historias personales y culturales detr\u00e1s de cada ingrediente local y t\u00e9cnica ancestral. Luego, disfrutar\u00e1s de tu creaci\u00f3n junto con guarniciones tradicionales como farofa, [&hellip;]<\/p>\n","protected":false},"featured_media":8303,"template":"","meta":{"_acf_changed":false,"inline_featured_image":false},"product_brand":[],"product_cat":[47],"product_tag":[],"class_list":{"0":"post-8278","1":"product","2":"type-product","3":"status-publish","4":"has-post-thumbnail","6":"product_cat-experiencias","8":"first","9":"instock","10":"virtual","11":"sold-individually","12":"purchasable","13":"product-type-booking"},"acf":[],"_links":{"self":[{"href":"https:\/\/smartlinks-web-pdn-priceless-latam.azurewebsites.net\/es\/wp-json\/wp\/v2\/product\/8278","targetHints":{"allow":["GET"]}}],"collection":[{"href":"https:\/\/smartlinks-web-pdn-priceless-latam.azurewebsites.net\/es\/wp-json\/wp\/v2\/product"}],"about":[{"href":"https:\/\/smartlinks-web-pdn-priceless-latam.azurewebsites.net\/es\/wp-json\/wp\/v2\/types\/product"}],"wp:featuredmedia":[{"embeddable":true,"href":"https:\/\/smartlinks-web-pdn-priceless-latam.azurewebsites.net\/es\/wp-json\/wp\/v2\/media\/8303"}],"wp:attachment":[{"href":"https:\/\/smartlinks-web-pdn-priceless-latam.azurewebsites.net\/es\/wp-json\/wp\/v2\/media?parent=8278"}],"wp:term":[{"taxonomy":"product_brand","embeddable":true,"href":"https:\/\/smartlinks-web-pdn-priceless-latam.azurewebsites.net\/es\/wp-json\/wp\/v2\/product_brand?post=8278"},{"taxonomy":"product_cat","embeddable":true,"href":"https:\/\/smartlinks-web-pdn-priceless-latam.azurewebsites.net\/es\/wp-json\/wp\/v2\/product_cat?post=8278"},{"taxonomy":"product_tag","embeddable":true,"href":"https:\/\/smartlinks-web-pdn-priceless-latam.azurewebsites.net\/es\/wp-json\/wp\/v2\/product_tag?post=8278"}],"curies":[{"name":"wp","href":"https:\/\/api.w.org\/{rel}","templated":true}]}}