{"id":8317,"date":"2025-08-12T17:10:29","date_gmt":"2025-08-12T22:10:29","guid":{"rendered":"https:\/\/experienciaslatam.com\/?post_type=product&#038;p=8317"},"modified":"2025-08-13T10:01:03","modified_gmt":"2025-08-13T15:01:03","slug":"crea-recuerdos-para-toda-la-vida-en-una-sesion-fotografica-privada-en-el-desierto-bajo-las-estrellas","status":"publish","type":"product","link":"https:\/\/smartlinks-web-pdn-priceless-latam.azurewebsites.net\/es\/experiencias\/crea-recuerdos-para-toda-la-vida-en-una-sesion-fotografica-privada-en-el-desierto-bajo-las-estrellas\/","title":{"rendered":"Crea recuerdos para toda la vida en una sesi\u00f3n fotogr\u00e1fica privada en el desierto bajo las estrellas"},"content":{"rendered":"<p><span data-contrast=\"auto\">Ad\u00e9ntrate en la surrealista Cordillera de la Sal del Desierto de Atacama, en Chile, para un tour nocturno privado y una sesi\u00f3n de fotos bajo uno de los cielos m\u00e1s despejados del mundo. Explorar\u00e1s un lugar de observaci\u00f3n de estrellas apartado, lejos de las multitudes y la contaminaci\u00f3n lum\u00ednica, en un grupo \u00edntimo limitado a solo dos a cuatro personas, guiado por un fot\u00f3grafo experto que compartir\u00e1 conocimientos sobre el entorno natural, la cultura local y las mejores formas de documentar el paisaje estrellado con astrofotograf\u00eda. All\u00ed, posar\u00e1s con orientaci\u00f3n profesional y tendr\u00e1s tu silueta capturada en medio del paisaje c\u00f3smico en una serie de cinco fotos editadas profesionalmente, que recibir\u00e1s por correo electr\u00f3nico en un plazo de dos d\u00edas. Adem\u00e1s, despu\u00e9s de la sesi\u00f3n, te relajar\u00e1s con una bebida caliente y un snack bajo las estrellas. Exclusivo para tarjetahabientes Mastercard.<\/span><span data-ccp-props=\"{&quot;134233117&quot;:false,&quot;134233118&quot;:false,&quot;335559738&quot;:240,&quot;335559739&quot;:240}\">\u00a0<\/span><\/p>\n<p>&nbsp;<\/p>\n","protected":false},"excerpt":{"rendered":"<p>Ad\u00e9ntrate en la surrealista Cordillera de la Sal del Desierto de Atacama, en Chile, para un tour nocturno privado y una sesi\u00f3n de fotos bajo uno de los cielos m\u00e1s despejados del mundo. Explorar\u00e1s un lugar de observaci\u00f3n de estrellas apartado, lejos de las multitudes y la contaminaci\u00f3n lum\u00ednica, en un grupo \u00edntimo limitado a [&hellip;]<\/p>\n","protected":false},"featured_media":8321,"template":"","meta":{"_acf_changed":false,"inline_featured_image":false},"product_brand":[],"product_cat":[47],"product_tag":[],"class_list":{"0":"post-8317","1":"product","2":"type-product","3":"status-publish","4":"has-post-thumbnail","6":"product_cat-experiencias","8":"first","9":"instock","10":"virtual","11":"sold-individually","12":"purchasable","13":"product-type-booking"},"acf":[],"_links":{"self":[{"href":"https:\/\/smartlinks-web-pdn-priceless-latam.azurewebsites.net\/es\/wp-json\/wp\/v2\/product\/8317","targetHints":{"allow":["GET"]}}],"collection":[{"href":"https:\/\/smartlinks-web-pdn-priceless-latam.azurewebsites.net\/es\/wp-json\/wp\/v2\/product"}],"about":[{"href":"https:\/\/smartlinks-web-pdn-priceless-latam.azurewebsites.net\/es\/wp-json\/wp\/v2\/types\/product"}],"wp:featuredmedia":[{"embeddable":true,"href":"https:\/\/smartlinks-web-pdn-priceless-latam.azurewebsites.net\/es\/wp-json\/wp\/v2\/media\/8321"}],"wp:attachment":[{"href":"https:\/\/smartlinks-web-pdn-priceless-latam.azurewebsites.net\/es\/wp-json\/wp\/v2\/media?parent=8317"}],"wp:term":[{"taxonomy":"product_brand","embeddable":true,"href":"https:\/\/smartlinks-web-pdn-priceless-latam.azurewebsites.net\/es\/wp-json\/wp\/v2\/product_brand?post=8317"},{"taxonomy":"product_cat","embeddable":true,"href":"https:\/\/smartlinks-web-pdn-priceless-latam.azurewebsites.net\/es\/wp-json\/wp\/v2\/product_cat?post=8317"},{"taxonomy":"product_tag","embeddable":true,"href":"https:\/\/smartlinks-web-pdn-priceless-latam.azurewebsites.net\/es\/wp-json\/wp\/v2\/product_tag?post=8317"}],"curies":[{"name":"wp","href":"https:\/\/api.w.org\/{rel}","templated":true}]}}