{"id":8347,"date":"2025-08-12T17:48:26","date_gmt":"2025-08-12T22:48:26","guid":{"rendered":"https:\/\/experienciaslatam.com\/?post_type=product&#038;p=8347"},"modified":"2026-03-26T16:19:09","modified_gmt":"2026-03-26T21:19:09","slug":"camine-por-las-playas-ocultas-de-rio-y-disfrute-de-un-almuerzo-de-mariscos-junto-al-mar","status":"publish","type":"product","link":"https:\/\/smartlinks-web-pdn-priceless-latam.azurewebsites.net\/es\/experiencias\/camine-por-las-playas-ocultas-de-rio-y-disfrute-de-un-almuerzo-de-mariscos-junto-al-mar\/","title":{"rendered":"Camine por las playas ocultas de R\u00edo y disfrute de un almuerzo de mariscos junto al mar"},"content":{"rendered":"<p><span class=\"TextRun SCXW198865894 BCX0\" lang=\"ES-ES\" xml:lang=\"ES-ES\" data-contrast=\"auto\"><span class=\"NormalTextRun SCXW198865894 BCX0\">Explore R\u00edo en una caminata guiada por la exuberante Mata Atl\u00e1ntica hasta llegar a impresionantes playas escondidas. Ver\u00e1 el R\u00edo que la mayor\u00eda de los visitantes nunca conoce, caminando entre los \u00e1rboles hasta llegar a la pintoresca <\/span><span class=\"NormalTextRun SpellingErrorV2Themed SCXW198865894 BCX0\">Pedra<\/span><span class=\"NormalTextRun SCXW198865894 BCX0\"> da <\/span><span class=\"NormalTextRun SpellingErrorV2Themed SCXW198865894 BCX0\">Tartaruga<\/span><span class=\"NormalTextRun SCXW198865894 BCX0\">, un mirador panor\u00e1mico con vistas impresionantes de playas v\u00edrgenes. En el camino, escuchar\u00e1 historias cariocas y datos ecol\u00f3gicos de su gu\u00eda local experto. Luego, se relajar\u00e1 con un almuerzo descalzo en el <\/span><span class=\"NormalTextRun SpellingErrorV2Themed SCXW198865894 BCX0\">Cl\u00e1ssico<\/span><span class=\"NormalTextRun SCXW198865894 BCX0\"> Beach Club <\/span><span class=\"NormalTextRun SpellingErrorV2Themed SCXW198865894 BCX0\">Grumari<\/span><span class=\"NormalTextRun SCXW198865894 BCX0\">, que ofrece especialidades de mariscos regionales y refrescantes <\/span><span class=\"NormalTextRun SpellingErrorV2Themed SCXW198865894 BCX0\">caipirinhas<\/span><span class=\"NormalTextRun SCXW198865894 BCX0\">. Exclusivo para tarjetahabientes <\/span><span class=\"NormalTextRun SpellingErrorV2Themed SCXW198865894 BCX0\">Mastercard<\/span><span class=\"NormalTextRun SCXW198865894 BCX0\">.<\/span><\/span><span class=\"EOP SCXW198865894 BCX0\" data-ccp-props=\"{&quot;134233117&quot;:false,&quot;134233118&quot;:false,&quot;335559738&quot;:240,&quot;335559739&quot;:240}\">\u00a0<\/span><\/p>\n","protected":false},"excerpt":{"rendered":"<p>Explore R\u00edo en una caminata guiada por la exuberante Mata Atl\u00e1ntica hasta llegar a impresionantes playas escondidas. Ver\u00e1 el R\u00edo que la mayor\u00eda de los visitantes nunca conoce, caminando entre los \u00e1rboles hasta llegar a la pintoresca Pedra da Tartaruga, un mirador panor\u00e1mico con vistas impresionantes de playas v\u00edrgenes. En el camino, escuchar\u00e1 historias cariocas [&hellip;]<\/p>\n","protected":false},"featured_media":8372,"template":"","meta":{"_acf_changed":false,"inline_featured_image":false},"product_brand":[],"product_cat":[47],"product_tag":[],"class_list":{"0":"post-8347","1":"product","2":"type-product","3":"status-publish","4":"has-post-thumbnail","6":"product_cat-experiencias","8":"first","9":"instock","10":"virtual","11":"sold-individually","12":"purchasable","13":"product-type-booking"},"acf":[],"_links":{"self":[{"href":"https:\/\/smartlinks-web-pdn-priceless-latam.azurewebsites.net\/es\/wp-json\/wp\/v2\/product\/8347","targetHints":{"allow":["GET"]}}],"collection":[{"href":"https:\/\/smartlinks-web-pdn-priceless-latam.azurewebsites.net\/es\/wp-json\/wp\/v2\/product"}],"about":[{"href":"https:\/\/smartlinks-web-pdn-priceless-latam.azurewebsites.net\/es\/wp-json\/wp\/v2\/types\/product"}],"wp:featuredmedia":[{"embeddable":true,"href":"https:\/\/smartlinks-web-pdn-priceless-latam.azurewebsites.net\/es\/wp-json\/wp\/v2\/media\/8372"}],"wp:attachment":[{"href":"https:\/\/smartlinks-web-pdn-priceless-latam.azurewebsites.net\/es\/wp-json\/wp\/v2\/media?parent=8347"}],"wp:term":[{"taxonomy":"product_brand","embeddable":true,"href":"https:\/\/smartlinks-web-pdn-priceless-latam.azurewebsites.net\/es\/wp-json\/wp\/v2\/product_brand?post=8347"},{"taxonomy":"product_cat","embeddable":true,"href":"https:\/\/smartlinks-web-pdn-priceless-latam.azurewebsites.net\/es\/wp-json\/wp\/v2\/product_cat?post=8347"},{"taxonomy":"product_tag","embeddable":true,"href":"https:\/\/smartlinks-web-pdn-priceless-latam.azurewebsites.net\/es\/wp-json\/wp\/v2\/product_tag?post=8347"}],"curies":[{"name":"wp","href":"https:\/\/api.w.org\/{rel}","templated":true}]}}