{"id":8481,"date":"2025-08-15T09:54:26","date_gmt":"2025-08-15T14:54:26","guid":{"rendered":"https:\/\/experienciaslatam.com\/?post_type=product&#038;p=8481"},"modified":"2026-03-30T15:36:34","modified_gmt":"2026-03-30T20:36:34","slug":"crea-tu-moai-personalizado-con-un-maestro-artesano-en-rapa-nui","status":"publish","type":"product","link":"https:\/\/smartlinks-web-pdn-priceless-latam.azurewebsites.net\/es\/experiencias\/crea-tu-moai-personalizado-con-un-maestro-artesano-en-rapa-nui\/","title":{"rendered":"Crea tu mo\u00e1i personalizado con un maestro artesano en Rapa Nui"},"content":{"rendered":"<p><span class=\"TextRun SCXW95271653 BCX8\" lang=\"EN-US\" xml:lang=\"EN-US\" data-contrast=\"auto\"><span class=\"NormalTextRun SCXW95271653 BCX8\">Crea un <\/span><span class=\"NormalTextRun SpellingErrorV2Themed SCXW95271653 BCX8\">mo\u00e1i<\/span><span class=\"NormalTextRun SCXW95271653 BCX8\"> con <\/span><span class=\"NormalTextRun SpellingErrorV2Themed SCXW95271653 BCX8\">tus<\/span> <span class=\"NormalTextRun SpellingErrorV2Themed SCXW95271653 BCX8\">propias<\/span><span class=\"NormalTextRun SCXW95271653 BCX8\"> manos <\/span><span class=\"NormalTextRun SpellingErrorV2Themed SCXW95271653 BCX8\">en<\/span> <span class=\"NormalTextRun SpellingErrorV2Themed SCXW95271653 BCX8\">una<\/span> <span class=\"NormalTextRun SpellingErrorV2Themed SCXW95271653 BCX8\">experiencia<\/span> <span class=\"NormalTextRun SpellingErrorV2Themed SCXW95271653 BCX8\">\u00fanica<\/span> <span class=\"NormalTextRun SpellingErrorV2Themed SCXW95271653 BCX8\">dirigida<\/span> <span class=\"NormalTextRun SpellingErrorV2Themed SCXW95271653 BCX8\">por<\/span><span class=\"NormalTextRun SCXW95271653 BCX8\"> un <\/span><span class=\"NormalTextRun SpellingErrorV2Themed SCXW95271653 BCX8\">artesano<\/span><span class=\"NormalTextRun SCXW95271653 BCX8\"> de Rapa Nui (Isla de Pascua). En <\/span><span class=\"NormalTextRun SpellingErrorV2Themed SCXW95271653 BCX8\">esta<\/span> <span class=\"NormalTextRun SpellingErrorV2Themed SCXW95271653 BCX8\">clase<\/span><span class=\"NormalTextRun SCXW95271653 BCX8\"> especial, <\/span><span class=\"NormalTextRun SpellingErrorV2Themed SCXW95271653 BCX8\">conocer\u00e1s<\/span> <span class=\"NormalTextRun SpellingErrorV2Themed SCXW95271653 BCX8\">el<\/span><span class=\"NormalTextRun SCXW95271653 BCX8\"> profundo <\/span><span class=\"NormalTextRun SpellingErrorV2Themed SCXW95271653 BCX8\">significado<\/span><span class=\"NormalTextRun SCXW95271653 BCX8\"> cultural del <\/span><span class=\"NormalTextRun SpellingErrorV2Themed SCXW95271653 BCX8\">mo\u00e1i<\/span> <span class=\"NormalTextRun SpellingErrorV2Themed SCXW95271653 BCX8\">mientras<\/span><span class=\"NormalTextRun SCXW95271653 BCX8\"> un <\/span><span class=\"NormalTextRun SpellingErrorV2Themed SCXW95271653 BCX8\">artesano<\/span><span class=\"NormalTextRun SCXW95271653 BCX8\"> local <\/span><span class=\"NormalTextRun SpellingErrorV2Themed SCXW95271653 BCX8\">te<\/span> <span class=\"NormalTextRun SpellingErrorV2Themed SCXW95271653 BCX8\">gu\u00eda<\/span><span class=\"NormalTextRun SCXW95271653 BCX8\">, <\/span><span class=\"NormalTextRun SpellingErrorV2Themed SCXW95271653 BCX8\">ofreci\u00e9ndote<\/span> <span class=\"NormalTextRun SpellingErrorV2Themed SCXW95271653 BCX8\">orientaci\u00f3n<\/span> <span class=\"NormalTextRun SpellingErrorV2Themed SCXW95271653 BCX8\">personalizada<\/span><span class=\"NormalTextRun SCXW95271653 BCX8\"> y <\/span><span class=\"NormalTextRun SpellingErrorV2Themed SCXW95271653 BCX8\">relatos<\/span> <span class=\"NormalTextRun SpellingErrorV2Themed SCXW95271653 BCX8\">llenos<\/span><span class=\"NormalTextRun SCXW95271653 BCX8\"> de <\/span><span class=\"NormalTextRun SpellingErrorV2Themed SCXW95271653 BCX8\">tradici\u00f3n<\/span><span class=\"NormalTextRun SCXW95271653 BCX8\">. <\/span><span class=\"NormalTextRun SpellingErrorV2Themed SCXW95271653 BCX8\">Podr\u00e1s<\/span> <span class=\"NormalTextRun SpellingErrorV2Themed SCXW95271653 BCX8\">elegir<\/span><span class=\"NormalTextRun SCXW95271653 BCX8\"> entre <\/span><span class=\"NormalTextRun SpellingErrorV2Themed SCXW95271653 BCX8\">madera<\/span><span class=\"NormalTextRun SCXW95271653 BCX8\"> o <\/span><span class=\"NormalTextRun SpellingErrorV2Themed SCXW95271653 BCX8\">piedra<\/span><span class=\"NormalTextRun SCXW95271653 BCX8\">, y <\/span><span class=\"NormalTextRun SpellingErrorV2Themed SCXW95271653 BCX8\">tallar<\/span> <span class=\"NormalTextRun SpellingErrorV2Themed SCXW95271653 BCX8\">tu<\/span> <span class=\"NormalTextRun SpellingErrorV2Themed SCXW95271653 BCX8\">figura<\/span> <span class=\"NormalTextRun SpellingErrorV2Themed SCXW95271653 BCX8\">utilizando<\/span> <span class=\"NormalTextRun SpellingErrorV2Themed SCXW95271653 BCX8\">herramientas<\/span> <span class=\"NormalTextRun SpellingErrorV2Themed SCXW95271653 BCX8\">tradicionales<\/span><span class=\"NormalTextRun SCXW95271653 BCX8\"> y <\/span><span class=\"NormalTextRun SpellingErrorV2Themed SCXW95271653 BCX8\">t\u00e9cnicas<\/span> <span class=\"NormalTextRun SpellingErrorV2Themed SCXW95271653 BCX8\">ancestrales<\/span><span class=\"NormalTextRun SCXW95271653 BCX8\">. Al final, <\/span><span class=\"NormalTextRun SpellingErrorV2Themed SCXW95271653 BCX8\">te<\/span> <span class=\"NormalTextRun SpellingErrorV2Themed SCXW95271653 BCX8\">llevar\u00e1s<\/span> <span class=\"NormalTextRun SpellingErrorV2Themed SCXW95271653 BCX8\">tu<\/span> <span class=\"NormalTextRun SpellingErrorV2Themed SCXW95271653 BCX8\">escultura<\/span><span class=\"NormalTextRun SCXW95271653 BCX8\"> a casa: un <\/span><span class=\"NormalTextRun SpellingErrorV2Themed SCXW95271653 BCX8\">recuerdo<\/span> <span class=\"NormalTextRun SpellingErrorV2Themed SCXW95271653 BCX8\">imborrable<\/span><span class=\"NormalTextRun SCXW95271653 BCX8\"> de <\/span><span class=\"NormalTextRun SpellingErrorV2Themed SCXW95271653 BCX8\">esta<\/span> <span class=\"NormalTextRun SpellingErrorV2Themed SCXW95271653 BCX8\">enigm\u00e1tica<\/span> <span class=\"NormalTextRun SpellingErrorV2Themed SCXW95271653 BCX8\">isla<\/span><span class=\"NormalTextRun SCXW95271653 BCX8\">. Exclusivo para <\/span><span class=\"NormalTextRun SpellingErrorV2Themed SCXW95271653 BCX8\">tarjetahabientes<\/span><span class=\"NormalTextRun SCXW95271653 BCX8\"> Mastercard.<\/span><\/span><span class=\"EOP SCXW95271653 BCX8\" data-ccp-props=\"{&quot;134233117&quot;:false,&quot;134233118&quot;:false,&quot;335551550&quot;:0,&quot;335551620&quot;:0,&quot;335559738&quot;:240,&quot;335559739&quot;:240}\">\u00a0<\/span><\/p>\n<p>&nbsp;<\/p>\n","protected":false},"excerpt":{"rendered":"<p>Crea un mo\u00e1i con tus propias manos en una experiencia \u00fanica dirigida por un artesano de Rapa Nui (Isla de Pascua). En esta clase especial, conocer\u00e1s el profundo significado cultural del mo\u00e1i mientras un artesano local te gu\u00eda, ofreci\u00e9ndote orientaci\u00f3n personalizada y relatos llenos de tradici\u00f3n. Podr\u00e1s elegir entre madera o piedra, y tallar tu [&hellip;]<\/p>\n","protected":false},"featured_media":8497,"template":"","meta":{"_acf_changed":false,"inline_featured_image":false},"product_brand":[],"product_cat":[47],"product_tag":[],"class_list":{"0":"post-8481","1":"product","2":"type-product","3":"status-publish","4":"has-post-thumbnail","6":"product_cat-experiencias","8":"first","9":"instock","10":"virtual","11":"sold-individually","12":"purchasable","13":"product-type-booking"},"acf":[],"_links":{"self":[{"href":"https:\/\/smartlinks-web-pdn-priceless-latam.azurewebsites.net\/es\/wp-json\/wp\/v2\/product\/8481","targetHints":{"allow":["GET"]}}],"collection":[{"href":"https:\/\/smartlinks-web-pdn-priceless-latam.azurewebsites.net\/es\/wp-json\/wp\/v2\/product"}],"about":[{"href":"https:\/\/smartlinks-web-pdn-priceless-latam.azurewebsites.net\/es\/wp-json\/wp\/v2\/types\/product"}],"wp:featuredmedia":[{"embeddable":true,"href":"https:\/\/smartlinks-web-pdn-priceless-latam.azurewebsites.net\/es\/wp-json\/wp\/v2\/media\/8497"}],"wp:attachment":[{"href":"https:\/\/smartlinks-web-pdn-priceless-latam.azurewebsites.net\/es\/wp-json\/wp\/v2\/media?parent=8481"}],"wp:term":[{"taxonomy":"product_brand","embeddable":true,"href":"https:\/\/smartlinks-web-pdn-priceless-latam.azurewebsites.net\/es\/wp-json\/wp\/v2\/product_brand?post=8481"},{"taxonomy":"product_cat","embeddable":true,"href":"https:\/\/smartlinks-web-pdn-priceless-latam.azurewebsites.net\/es\/wp-json\/wp\/v2\/product_cat?post=8481"},{"taxonomy":"product_tag","embeddable":true,"href":"https:\/\/smartlinks-web-pdn-priceless-latam.azurewebsites.net\/es\/wp-json\/wp\/v2\/product_tag?post=8481"}],"curies":[{"name":"wp","href":"https:\/\/api.w.org\/{rel}","templated":true}]}}