{"id":8534,"date":"2025-08-20T09:24:46","date_gmt":"2025-08-20T14:24:46","guid":{"rendered":"https:\/\/experienciaslatam.com\/?post_type=product&#038;p=8534"},"modified":"2026-03-26T17:17:42","modified_gmt":"2026-03-26T22:17:42","slug":"disfruta-de-un-menu-degustacion-sorpresa-de-temporada-en-un-destacado-restaurante-chileno","status":"publish","type":"product","link":"https:\/\/smartlinks-web-pdn-priceless-latam.azurewebsites.net\/es\/experiencias\/disfruta-de-un-menu-degustacion-sorpresa-de-temporada-en-un-destacado-restaurante-chileno\/","title":{"rendered":"Disfruta de un men\u00fa degustaci\u00f3n sorpresa de temporada en un destacado restaurante chileno"},"content":{"rendered":"<p><span class=\"TextRun SCXW113467233 BCX0\" lang=\"ES-ES\" xml:lang=\"ES-ES\" data-contrast=\"auto\"><span class=\"NormalTextRun SCXW113467233 BCX0\">Del\u00e9itate con una experiencia gastron\u00f3mica irrepetible: un men\u00fa sorpresa de seis tiempos en <\/span><span class=\"NormalTextRun SpellingErrorV2Themed SCXW113467233 BCX0\">Ephedra<\/span><span class=\"NormalTextRun SCXW113467233 BCX0\">, uno de los restaurantes m\u00e1s aclamados de Chile. Vivir\u00e1s una <\/span><\/span><span class=\"TextRun SCXW113467233 BCX0\" lang=\"ES-ES\" xml:lang=\"ES-ES\" data-contrast=\"auto\"><span class=\"NormalTextRun SCXW113467233 BCX0\">\u201cexperiencia a ciegas\u201d<\/span><\/span><span class=\"TextRun SCXW113467233 BCX0\" lang=\"ES-ES\" xml:lang=\"ES-ES\" data-contrast=\"auto\"><span class=\"NormalTextRun SCXW113467233 BCX0\"> que cambia con las estaciones, en este popular destino de alta cocina en San Pedro de Atacama. Comenzar\u00e1s con el traslado desde tu hotel y un trayecto relajante hacia el restaurante, donde los propietarios te recibir\u00e1n con un c\u00f3ctel de bienvenida y aperitivos en la terraza o en la barra del chef, mientras se pone el sol. Luego, descubrir\u00e1s sabores locales a lo largo de seis platos cuidadosamente maridados con cuatro copas de vinos seleccionados y presentados por los chefs, quienes compartir\u00e1n la inspiraci\u00f3n detr\u00e1s de cada creaci\u00f3n. Finalizar\u00e1s la velada con caf\u00e9 o una infusi\u00f3n de hierbas, y un obsequio para recordar esta experiencia inigualable. Exclusivo para tarjetahabientes <\/span><span class=\"NormalTextRun SpellingErrorV2Themed SCXW113467233 BCX0\">Mastercard<\/span><span class=\"NormalTextRun SCXW113467233 BCX0\">.<\/span><\/span><span class=\"EOP SCXW113467233 BCX0\" data-ccp-props=\"{&quot;335559738&quot;:240,&quot;335559739&quot;:240}\">\u00a0<\/span><\/p>\n","protected":false},"excerpt":{"rendered":"<p>Del\u00e9itate con una experiencia gastron\u00f3mica irrepetible: un men\u00fa sorpresa de seis tiempos en Ephedra, uno de los restaurantes m\u00e1s aclamados de Chile. Vivir\u00e1s una \u201cexperiencia a ciegas\u201d que cambia con las estaciones, en este popular destino de alta cocina en San Pedro de Atacama. Comenzar\u00e1s con el traslado desde tu hotel y un trayecto relajante [&hellip;]<\/p>\n","protected":false},"featured_media":8565,"template":"","meta":{"_acf_changed":false,"inline_featured_image":false},"product_brand":[],"product_cat":[47],"product_tag":[],"class_list":{"0":"post-8534","1":"product","2":"type-product","3":"status-publish","4":"has-post-thumbnail","6":"product_cat-experiencias","8":"first","9":"instock","10":"virtual","11":"sold-individually","12":"purchasable","13":"product-type-booking"},"acf":[],"_links":{"self":[{"href":"https:\/\/smartlinks-web-pdn-priceless-latam.azurewebsites.net\/es\/wp-json\/wp\/v2\/product\/8534","targetHints":{"allow":["GET"]}}],"collection":[{"href":"https:\/\/smartlinks-web-pdn-priceless-latam.azurewebsites.net\/es\/wp-json\/wp\/v2\/product"}],"about":[{"href":"https:\/\/smartlinks-web-pdn-priceless-latam.azurewebsites.net\/es\/wp-json\/wp\/v2\/types\/product"}],"wp:featuredmedia":[{"embeddable":true,"href":"https:\/\/smartlinks-web-pdn-priceless-latam.azurewebsites.net\/es\/wp-json\/wp\/v2\/media\/8565"}],"wp:attachment":[{"href":"https:\/\/smartlinks-web-pdn-priceless-latam.azurewebsites.net\/es\/wp-json\/wp\/v2\/media?parent=8534"}],"wp:term":[{"taxonomy":"product_brand","embeddable":true,"href":"https:\/\/smartlinks-web-pdn-priceless-latam.azurewebsites.net\/es\/wp-json\/wp\/v2\/product_brand?post=8534"},{"taxonomy":"product_cat","embeddable":true,"href":"https:\/\/smartlinks-web-pdn-priceless-latam.azurewebsites.net\/es\/wp-json\/wp\/v2\/product_cat?post=8534"},{"taxonomy":"product_tag","embeddable":true,"href":"https:\/\/smartlinks-web-pdn-priceless-latam.azurewebsites.net\/es\/wp-json\/wp\/v2\/product_tag?post=8534"}],"curies":[{"name":"wp","href":"https:\/\/api.w.org\/{rel}","templated":true}]}}