{"id":8621,"date":"2025-08-20T16:16:30","date_gmt":"2025-08-20T21:16:30","guid":{"rendered":"https:\/\/experienciaslatam.com\/?post_type=product&#038;p=8621"},"modified":"2025-08-20T17:33:00","modified_gmt":"2025-08-20T22:33:00","slug":"disfrute-de-un-festin-gastronomico-de-alta-calidad-en-imu-san-cristobal-preparado-por-un-reconocido-chef","status":"publish","type":"product","link":"https:\/\/smartlinks-web-pdn-priceless-latam.azurewebsites.net\/es\/experiencias\/disfrute-de-un-festin-gastronomico-de-alta-calidad-en-imu-san-cristobal-preparado-por-un-reconocido-chef\/","title":{"rendered":"Disfrute de un fest\u00edn gastron\u00f3mico de alta calidad en IMU San Crist\u00f3bal preparado por un reconocido chef"},"content":{"rendered":"<p><span class=\"TextRun SCXW135531751 BCX0\" lang=\"EN-US\" xml:lang=\"EN-US\" data-contrast=\"auto\"><span class=\"NormalTextRun SpellingErrorV2Themed SCXW135531751 BCX0\">Reg\u00e1late<\/span> <span class=\"NormalTextRun SpellingErrorV2Themed SCXW135531751 BCX0\">una<\/span> <span class=\"NormalTextRun SpellingErrorV2Themed SCXW135531751 BCX0\">velada<\/span> <span class=\"NormalTextRun SpellingErrorV2Themed SCXW135531751 BCX0\">culinaria<\/span> <span class=\"NormalTextRun SpellingErrorV2Themed SCXW135531751 BCX0\">refinada<\/span> <span class=\"NormalTextRun SpellingErrorV2Themed SCXW135531751 BCX0\">en<\/span><span class=\"NormalTextRun SCXW135531751 BCX0\"> IMU San Crist\u00f3bal de Providencia, un <\/span><span class=\"NormalTextRun SpellingErrorV2Themed SCXW135531751 BCX0\">espacio<\/span><span class=\"NormalTextRun SCXW135531751 BCX0\"> que <\/span><span class=\"NormalTextRun SpellingErrorV2Themed SCXW135531751 BCX0\">combina<\/span><span class=\"NormalTextRun SCXW135531751 BCX0\"> a la <\/span><span class=\"NormalTextRun SpellingErrorV2Themed SCXW135531751 BCX0\">perfecci\u00f3n<\/span> <span class=\"NormalTextRun SpellingErrorV2Themed SCXW135531751 BCX0\">ambiente<\/span><span class=\"NormalTextRun SCXW135531751 BCX0\"> y <\/span><span class=\"NormalTextRun SpellingErrorV2Themed SCXW135531751 BCX0\">gastronom\u00eda<\/span><span class=\"NormalTextRun SCXW135531751 BCX0\">. <\/span><span class=\"NormalTextRun SpellingErrorV2Themed SCXW135531751 BCX0\">Disfrutar\u00e1s<\/span> <span class=\"NormalTextRun SpellingErrorV2Themed SCXW135531751 BCX0\">mientras<\/span><span class=\"NormalTextRun SCXW135531751 BCX0\"> la <\/span><span class=\"NormalTextRun SpellingErrorV2Themed SCXW135531751 BCX0\">reconocida<\/span><span class=\"NormalTextRun SCXW135531751 BCX0\"> chef <\/span><span class=\"NormalTextRun SpellingErrorV2Themed SCXW135531751 BCX0\">chilena<\/span><span class=\"NormalTextRun SCXW135531751 BCX0\"> Javiera Palacios <\/span><span class=\"NormalTextRun SpellingErrorV2Themed SCXW135531751 BCX0\">prepara<\/span><span class=\"NormalTextRun SCXW135531751 BCX0\"> un <\/span><span class=\"NormalTextRun SpellingErrorV2Themed SCXW135531751 BCX0\">men\u00fa<\/span><span class=\"NormalTextRun SCXW135531751 BCX0\"> a <\/span><span class=\"NormalTextRun SpellingErrorV2Themed SCXW135531751 BCX0\">medida<\/span><span class=\"NormalTextRun SCXW135531751 BCX0\"> solo para <\/span><span class=\"NormalTextRun SpellingErrorV2Themed SCXW135531751 BCX0\">tu<\/span> <span class=\"NormalTextRun SpellingErrorV2Themed SCXW135531751 BCX0\">grupo<\/span><span class=\"NormalTextRun SCXW135531751 BCX0\">, <\/span><span class=\"NormalTextRun SpellingErrorV2Themed SCXW135531751 BCX0\">relaj\u00e1ndote<\/span> <span class=\"NormalTextRun SpellingErrorV2Themed SCXW135531751 BCX0\">mientras<\/span><span class=\"NormalTextRun SCXW135531751 BCX0\"> la chef <\/span><span class=\"NormalTextRun SpellingErrorV2Themed SCXW135531751 BCX0\">trabaja<\/span><span class=\"NormalTextRun SCXW135531751 BCX0\"> y, al <\/span><span class=\"NormalTextRun SpellingErrorV2Themed SCXW135531751 BCX0\">mismo<\/span> <span class=\"NormalTextRun SpellingErrorV2Themed SCXW135531751 BCX0\">tiempo<\/span><span class=\"NormalTextRun SCXW135531751 BCX0\">, <\/span><span class=\"NormalTextRun SpellingErrorV2Themed SCXW135531751 BCX0\">interact\u00faa<\/span><span class=\"NormalTextRun SCXW135531751 BCX0\"> con <\/span><span class=\"NormalTextRun SpellingErrorV2Themed SCXW135531751 BCX0\">los<\/span> <span class=\"NormalTextRun SpellingErrorV2Themed SCXW135531751 BCX0\">invitados<\/span><span class=\"NormalTextRun SCXW135531751 BCX0\"> y <\/span><span class=\"NormalTextRun SpellingErrorV2Themed SCXW135531751 BCX0\">explica<\/span><span class=\"NormalTextRun SCXW135531751 BCX0\"> la <\/span><span class=\"NormalTextRun SpellingErrorV2Themed SCXW135531751 BCX0\">inspiraci\u00f3n<\/span> <span class=\"NormalTextRun SpellingErrorV2Themed SCXW135531751 BCX0\">detr\u00e1s<\/span><span class=\"NormalTextRun SCXW135531751 BCX0\"> de <\/span><span class=\"NormalTextRun SpellingErrorV2Themed SCXW135531751 BCX0\">cada<\/span> <span class=\"NormalTextRun SpellingErrorV2Themed SCXW135531751 BCX0\">plato<\/span> <span class=\"NormalTextRun SpellingErrorV2Themed SCXW135531751 BCX0\">\u00fanico<\/span><span class=\"NormalTextRun SCXW135531751 BCX0\">. <\/span><span class=\"NormalTextRun SpellingErrorV2Themed SCXW135531751 BCX0\">Adem\u00e1s<\/span><span class=\"NormalTextRun SCXW135531751 BCX0\">, <\/span><span class=\"NormalTextRun SpellingErrorV2Themed SCXW135531751 BCX0\">recibir\u00e1s<\/span><span class=\"NormalTextRun SCXW135531751 BCX0\"> un <\/span><span class=\"NormalTextRun SpellingErrorV2Themed SCXW135531751 BCX0\">obsequio<\/span><span class=\"NormalTextRun SCXW135531751 BCX0\"> especial para <\/span><span class=\"NormalTextRun SpellingErrorV2Themed SCXW135531751 BCX0\">llevar<\/span> <span class=\"NormalTextRun SpellingErrorV2Themed SCXW135531751 BCX0\">como<\/span><span class=\"NormalTextRun SCXW135531751 BCX0\"> un <\/span><span class=\"NormalTextRun SpellingErrorV2Themed SCXW135531751 BCX0\">sabroso<\/span> <span class=\"NormalTextRun SpellingErrorV2Themed SCXW135531751 BCX0\">recuerdo<\/span><span class=\"NormalTextRun SCXW135531751 BCX0\"> de <\/span><span class=\"NormalTextRun SpellingErrorV2Themed SCXW135531751 BCX0\">esta<\/span> <span class=\"NormalTextRun SpellingErrorV2Themed SCXW135531751 BCX0\">experiencia<\/span> <span class=\"NormalTextRun SpellingErrorV2Themed SCXW135531751 BCX0\">irrepetible<\/span><span class=\"NormalTextRun SCXW135531751 BCX0\">. <\/span><span class=\"NormalTextRun SpellingErrorV2Themed SCXW135531751 BCX0\">Exclusivo<\/span><span class=\"NormalTextRun SCXW135531751 BCX0\"> para <\/span><span class=\"NormalTextRun SpellingErrorV2Themed SCXW135531751 BCX0\">tarjetahabientes<\/span><span class=\"NormalTextRun SCXW135531751 BCX0\"> Mastercard.<\/span><\/span><span class=\"EOP SCXW135531751 BCX0\" data-ccp-props=\"{&quot;134233117&quot;:false,&quot;134233118&quot;:false,&quot;335551550&quot;:0,&quot;335551620&quot;:0,&quot;335559738&quot;:240,&quot;335559739&quot;:240}\">\u00a0<\/span><\/p>\n","protected":false},"excerpt":{"rendered":"<p>Reg\u00e1late una velada culinaria refinada en IMU San Crist\u00f3bal de Providencia, un espacio que combina a la perfecci\u00f3n ambiente y gastronom\u00eda. Disfrutar\u00e1s mientras la reconocida chef chilena Javiera Palacios prepara un men\u00fa a medida solo para tu grupo, relaj\u00e1ndote mientras la chef trabaja y, al mismo tiempo, interact\u00faa con los invitados y explica la inspiraci\u00f3n [&hellip;]<\/p>\n","protected":false},"featured_media":8646,"template":"","meta":{"_acf_changed":false,"inline_featured_image":false},"product_brand":[],"product_cat":[47],"product_tag":[],"class_list":{"0":"post-8621","1":"product","2":"type-product","3":"status-publish","4":"has-post-thumbnail","6":"product_cat-experiencias","8":"first","9":"instock","10":"virtual","11":"sold-individually","12":"purchasable","13":"product-type-booking"},"acf":[],"_links":{"self":[{"href":"https:\/\/smartlinks-web-pdn-priceless-latam.azurewebsites.net\/es\/wp-json\/wp\/v2\/product\/8621","targetHints":{"allow":["GET"]}}],"collection":[{"href":"https:\/\/smartlinks-web-pdn-priceless-latam.azurewebsites.net\/es\/wp-json\/wp\/v2\/product"}],"about":[{"href":"https:\/\/smartlinks-web-pdn-priceless-latam.azurewebsites.net\/es\/wp-json\/wp\/v2\/types\/product"}],"wp:featuredmedia":[{"embeddable":true,"href":"https:\/\/smartlinks-web-pdn-priceless-latam.azurewebsites.net\/es\/wp-json\/wp\/v2\/media\/8646"}],"wp:attachment":[{"href":"https:\/\/smartlinks-web-pdn-priceless-latam.azurewebsites.net\/es\/wp-json\/wp\/v2\/media?parent=8621"}],"wp:term":[{"taxonomy":"product_brand","embeddable":true,"href":"https:\/\/smartlinks-web-pdn-priceless-latam.azurewebsites.net\/es\/wp-json\/wp\/v2\/product_brand?post=8621"},{"taxonomy":"product_cat","embeddable":true,"href":"https:\/\/smartlinks-web-pdn-priceless-latam.azurewebsites.net\/es\/wp-json\/wp\/v2\/product_cat?post=8621"},{"taxonomy":"product_tag","embeddable":true,"href":"https:\/\/smartlinks-web-pdn-priceless-latam.azurewebsites.net\/es\/wp-json\/wp\/v2\/product_tag?post=8621"}],"curies":[{"name":"wp","href":"https:\/\/api.w.org\/{rel}","templated":true}]}}