{"id":8989,"date":"2025-09-23T11:56:19","date_gmt":"2025-09-23T16:56:19","guid":{"rendered":"https:\/\/experienciaslatam.com\/?post_type=product&#038;p=8989"},"modified":"2025-09-23T17:30:20","modified_gmt":"2025-09-23T22:30:20","slug":"explora-las-tradiciones-del-asado-argentino-en-un-sabroso-recorrido-culinario","status":"publish","type":"product","link":"https:\/\/smartlinks-web-pdn-priceless-latam.azurewebsites.net\/es\/experiencias\/explora-las-tradiciones-del-asado-argentino-en-un-sabroso-recorrido-culinario\/","title":{"rendered":"Explora las tradiciones del asado argentino en un sabroso recorrido culinario"},"content":{"rendered":"<p><span class=\"TextRun MacChromeBold SCXW114826503 BCX0\" lang=\"ES-ES\" xml:lang=\"ES-ES\" data-contrast=\"auto\"><span class=\"NormalTextRun SCXW114826503 BCX0\">Emb\u00e1rcate<\/span> <span class=\"NormalTextRun SCXW114826503 BCX0\">en<\/span><span class=\"NormalTextRun SCXW114826503 BCX0\"> un <\/span><span class=\"NormalTextRun SCXW114826503 BCX0\">recorrido<\/span> <span class=\"NormalTextRun SCXW114826503 BCX0\">culinario<\/span> <span class=\"NormalTextRun SCXW114826503 BCX0\">cuidadosamente<\/span> <span class=\"NormalTextRun SCXW114826503 BCX0\">dise\u00f1ado<\/span> <span class=\"NormalTextRun SCXW114826503 BCX0\">por<\/span><span class=\"NormalTextRun SCXW114826503 BCX0\"> Buenos Aires para <\/span><span class=\"NormalTextRun SCXW114826503 BCX0\">descubrir<\/span><span class=\"NormalTextRun SCXW114826503 BCX0\"> lo <\/span><span class=\"NormalTextRun SCXW114826503 BCX0\">mejor<\/span><span class=\"NormalTextRun SCXW114826503 BCX0\"> de la <\/span><span class=\"NormalTextRun SCXW114826503 BCX0\">cultura<\/span> <span class=\"NormalTextRun SCXW114826503 BCX0\">parriller<\/span><span class=\"NormalTextRun SCXW114826503 BCX0\">a<\/span> <span class=\"NormalTextRun SCXW114826503 BCX0\">argentina<\/span><span class=\"NormalTextRun SCXW114826503 BCX0\">. <\/span><\/span><span class=\"TextRun SCXW114826503 BCX0\" lang=\"ES-ES\" xml:lang=\"ES-ES\" data-contrast=\"auto\"><span class=\"NormalTextRun SCXW114826503 BCX0\">Comenzar\u00e1s<\/span><span class=\"NormalTextRun SCXW114826503 BCX0\"> con <\/span><span class=\"NormalTextRun SCXW114826503 BCX0\">una<\/span> <span class=\"NormalTextRun SCXW114826503 BCX0\">versi\u00f3n<\/span><span class=\"NormalTextRun SCXW114826503 BCX0\"> gourmet del <\/span><span class=\"NormalTextRun SCXW114826503 BCX0\">cl\u00e1sico<\/span> <span class=\"NormalTextRun SCXW114826503 BCX0\">chorip\u00e1n<\/span><span class=\"NormalTextRun SCXW114826503 BCX0\">, que <\/span><span class=\"NormalTextRun SCXW114826503 BCX0\">te<\/span> <span class=\"NormalTextRun SCXW114826503 BCX0\">introducir\u00e1<\/span><span class=\"NormalTextRun SCXW114826503 BCX0\"> a <\/span><span class=\"NormalTextRun SCXW114826503 BCX0\">los<\/span> <span class=\"NormalTextRun SCXW114826503 BCX0\">sabores<\/span> <span class=\"NormalTextRun SCXW114826503 BCX0\">modernos<\/span><span class=\"NormalTextRun SCXW114826503 BCX0\"> del <\/span><span class=\"NormalTextRun SCXW114826503 BCX0\">pa\u00eds<\/span><span class=\"NormalTextRun SCXW114826503 BCX0\">. Luego, <\/span><span class=\"NormalTextRun SCXW114826503 BCX0\">disfrutar\u00e1s<\/span><span class=\"NormalTextRun SCXW114826503 BCX0\"> de <\/span><span class=\"NormalTextRun SCXW114826503 BCX0\">una<\/span> <span class=\"NormalTextRun SCXW114826503 BCX0\">experiencia<\/span> <span class=\"NormalTextRun SCXW114826503 BCX0\">gastron\u00f3mica<\/span> <span class=\"NormalTextRun SCXW114826503 BCX0\">galardonada<\/span><span class=\"NormalTextRun SCXW114826503 BCX0\"> con <\/span><span class=\"NormalTextRun SCXW114826503 BCX0\">una<\/span><span class=\"NormalTextRun SCXW114826503 BCX0\"> Estrella Verde Michelin, <\/span><span class=\"NormalTextRun SCXW114826503 BCX0\">comenzando<\/span><span class=\"NormalTextRun SCXW114826503 BCX0\"> con <\/span><span class=\"NormalTextRun SCXW114826503 BCX0\">fiambres<\/span><span class=\"NormalTextRun SCXW114826503 BCX0\"> de <\/span><span class=\"NormalTextRun SCXW114826503 BCX0\">una<\/span><span class=\"NormalTextRun SCXW114826503 BCX0\"> cava y <\/span><span class=\"NormalTextRun SCXW114826503 BCX0\">seguida<\/span> <span class=\"NormalTextRun SCXW114826503 BCX0\">por<\/span> <span class=\"NormalTextRun SCXW114826503 BCX0\">tu<\/span> <span class=\"NormalTextRun SCXW114826503 BCX0\">elecci\u00f3n<\/span><span class=\"NormalTextRun SCXW114826503 BCX0\"> de <\/span><span class=\"NormalTextRun SCXW114826503 BCX0\">bife<\/span><span class=\"NormalTextRun SCXW114826503 BCX0\"> o <\/span><span class=\"NormalTextRun SCXW114826503 BCX0\">milanesa<\/span><span class=\"NormalTextRun SCXW114826503 BCX0\">, <\/span><span class=\"NormalTextRun SCXW114826503 BCX0\">acompa\u00f1ada<\/span><span class=\"NormalTextRun SCXW114826503 BCX0\"> de <\/span><span class=\"NormalTextRun SCXW114826503 BCX0\">guarniciones<\/span><span class=\"NormalTextRun SCXW114826503 BCX0\">, vino y <\/span><span class=\"NormalTextRun SCXW114826503 BCX0\">postre<\/span> <span class=\"NormalTextRun SCXW114826503 BCX0\">en<\/span><span class=\"NormalTextRun SCXW114826503 BCX0\"> un <\/span><span class=\"NormalTextRun SCXW114826503 BCX0\">entorno<\/span> <span class=\"NormalTextRun SCXW114826503 BCX0\">\u00edntimo<\/span><span class=\"NormalTextRun SCXW114826503 BCX0\">. <\/span><span class=\"NormalTextRun SCXW114826503 BCX0\">Despu\u00e9s<\/span><span class=\"NormalTextRun SCXW114826503 BCX0\">, <\/span><span class=\"NormalTextRun SCXW114826503 BCX0\">visitar\u00e1s<\/span><span class=\"NormalTextRun SCXW114826503 BCX0\"> un elegante <\/span><span class=\"NormalTextRun SCXW114826503 BCX0\">espacio<\/span> <span class=\"NormalTextRun SCXW114826503 BCX0\">ubicado<\/span> <span class=\"NormalTextRun SCXW114826503 BCX0\">en<\/span> <span class=\"NormalTextRun SCXW114826503 BCX0\">una<\/span><span class=\"NormalTextRun SCXW114826503 BCX0\"> casa <\/span><span class=\"NormalTextRun SCXW114826503 BCX0\">porte\u00f1a<\/span> <span class=\"NormalTextRun SCXW114826503 BCX0\">restaurada<\/span><span class=\"NormalTextRun SCXW114826503 BCX0\">, <\/span><span class=\"NormalTextRun SCXW114826503 BCX0\">donde<\/span> <span class=\"NormalTextRun SCXW114826503 BCX0\">te<\/span> <span class=\"NormalTextRun SCXW114826503 BCX0\">ofrecer\u00e1n<\/span> <span class=\"NormalTextRun SCXW114826503 BCX0\">m\u00e1s<\/span><span class=\"NormalTextRun SCXW114826503 BCX0\"> vino y <\/span><span class=\"NormalTextRun SCXW114826503 BCX0\">postre<\/span><span class=\"NormalTextRun SCXW114826503 BCX0\"> antes de que <\/span><span class=\"NormalTextRun SCXW114826503 BCX0\">el<\/span><span class=\"NormalTextRun SCXW114826503 BCX0\"> maestro <\/span><span class=\"NormalTextRun SCXW114826503 BCX0\">parrillero<\/span> <span class=\"NormalTextRun SCXW114826503 BCX0\">te<\/span> <span class=\"NormalTextRun SCXW114826503 BCX0\">conceda<\/span> <span class=\"NormalTextRun SCXW114826503 BCX0\">acceso<\/span> <span class=\"NormalTextRun SCXW114826503 BCX0\">exclusivo<\/span><span class=\"NormalTextRun SCXW114826503 BCX0\"> a la parrilla para <\/span><span class=\"NormalTextRun SCXW114826503 BCX0\">una<\/span> <span class=\"NormalTextRun SCXW114826503 BCX0\">degustaci\u00f3n<\/span> <span class=\"NormalTextRun SCXW114826503 BCX0\">privada<\/span><span class=\"NormalTextRun SCXW114826503 BCX0\"> y <\/span><span class=\"NormalTextRun SCXW114826503 BCX0\">una<\/span> <span class=\"NormalTextRun SCXW114826503 BCX0\">clase<\/span> <span class=\"NormalTextRun SCXW114826503 BCX0\">personalizada<\/span> <span class=\"NormalTextRun SCXW114826503 BCX0\">sobre<\/span> <span class=\"NormalTextRun SCXW114826503 BCX0\">fuego<\/span><span class=\"NormalTextRun SCXW114826503 BCX0\">, <\/span><span class=\"NormalTextRun SCXW114826503 BCX0\">sabor<\/span><span class=\"NormalTextRun SCXW114826503 BCX0\"> y <\/span><span class=\"NormalTextRun SCXW114826503 BCX0\">tradici\u00f3n<\/span> <span class=\"NormalTextRun SCXW114826503 BCX0\">gastron\u00f3mica<\/span><span class=\"NormalTextRun SCXW114826503 BCX0\"> local.\u00a0<\/span> <\/span><span class=\"TextRun MacChromeBold SCXW114826503 BCX0\" lang=\"ES-ES\" xml:lang=\"ES-ES\" data-contrast=\"auto\"><span class=\"NormalTextRun SCXW114826503 BCX0\">Exclusiv<\/span><span class=\"NormalTextRun SCXW114826503 BCX0\">o<\/span><span class=\"NormalTextRun SCXW114826503 BCX0\"> para<\/span> <span class=\"NormalTextRun SCXW114826503 BCX0\">tarjetahabiente<\/span><span class=\"NormalTextRun SCXW114826503 BCX0\">s<\/span> <span class=\"NormalTextRun SpellingErrorV2Themed SCXW114826503 BCX0\">Mastercard<\/span><span class=\"NormalTextRun SCXW114826503 BCX0\">.<\/span><\/span><span class=\"EOP SCXW114826503 BCX0\" data-ccp-props=\"{&quot;134233117&quot;:false,&quot;134233118&quot;:false,&quot;335559738&quot;:240,&quot;335559739&quot;:240}\">\u00a0<\/span><\/p>\n","protected":false},"excerpt":{"rendered":"<p>Emb\u00e1rcate en un recorrido culinario cuidadosamente dise\u00f1ado por Buenos Aires para descubrir lo mejor de la cultura parrillera argentina. Comenzar\u00e1s con una versi\u00f3n gourmet del cl\u00e1sico chorip\u00e1n, que te introducir\u00e1 a los sabores modernos del pa\u00eds. Luego, disfrutar\u00e1s de una experiencia gastron\u00f3mica galardonada con una Estrella Verde Michelin, comenzando con fiambres de una cava y [&hellip;]<\/p>\n","protected":false},"featured_media":9005,"template":"","meta":{"_acf_changed":false,"inline_featured_image":false},"product_brand":[],"product_cat":[47],"product_tag":[],"class_list":{"0":"post-8989","1":"product","2":"type-product","3":"status-publish","4":"has-post-thumbnail","6":"product_cat-experiencias","8":"first","9":"instock","10":"virtual","11":"sold-individually","12":"purchasable","13":"product-type-booking"},"acf":[],"_links":{"self":[{"href":"https:\/\/smartlinks-web-pdn-priceless-latam.azurewebsites.net\/es\/wp-json\/wp\/v2\/product\/8989","targetHints":{"allow":["GET"]}}],"collection":[{"href":"https:\/\/smartlinks-web-pdn-priceless-latam.azurewebsites.net\/es\/wp-json\/wp\/v2\/product"}],"about":[{"href":"https:\/\/smartlinks-web-pdn-priceless-latam.azurewebsites.net\/es\/wp-json\/wp\/v2\/types\/product"}],"wp:featuredmedia":[{"embeddable":true,"href":"https:\/\/smartlinks-web-pdn-priceless-latam.azurewebsites.net\/es\/wp-json\/wp\/v2\/media\/9005"}],"wp:attachment":[{"href":"https:\/\/smartlinks-web-pdn-priceless-latam.azurewebsites.net\/es\/wp-json\/wp\/v2\/media?parent=8989"}],"wp:term":[{"taxonomy":"product_brand","embeddable":true,"href":"https:\/\/smartlinks-web-pdn-priceless-latam.azurewebsites.net\/es\/wp-json\/wp\/v2\/product_brand?post=8989"},{"taxonomy":"product_cat","embeddable":true,"href":"https:\/\/smartlinks-web-pdn-priceless-latam.azurewebsites.net\/es\/wp-json\/wp\/v2\/product_cat?post=8989"},{"taxonomy":"product_tag","embeddable":true,"href":"https:\/\/smartlinks-web-pdn-priceless-latam.azurewebsites.net\/es\/wp-json\/wp\/v2\/product_tag?post=8989"}],"curies":[{"name":"wp","href":"https:\/\/api.w.org\/{rel}","templated":true}]}}