{"id":9082,"date":"2025-10-01T17:11:21","date_gmt":"2025-10-01T22:11:21","guid":{"rendered":"https:\/\/experienciaslatam.com\/?post_type=product&#038;p=9082"},"modified":"2025-12-23T16:30:47","modified_gmt":"2025-12-23T21:30:47","slug":"vive-la-cena-de-cata-a-ciegas-de-vinos-en-casa-coupage","status":"publish","type":"product","link":"https:\/\/smartlinks-web-pdn-priceless-latam.azurewebsites.net\/es\/experiencias\/vive-la-cena-de-cata-a-ciegas-de-vinos-en-casa-coupage\/","title":{"rendered":"Vive la cena de cata a ciegas de vinos en Casa Coupage"},"content":{"rendered":"<p><span class=\"TextRun SCXW88372506 BCX0\" lang=\"EN-US\" xml:lang=\"EN-US\" data-contrast=\"auto\"><span class=\"NormalTextRun SpellingErrorV2Themed SCXW88372506 BCX0\">Disfruta<\/span><span class=\"NormalTextRun SCXW88372506 BCX0\"> de <\/span><span class=\"NormalTextRun SpellingErrorV2Themed SCXW88372506 BCX0\">los<\/span> <span class=\"NormalTextRun SpellingErrorV2Themed SCXW88372506 BCX0\">mejores<\/span><span class=\"NormalTextRun SCXW88372506 BCX0\"> vinos <\/span><span class=\"NormalTextRun SpellingErrorV2Themed SCXW88372506 BCX0\">que<\/span><span class=\"NormalTextRun SCXW88372506 BCX0\"> Argentina <\/span><span class=\"NormalTextRun SpellingErrorV2Themed SCXW88372506 BCX0\">tiene<\/span><span class=\"NormalTextRun SCXW88372506 BCX0\"> para <\/span><span class=\"NormalTextRun SpellingErrorV2Themed SCXW88372506 BCX0\">ofrecer<\/span> <span class=\"NormalTextRun SpellingErrorV2Themed SCXW88372506 BCX0\">en<\/span><span class=\"NormalTextRun SCXW88372506 BCX0\"> Casa <\/span><span class=\"NormalTextRun SpellingErrorV2Themed SCXW88372506 BCX0\">Coupage<\/span><span class=\"NormalTextRun SCXW88372506 BCX0\">. A lo largo de <\/span><span class=\"NormalTextRun SpellingErrorV2Themed SCXW88372506 BCX0\">siete<\/span> <span class=\"NormalTextRun SpellingErrorV2Themed SCXW88372506 BCX0\">platos<\/span><span class=\"NormalTextRun SCXW88372506 BCX0\"> de <\/span><span class=\"NormalTextRun SpellingErrorV2Themed SCXW88372506 BCX0\">cocina<\/span> <span class=\"NormalTextRun SpellingErrorV2Themed SCXW88372506 BCX0\">contempor\u00e1nea<\/span><span class=\"NormalTextRun SCXW88372506 BCX0\"> y <\/span><span class=\"NormalTextRun SpellingErrorV2Themed SCXW88372506 BCX0\">estacional<\/span><span class=\"NormalTextRun SCXW88372506 BCX0\">, <\/span><span class=\"NormalTextRun SpellingErrorV2Themed SCXW88372506 BCX0\">degustar\u00e1s<\/span> <span class=\"NormalTextRun SpellingErrorV2Themed SCXW88372506 BCX0\">una<\/span> <span class=\"NormalTextRun SpellingErrorV2Themed SCXW88372506 BCX0\">selecci\u00f3n<\/span><span class=\"NormalTextRun SCXW88372506 BCX0\"> de vinos <\/span><span class=\"NormalTextRun SpellingErrorV2Themed SCXW88372506 BCX0\">argentinos<\/span><span class=\"NormalTextRun SCXW88372506 BCX0\"> de primer <\/span><span class=\"NormalTextRun SpellingErrorV2Themed SCXW88372506 BCX0\">nivel<\/span><span class=\"NormalTextRun SCXW88372506 BCX0\">. <\/span><span class=\"NormalTextRun SpellingErrorV2Themed SCXW88372506 BCX0\">Estos<\/span> <span class=\"NormalTextRun SpellingErrorV2Themed SCXW88372506 BCX0\">incluir\u00e1n<\/span> <span class=\"NormalTextRun SpellingErrorV2Themed SCXW88372506 BCX0\">desde<\/span> <span class=\"NormalTextRun SpellingErrorV2Themed SCXW88372506 BCX0\">etiquetas<\/span><span class=\"NormalTextRun SCXW88372506 BCX0\"> de bodegas <\/span><span class=\"NormalTextRun SpellingErrorV2Themed SCXW88372506 BCX0\">reconocidas<\/span> <span class=\"NormalTextRun SpellingErrorV2Themed SCXW88372506 BCX0\">internacionalmente<\/span><span class=\"NormalTextRun SCXW88372506 BCX0\"> hasta <\/span><span class=\"NormalTextRun SpellingErrorV2Themed SCXW88372506 BCX0\">peque\u00f1os<\/span> <span class=\"NormalTextRun SpellingErrorV2Themed SCXW88372506 BCX0\">productores<\/span><span class=\"NormalTextRun SCXW88372506 BCX0\">, <\/span><span class=\"NormalTextRun SpellingErrorV2Themed SCXW88372506 BCX0\">todos<\/span> <span class=\"NormalTextRun SpellingErrorV2Themed SCXW88372506 BCX0\">cuidadosamente<\/span> <span class=\"NormalTextRun SpellingErrorV2Themed SCXW88372506 BCX0\">seleccionados<\/span> <span class=\"NormalTextRun SpellingErrorV2Themed SCXW88372506 BCX0\">por<\/span> <span class=\"NormalTextRun SpellingErrorV2Themed SCXW88372506 BCX0\">tu<\/span><span class=\"NormalTextRun SCXW88372506 BCX0\"> sommelier y <\/span><span class=\"NormalTextRun SpellingErrorV2Themed SCXW88372506 BCX0\">servidos<\/span><span class=\"NormalTextRun SCXW88372506 BCX0\"> a <\/span><span class=\"NormalTextRun SpellingErrorV2Themed SCXW88372506 BCX0\">ciegas<\/span><span class=\"NormalTextRun SCXW88372506 BCX0\"> para <\/span><span class=\"NormalTextRun SpellingErrorV2Themed SCXW88372506 BCX0\">garantizar<\/span> <span class=\"NormalTextRun SpellingErrorV2Themed SCXW88372506 BCX0\">una<\/span> <span class=\"NormalTextRun SpellingErrorV2Themed SCXW88372506 BCX0\">cata<\/span> <span class=\"NormalTextRun SpellingErrorV2Themed SCXW88372506 BCX0\">imparcial<\/span><span class=\"NormalTextRun SCXW88372506 BCX0\">. M\u00e1s <\/span><span class=\"NormalTextRun SpellingErrorV2Themed SCXW88372506 BCX0\">adelante<\/span> <span class=\"NormalTextRun SpellingErrorV2Themed SCXW88372506 BCX0\">en<\/span><span class=\"NormalTextRun SCXW88372506 BCX0\"> la <\/span><span class=\"NormalTextRun SpellingErrorV2Themed SCXW88372506 BCX0\">cena<\/span><span class=\"NormalTextRun SCXW88372506 BCX0\">, se <\/span><span class=\"NormalTextRun SpellingErrorV2Themed SCXW88372506 BCX0\">revelar\u00e1n<\/span><span class=\"NormalTextRun SCXW88372506 BCX0\"> las <\/span><span class=\"NormalTextRun SpellingErrorV2Themed SCXW88372506 BCX0\">etiquetas<\/span><span class=\"NormalTextRun SCXW88372506 BCX0\"> y se <\/span><span class=\"NormalTextRun SpellingErrorV2Themed SCXW88372506 BCX0\">discutir\u00e1n<\/span><span class=\"NormalTextRun SCXW88372506 BCX0\">, y <\/span><span class=\"NormalTextRun SpellingErrorV2Themed SCXW88372506 BCX0\">quiz\u00e1s<\/span> <span class=\"NormalTextRun SpellingErrorV2Themed SCXW88372506 BCX0\">descubras<\/span> <span class=\"NormalTextRun SpellingErrorV2Themed SCXW88372506 BCX0\">tu<\/span><span class=\"NormalTextRun SCXW88372506 BCX0\"> nuevo vino <\/span><span class=\"NormalTextRun SpellingErrorV2Themed SCXW88372506 BCX0\">favorito<\/span><span class=\"NormalTextRun SCXW88372506 BCX0\">. <\/span><span class=\"NormalTextRun SpellingErrorV2Themed SCXW88372506 BCX0\">Exclusivo<\/span><span class=\"NormalTextRun SCXW88372506 BCX0\"> para <\/span><span class=\"NormalTextRun SpellingErrorV2Themed SCXW88372506 BCX0\">tarjetahabientes<\/span><span class=\"NormalTextRun SCXW88372506 BCX0\"> Mastercard.<\/span><\/span><span class=\"EOP SCXW88372506 BCX0\" data-ccp-props=\"{}\">\u00a0<\/span><\/p>\n","protected":false},"excerpt":{"rendered":"<p>Disfruta de los mejores vinos que Argentina tiene para ofrecer en Casa Coupage. A lo largo de siete platos de cocina contempor\u00e1nea y estacional, degustar\u00e1s una selecci\u00f3n de vinos argentinos de primer nivel. Estos incluir\u00e1n desde etiquetas de bodegas reconocidas internacionalmente hasta peque\u00f1os productores, todos cuidadosamente seleccionados por tu sommelier y servidos a ciegas para [&hellip;]<\/p>\n","protected":false},"featured_media":9086,"template":"","meta":{"_acf_changed":false,"inline_featured_image":false},"product_brand":[],"product_cat":[47],"product_tag":[],"class_list":{"0":"post-9082","1":"product","2":"type-product","3":"status-publish","4":"has-post-thumbnail","6":"product_cat-experiencias","8":"first","9":"instock","10":"virtual","11":"sold-individually","12":"purchasable","13":"product-type-booking"},"acf":[],"_links":{"self":[{"href":"https:\/\/smartlinks-web-pdn-priceless-latam.azurewebsites.net\/es\/wp-json\/wp\/v2\/product\/9082","targetHints":{"allow":["GET"]}}],"collection":[{"href":"https:\/\/smartlinks-web-pdn-priceless-latam.azurewebsites.net\/es\/wp-json\/wp\/v2\/product"}],"about":[{"href":"https:\/\/smartlinks-web-pdn-priceless-latam.azurewebsites.net\/es\/wp-json\/wp\/v2\/types\/product"}],"wp:featuredmedia":[{"embeddable":true,"href":"https:\/\/smartlinks-web-pdn-priceless-latam.azurewebsites.net\/es\/wp-json\/wp\/v2\/media\/9086"}],"wp:attachment":[{"href":"https:\/\/smartlinks-web-pdn-priceless-latam.azurewebsites.net\/es\/wp-json\/wp\/v2\/media?parent=9082"}],"wp:term":[{"taxonomy":"product_brand","embeddable":true,"href":"https:\/\/smartlinks-web-pdn-priceless-latam.azurewebsites.net\/es\/wp-json\/wp\/v2\/product_brand?post=9082"},{"taxonomy":"product_cat","embeddable":true,"href":"https:\/\/smartlinks-web-pdn-priceless-latam.azurewebsites.net\/es\/wp-json\/wp\/v2\/product_cat?post=9082"},{"taxonomy":"product_tag","embeddable":true,"href":"https:\/\/smartlinks-web-pdn-priceless-latam.azurewebsites.net\/es\/wp-json\/wp\/v2\/product_tag?post=9082"}],"curies":[{"name":"wp","href":"https:\/\/api.w.org\/{rel}","templated":true}]}}