{"id":9543,"date":"2025-11-19T10:29:24","date_gmt":"2025-11-19T15:29:24","guid":{"rendered":"https:\/\/experienciaslatam.com\/?post_type=product&#038;p=9543"},"modified":"2026-01-16T13:14:52","modified_gmt":"2026-01-16T18:14:52","slug":"disfruta-un-brunch-con-una-leyenda-del-futbol-en-la-final-de-la-conmebol-libertadores","status":"publish","type":"product","link":"https:\/\/smartlinks-web-pdn-priceless-latam.azurewebsites.net\/es\/experiencias\/disfruta-un-brunch-con-una-leyenda-del-futbol-en-la-final-de-la-conmebol-libertadores\/","title":{"rendered":"Disfruta un brunch con una leyenda del f\u00fatbol en la final de la CONMEBOL Libertadores"},"content":{"rendered":"<p>Crea recuerdos \u00fanicos en la Final de la CONMEBOL Libertadores con una experiencia exclusiva de brunch en Celeste Rooftop Bar, Hyatt Centric Hotel, junto a la leyenda del f\u00fatbol Aldo Corzo el 29 de noviembre de 2025. Disfruta bebidas sin alcohol y bocadillos mientras el delantero peruano comparte historias personales de su destacada carrera, incluyendo 34 apariciones en la CONMEBOL Libertadores con Universitario de Deportes. Luego, posa para fotos profesionales antes de dirigirte al estadio. Cortes\u00eda de Mastercard, recibir\u00e1s merchandising exclusivo, transporte ida y vuelta para dos personas y dos entradas Categor\u00eda 1 para presenciar la Final. Exclusivo para tarjetahabientes Mastercard.<\/p>\n","protected":false},"excerpt":{"rendered":"<p>Crea recuerdos \u00fanicos en la Final de la CONMEBOL Libertadores con una experiencia exclusiva de brunch en Celeste Rooftop Bar, Hyatt Centric Hotel, junto a la leyenda del f\u00fatbol Aldo Corzo el 29 de noviembre de 2025. Disfruta bebidas sin alcohol y bocadillos mientras el delantero peruano comparte historias personales de su destacada carrera, incluyendo [&hellip;]<\/p>\n","protected":false},"featured_media":9552,"template":"","meta":{"_acf_changed":false,"inline_featured_image":false},"product_brand":[],"product_cat":[47,55],"product_tag":[],"class_list":{"0":"post-9543","1":"product","2":"type-product","3":"status-publish","4":"has-post-thumbnail","6":"product_cat-experiencias","7":"product_cat-libertadoresla","9":"first","10":"instock","11":"sold-individually","12":"shipping-taxable","13":"purchasable","14":"product-type-variable"},"acf":[],"_links":{"self":[{"href":"https:\/\/smartlinks-web-pdn-priceless-latam.azurewebsites.net\/es\/wp-json\/wp\/v2\/product\/9543","targetHints":{"allow":["GET"]}}],"collection":[{"href":"https:\/\/smartlinks-web-pdn-priceless-latam.azurewebsites.net\/es\/wp-json\/wp\/v2\/product"}],"about":[{"href":"https:\/\/smartlinks-web-pdn-priceless-latam.azurewebsites.net\/es\/wp-json\/wp\/v2\/types\/product"}],"wp:featuredmedia":[{"embeddable":true,"href":"https:\/\/smartlinks-web-pdn-priceless-latam.azurewebsites.net\/es\/wp-json\/wp\/v2\/media\/9552"}],"wp:attachment":[{"href":"https:\/\/smartlinks-web-pdn-priceless-latam.azurewebsites.net\/es\/wp-json\/wp\/v2\/media?parent=9543"}],"wp:term":[{"taxonomy":"product_brand","embeddable":true,"href":"https:\/\/smartlinks-web-pdn-priceless-latam.azurewebsites.net\/es\/wp-json\/wp\/v2\/product_brand?post=9543"},{"taxonomy":"product_cat","embeddable":true,"href":"https:\/\/smartlinks-web-pdn-priceless-latam.azurewebsites.net\/es\/wp-json\/wp\/v2\/product_cat?post=9543"},{"taxonomy":"product_tag","embeddable":true,"href":"https:\/\/smartlinks-web-pdn-priceless-latam.azurewebsites.net\/es\/wp-json\/wp\/v2\/product_tag?post=9543"}],"curies":[{"name":"wp","href":"https:\/\/api.w.org\/{rel}","templated":true}]}}