{"id":9982,"date":"2025-12-26T11:24:47","date_gmt":"2025-12-26T16:24:47","guid":{"rendered":"https:\/\/experienciaslatam.com\/?post_type=product&#038;p=9982"},"modified":"2026-03-25T17:12:36","modified_gmt":"2026-03-25T22:12:36","slug":"adentrate-en-el-paraiso-oculto-de-avistamiento-de-aves-en-el-delta-del-parana","status":"publish","type":"product","link":"https:\/\/smartlinks-web-pdn-priceless-latam.azurewebsites.net\/es\/experiencias\/adentrate-en-el-paraiso-oculto-de-avistamiento-de-aves-en-el-delta-del-parana\/","title":{"rendered":"Ad\u00e9ntrate en el para\u00edso oculto de avistamiento de aves en el Delta del Paran\u00e1"},"content":{"rendered":"<p><span class=\"TextRun SCXW118146162 BCX0\" lang=\"ES-ES\" xml:lang=\"ES-ES\" data-contrast=\"auto\"><span class=\"NormalTextRun SCXW118146162 BCX0\">Emb\u00e1rcate en una escapada privada de dos d\u00edas hacia la Reserva de la Biosfera del Delta del Paran\u00e1, reconocida por la UNESCO, guiado por Mat\u00edas, conservacionista, experto en aves y fot\u00f3grafo de vida silvestre. Navegar\u00e1s por canales poco explorados, escuchar\u00e1s historias de jaguares y ciervos de los pantanos, y observar\u00e1s de cerca las aves silvestres de la regi\u00f3n y otras especies nativas. Tras un d\u00eda en el agua, descansar\u00e1s en un \u00edntimo eco-<\/span><span class=\"NormalTextRun SpellingErrorV2Themed SCXW118146162 BCX0\">lodge<\/span><span class=\"NormalTextRun SCXW118146162 BCX0\">, donde disfrutar\u00e1s de comidas caseras con bebidas incluidas y te relajar\u00e1s en un paisaje sereno. Exclusivo para tarjetahabientes\u00a0<\/span><span class=\"NormalTextRun SpellingErrorV2Themed SCXW118146162 BCX0\">Mastercard<\/span><span class=\"NormalTextRun SCXW118146162 BCX0\">.<\/span><\/span><\/p>\n","protected":false},"excerpt":{"rendered":"<p>Emb\u00e1rcate en una escapada privada de dos d\u00edas hacia la Reserva de la Biosfera del Delta del Paran\u00e1, reconocida por la UNESCO, guiado por Mat\u00edas, conservacionista, experto en aves y fot\u00f3grafo de vida silvestre. Navegar\u00e1s por canales poco explorados, escuchar\u00e1s historias de jaguares y ciervos de los pantanos, y observar\u00e1s de cerca las aves silvestres [&hellip;]<\/p>\n","protected":false},"featured_media":9996,"template":"","meta":{"_acf_changed":false,"inline_featured_image":false},"product_brand":[],"product_cat":[47],"product_tag":[],"class_list":{"0":"post-9982","1":"product","2":"type-product","3":"status-publish","4":"has-post-thumbnail","6":"product_cat-experiencias","8":"first","9":"instock","10":"virtual","11":"sold-individually","12":"purchasable","13":"product-type-booking"},"acf":[],"_links":{"self":[{"href":"https:\/\/smartlinks-web-pdn-priceless-latam.azurewebsites.net\/es\/wp-json\/wp\/v2\/product\/9982","targetHints":{"allow":["GET"]}}],"collection":[{"href":"https:\/\/smartlinks-web-pdn-priceless-latam.azurewebsites.net\/es\/wp-json\/wp\/v2\/product"}],"about":[{"href":"https:\/\/smartlinks-web-pdn-priceless-latam.azurewebsites.net\/es\/wp-json\/wp\/v2\/types\/product"}],"wp:featuredmedia":[{"embeddable":true,"href":"https:\/\/smartlinks-web-pdn-priceless-latam.azurewebsites.net\/es\/wp-json\/wp\/v2\/media\/9996"}],"wp:attachment":[{"href":"https:\/\/smartlinks-web-pdn-priceless-latam.azurewebsites.net\/es\/wp-json\/wp\/v2\/media?parent=9982"}],"wp:term":[{"taxonomy":"product_brand","embeddable":true,"href":"https:\/\/smartlinks-web-pdn-priceless-latam.azurewebsites.net\/es\/wp-json\/wp\/v2\/product_brand?post=9982"},{"taxonomy":"product_cat","embeddable":true,"href":"https:\/\/smartlinks-web-pdn-priceless-latam.azurewebsites.net\/es\/wp-json\/wp\/v2\/product_cat?post=9982"},{"taxonomy":"product_tag","embeddable":true,"href":"https:\/\/smartlinks-web-pdn-priceless-latam.azurewebsites.net\/es\/wp-json\/wp\/v2\/product_tag?post=9982"}],"curies":[{"name":"wp","href":"https:\/\/api.w.org\/{rel}","templated":true}]}}