{"id":10818,"date":"2026-01-19T09:41:34","date_gmt":"2026-01-19T14:41:34","guid":{"rendered":"https:\/\/experienciaslatam.com\/?post_type=product&#038;p=10818"},"modified":"2026-01-19T09:42:21","modified_gmt":"2026-01-19T14:42:21","slug":"celebre-uma-fusao-unica-entre-gastronomia-e-arte-em-bogota-com-tavo-garavato-e-nicocina-copy","status":"publish","type":"product","link":"https:\/\/smartlinks-web-pdn-priceless-latam.azurewebsites.net\/pt-br\/experienciasx\/celebre-uma-fusao-unica-entre-gastronomia-e-arte-em-bogota-com-tavo-garavato-e-nicocina-copy\/","title":{"rendered":"Celebre uma fus\u00e3o \u00fanica entre gastronomia e arte em Bogot\u00e1 com Tavo Garavato e Nicocina (Copy)"},"content":{"rendered":"<p>Sinta a energia que nasce no encontro entre arte e gastronomia quando o aclamado artista gr\u00e1fico Tavo Garavato se une ao renomado criador de conte\u00fado e influenciador gastron\u00f4mico Nicocina Cooks em uma s\u00e9rie de eventos in\u00e9dita. Ap\u00f3s uma bebida de boas-vindas, voc\u00ea vai despertar seu lado criativo ao participar tanto da prepara\u00e7\u00e3o de um prato colombiano sofisticado quanto da cria\u00e7\u00e3o de uma vibrante impress\u00e3o em serigrafia inspirada nele. Ao final, leve para casa uma impress\u00e3o assinada em edi\u00e7\u00e3o limitada, al\u00e9m de uma sele\u00e7\u00e3o de presentes exclusivos oferecidos pelos anfitri\u00f5es.<br \/>\nExclusivo para portadores de cart\u00f5es Mastercard.<\/p>\n","protected":false},"excerpt":{"rendered":"<p>Sinta a energia que nasce no encontro entre arte e gastronomia quando o aclamado artista gr\u00e1fico Tavo Garavato se une ao renomado criador de conte\u00fado e influenciador gastron\u00f4mico Nicocina Cooks em uma s\u00e9rie de eventos in\u00e9dita. Ap\u00f3s uma bebida de boas-vindas, voc\u00ea vai despertar seu lado criativo ao participar tanto da prepara\u00e7\u00e3o de um prato [&hellip;]<\/p>\n","protected":false},"featured_media":10467,"template":"","meta":{"_acf_changed":false,"inline_featured_image":false},"product_brand":[],"product_cat":[48],"product_tag":[],"class_list":{"0":"post-10818","1":"product","2":"type-product","3":"status-publish","4":"has-post-thumbnail","6":"product_cat-experienciasx","8":"first","9":"instock","10":"sold-individually","11":"shipping-taxable","12":"purchasable","13":"product-type-booking"},"acf":[],"_links":{"self":[{"href":"https:\/\/smartlinks-web-pdn-priceless-latam.azurewebsites.net\/pt-br\/wp-json\/wp\/v2\/product\/10818","targetHints":{"allow":["GET"]}}],"collection":[{"href":"https:\/\/smartlinks-web-pdn-priceless-latam.azurewebsites.net\/pt-br\/wp-json\/wp\/v2\/product"}],"about":[{"href":"https:\/\/smartlinks-web-pdn-priceless-latam.azurewebsites.net\/pt-br\/wp-json\/wp\/v2\/types\/product"}],"wp:featuredmedia":[{"embeddable":true,"href":"https:\/\/smartlinks-web-pdn-priceless-latam.azurewebsites.net\/pt-br\/wp-json\/wp\/v2\/media\/10467"}],"wp:attachment":[{"href":"https:\/\/smartlinks-web-pdn-priceless-latam.azurewebsites.net\/pt-br\/wp-json\/wp\/v2\/media?parent=10818"}],"wp:term":[{"taxonomy":"product_brand","embeddable":true,"href":"https:\/\/smartlinks-web-pdn-priceless-latam.azurewebsites.net\/pt-br\/wp-json\/wp\/v2\/product_brand?post=10818"},{"taxonomy":"product_cat","embeddable":true,"href":"https:\/\/smartlinks-web-pdn-priceless-latam.azurewebsites.net\/pt-br\/wp-json\/wp\/v2\/product_cat?post=10818"},{"taxonomy":"product_tag","embeddable":true,"href":"https:\/\/smartlinks-web-pdn-priceless-latam.azurewebsites.net\/pt-br\/wp-json\/wp\/v2\/product_tag?post=10818"}],"curies":[{"name":"wp","href":"https:\/\/api.w.org\/{rel}","templated":true}]}}