{"id":11806,"date":"2026-03-09T16:49:47","date_gmt":"2026-03-09T21:49:47","guid":{"rendered":"https:\/\/experienciaslatam.com\/?post_type=product&#038;p=11806"},"modified":"2026-03-10T09:50:34","modified_gmt":"2026-03-10T14:50:34","slug":"descubra-as-historias-unicas-da-colombia-atraves-de-uma-degustacao-de-licores","status":"publish","type":"product","link":"https:\/\/smartlinks-web-pdn-priceless-latam.azurewebsites.net\/pt-br\/experienciasx\/descubra-as-historias-unicas-da-colombia-atraves-de-uma-degustacao-de-licores\/","title":{"rendered":"Descubra as hist\u00f3rias \u00fanicas da Col\u00f4mbia atrav\u00e9s de uma degusta\u00e7\u00e3o de licores"},"content":{"rendered":"<p>Descubra as tradi\u00e7\u00f5es, a hist\u00f3ria e a ess\u00eancia da Col\u00f4mbia ao degustar licores ancestrais no Carmen Medell\u00edn, um restaurante de alta cozinha em Medell\u00edn. Guiado pelo mixologista Maycoll Tob\u00f3n, voc\u00ea apreciar\u00e1 os sabores e aromas do viche, chirrinchi e outros licores, enquanto ouve relatos culturais. Voc\u00ea desfrutar\u00e1 de coquet\u00e9is elaborados com esses sabores, acompanhados de pequenos pratos cuidadosamente preparados. Como lembran\u00e7a, levar\u00e1 para casa uma mini garrafa de viche \u2014 um aut\u00eantico souvenir colombiano. Exclusivo para portadores de cart\u00e3o Mastercard.<\/p>\n","protected":false},"excerpt":{"rendered":"<p>Descubra as tradi\u00e7\u00f5es, a hist\u00f3ria e a ess\u00eancia da Col\u00f4mbia ao degustar licores ancestrais no Carmen Medell\u00edn, um restaurante de alta cozinha em Medell\u00edn. Guiado pelo mixologista Maycoll Tob\u00f3n, voc\u00ea apreciar\u00e1 os sabores e aromas do viche, chirrinchi e outros licores, enquanto ouve relatos culturais. Voc\u00ea desfrutar\u00e1 de coquet\u00e9is elaborados com esses sabores, acompanhados de [&hellip;]<\/p>\n","protected":false},"featured_media":11833,"template":"","meta":{"_acf_changed":false,"inline_featured_image":false},"product_brand":[],"product_cat":[48],"product_tag":[],"class_list":{"0":"post-11806","1":"product","2":"type-product","3":"status-publish","4":"has-post-thumbnail","6":"product_cat-experienciasx","8":"first","9":"instock","10":"virtual","11":"sold-individually","12":"purchasable","13":"product-type-booking"},"acf":[],"_links":{"self":[{"href":"https:\/\/smartlinks-web-pdn-priceless-latam.azurewebsites.net\/pt-br\/wp-json\/wp\/v2\/product\/11806","targetHints":{"allow":["GET"]}}],"collection":[{"href":"https:\/\/smartlinks-web-pdn-priceless-latam.azurewebsites.net\/pt-br\/wp-json\/wp\/v2\/product"}],"about":[{"href":"https:\/\/smartlinks-web-pdn-priceless-latam.azurewebsites.net\/pt-br\/wp-json\/wp\/v2\/types\/product"}],"wp:featuredmedia":[{"embeddable":true,"href":"https:\/\/smartlinks-web-pdn-priceless-latam.azurewebsites.net\/pt-br\/wp-json\/wp\/v2\/media\/11833"}],"wp:attachment":[{"href":"https:\/\/smartlinks-web-pdn-priceless-latam.azurewebsites.net\/pt-br\/wp-json\/wp\/v2\/media?parent=11806"}],"wp:term":[{"taxonomy":"product_brand","embeddable":true,"href":"https:\/\/smartlinks-web-pdn-priceless-latam.azurewebsites.net\/pt-br\/wp-json\/wp\/v2\/product_brand?post=11806"},{"taxonomy":"product_cat","embeddable":true,"href":"https:\/\/smartlinks-web-pdn-priceless-latam.azurewebsites.net\/pt-br\/wp-json\/wp\/v2\/product_cat?post=11806"},{"taxonomy":"product_tag","embeddable":true,"href":"https:\/\/smartlinks-web-pdn-priceless-latam.azurewebsites.net\/pt-br\/wp-json\/wp\/v2\/product_tag?post=11806"}],"curies":[{"name":"wp","href":"https:\/\/api.w.org\/{rel}","templated":true}]}}