{"id":11848,"date":"2026-03-11T09:16:01","date_gmt":"2026-03-11T14:16:01","guid":{"rendered":"https:\/\/experienciaslatam.com\/?post_type=product&#038;p=11848"},"modified":"2026-03-12T15:55:25","modified_gmt":"2026-03-12T20:55:25","slug":"veja-buenos-aires-pelos-olhos-de-autores-argentinos","status":"publish","type":"product","link":"https:\/\/smartlinks-web-pdn-priceless-latam.azurewebsites.net\/pt-br\/experienciasx\/veja-buenos-aires-pelos-olhos-de-autores-argentinos\/","title":{"rendered":"Veja Buenos Aires pelos olhos de autores argentinos"},"content":{"rendered":"<p>Descubra o mundo de Borges, considerado um dos escritores mais influentes do s\u00e9culo XX e cuja obra ajudou a levar a literatura latino-americana ao reconhecimento global, junto com outros autores argentinos de destaque, em um passeio a p\u00e9 por Buenos Aires que voc\u00ea n\u00e3o encontrar\u00e1 em nenhum outro lugar. Voc\u00ea conhecer\u00e1 seus guias \u2014 Santiago Llach, criador do \u201cWorld Writing Contest\u201d, e a jornalista Catalina Lascano \u2014 e explorar\u00e1 um fascinante bairro portenho, visitando locais ic\u00f4nicos ligados a Borges e conversando sobre a vida de outras figuras liter\u00e1rias de Buenos Aires. O passeio termina com um brunch em um caf\u00e9 emblem\u00e1tico e uma conversa com Santiago. Para completar, voc\u00ea levar\u00e1 para casa um livro de edi\u00e7\u00e3o especial. Exclusivo para portadores de cart\u00e3o Mastercard.<\/p>\n","protected":false},"excerpt":{"rendered":"<p>Descubra o mundo de Borges, considerado um dos escritores mais influentes do s\u00e9culo XX e cuja obra ajudou a levar a literatura latino-americana ao reconhecimento global, junto com outros autores argentinos de destaque, em um passeio a p\u00e9 por Buenos Aires que voc\u00ea n\u00e3o encontrar\u00e1 em nenhum outro lugar. Voc\u00ea conhecer\u00e1 seus guias \u2014 Santiago [&hellip;]<\/p>\n","protected":false},"featured_media":11870,"template":"","meta":{"_acf_changed":false,"inline_featured_image":false},"product_brand":[],"product_cat":[48],"product_tag":[],"class_list":{"0":"post-11848","1":"product","2":"type-product","3":"status-publish","4":"has-post-thumbnail","6":"product_cat-experienciasx","8":"first","9":"outofstock","10":"sold-individually","11":"shipping-taxable","12":"purchasable","13":"product-type-variable"},"acf":[],"_links":{"self":[{"href":"https:\/\/smartlinks-web-pdn-priceless-latam.azurewebsites.net\/pt-br\/wp-json\/wp\/v2\/product\/11848","targetHints":{"allow":["GET"]}}],"collection":[{"href":"https:\/\/smartlinks-web-pdn-priceless-latam.azurewebsites.net\/pt-br\/wp-json\/wp\/v2\/product"}],"about":[{"href":"https:\/\/smartlinks-web-pdn-priceless-latam.azurewebsites.net\/pt-br\/wp-json\/wp\/v2\/types\/product"}],"wp:featuredmedia":[{"embeddable":true,"href":"https:\/\/smartlinks-web-pdn-priceless-latam.azurewebsites.net\/pt-br\/wp-json\/wp\/v2\/media\/11870"}],"wp:attachment":[{"href":"https:\/\/smartlinks-web-pdn-priceless-latam.azurewebsites.net\/pt-br\/wp-json\/wp\/v2\/media?parent=11848"}],"wp:term":[{"taxonomy":"product_brand","embeddable":true,"href":"https:\/\/smartlinks-web-pdn-priceless-latam.azurewebsites.net\/pt-br\/wp-json\/wp\/v2\/product_brand?post=11848"},{"taxonomy":"product_cat","embeddable":true,"href":"https:\/\/smartlinks-web-pdn-priceless-latam.azurewebsites.net\/pt-br\/wp-json\/wp\/v2\/product_cat?post=11848"},{"taxonomy":"product_tag","embeddable":true,"href":"https:\/\/smartlinks-web-pdn-priceless-latam.azurewebsites.net\/pt-br\/wp-json\/wp\/v2\/product_tag?post=11848"}],"curies":[{"name":"wp","href":"https:\/\/api.w.org\/{rel}","templated":true}]}}