{"id":12072,"date":"2026-03-26T13:56:44","date_gmt":"2026-03-26T18:56:44","guid":{"rendered":"https:\/\/experienciaslatam.com\/?post_type=product&#038;p=12072"},"modified":"2026-03-26T15:21:40","modified_gmt":"2026-03-26T20:21:40","slug":"pratique-ioga-e-meditacao-sonora-com-uma-atleta-campea","status":"publish","type":"product","link":"https:\/\/smartlinks-web-pdn-priceless-latam.azurewebsites.net\/pt-br\/experienciasx\/pratique-ioga-e-meditacao-sonora-com-uma-atleta-campea\/","title":{"rendered":"Pratique ioga e medita\u00e7\u00e3o sonora com uma atleta campe\u00e3"},"content":{"rendered":"<p>Restaure seu equil\u00edbrio por meio do movimento, do som e do poder curativo do oceano nesta experi\u00eancia exclusiva no Maravilha Retreat, em B\u00fazios. Junte-se \u00e0 sua anfitri\u00e3, a fisiculturista campe\u00e3 Mara Miranda, para uma sess\u00e3o de ioga de conex\u00e3o e uma medita\u00e7\u00e3o terap\u00eautica com tigelas de som. Em seguida, voc\u00ea far\u00e1 uma caminhada guiada por trilhas costeiras. Aproveite uma bebida de bem-estar feita com bot\u00e2nicos brasileiros e leve para casa uma pedra artesanal de conex\u00e3o como lembran\u00e7a da sua experi\u00eancia. Exclusivo para portadores de cart\u00f5es Mastercard.<\/p>\n","protected":false},"excerpt":{"rendered":"<p>Restaure seu equil\u00edbrio por meio do movimento, do som e do poder curativo do oceano nesta experi\u00eancia exclusiva no Maravilha Retreat, em B\u00fazios. Junte-se \u00e0 sua anfitri\u00e3, a fisiculturista campe\u00e3 Mara Miranda, para uma sess\u00e3o de ioga de conex\u00e3o e uma medita\u00e7\u00e3o terap\u00eautica com tigelas de som. Em seguida, voc\u00ea far\u00e1 uma caminhada guiada por [&hellip;]<\/p>\n","protected":false},"featured_media":12082,"template":"","meta":{"_acf_changed":false,"inline_featured_image":false},"product_brand":[],"product_cat":[48],"product_tag":[],"class_list":{"0":"post-12072","1":"product","2":"type-product","3":"status-publish","4":"has-post-thumbnail","6":"product_cat-experienciasx","8":"first","9":"instock","10":"virtual","11":"sold-individually","12":"purchasable","13":"product-type-booking"},"acf":[],"_links":{"self":[{"href":"https:\/\/smartlinks-web-pdn-priceless-latam.azurewebsites.net\/pt-br\/wp-json\/wp\/v2\/product\/12072","targetHints":{"allow":["GET"]}}],"collection":[{"href":"https:\/\/smartlinks-web-pdn-priceless-latam.azurewebsites.net\/pt-br\/wp-json\/wp\/v2\/product"}],"about":[{"href":"https:\/\/smartlinks-web-pdn-priceless-latam.azurewebsites.net\/pt-br\/wp-json\/wp\/v2\/types\/product"}],"wp:featuredmedia":[{"embeddable":true,"href":"https:\/\/smartlinks-web-pdn-priceless-latam.azurewebsites.net\/pt-br\/wp-json\/wp\/v2\/media\/12082"}],"wp:attachment":[{"href":"https:\/\/smartlinks-web-pdn-priceless-latam.azurewebsites.net\/pt-br\/wp-json\/wp\/v2\/media?parent=12072"}],"wp:term":[{"taxonomy":"product_brand","embeddable":true,"href":"https:\/\/smartlinks-web-pdn-priceless-latam.azurewebsites.net\/pt-br\/wp-json\/wp\/v2\/product_brand?post=12072"},{"taxonomy":"product_cat","embeddable":true,"href":"https:\/\/smartlinks-web-pdn-priceless-latam.azurewebsites.net\/pt-br\/wp-json\/wp\/v2\/product_cat?post=12072"},{"taxonomy":"product_tag","embeddable":true,"href":"https:\/\/smartlinks-web-pdn-priceless-latam.azurewebsites.net\/pt-br\/wp-json\/wp\/v2\/product_tag?post=12072"}],"curies":[{"name":"wp","href":"https:\/\/api.w.org\/{rel}","templated":true}]}}