{"id":2519,"date":"2024-10-25T10:56:03","date_gmt":"2024-10-25T15:56:03","guid":{"rendered":"https:\/\/smartlinks-web-pdn-priceless-latam.azurewebsites.net\/sem%20categoria\/learn-the-ancient-sport-of-polo-on-horseback-in-the-argentinian-pampas\/"},"modified":"2024-11-21T16:09:48","modified_gmt":"2024-11-21T21:09:48","slug":"aprenda-o-antigo-esporte-do-polo-a-cavalo-nos-pampas-argentinos","status":"publish","type":"product","link":"https:\/\/smartlinks-web-pdn-priceless-latam.azurewebsites.net\/pt-br\/experienciasx\/aprenda-o-antigo-esporte-do-polo-a-cavalo-nos-pampas-argentinos\/","title":{"rendered":"Aprenda o antigo esporte do polo a cavalo nos pampas argentinos"},"content":{"rendered":"<p>Obtenha acesso privilegiado a uma prestigiada escola de polo com um dia inteiro em meio \u00e0 beleza serena dos campos dos pampas. Depois de pegar seu traslado gratuito de Buenos Aires, voc\u00ea receber\u00e1 um ch\u00e1 de boas-vindas, seguido de um passeio introdut\u00f3rio para se acostumar com seu cavalo. Depois, voc\u00ea mergulhar\u00e1 de cabe\u00e7a na aula de polo, aprendendo as t\u00e9cnicas f\u00edsicas sob a orienta\u00e7\u00e3o de instrutores experientes durante uma hora. Depois, voc\u00ea reabastecer\u00e1 suas energias com um tradicional churrasco argentino e relaxar\u00e1 enquanto aproveita o ar livre ou nada na piscina durante os meses de ver\u00e3o. Exclusivamente para portadores do cart\u00e3o Mastercard.<\/p>\n","protected":false},"excerpt":{"rendered":"<p>Obtenha acesso privilegiado a uma prestigiada escola de polo com um dia inteiro em meio \u00e0 beleza serena dos campos dos pampas. Depois de pegar seu traslado gratuito de Buenos Aires, voc\u00ea receber\u00e1 um ch\u00e1 de boas-vindas, seguido de um passeio introdut\u00f3rio para se acostumar com seu cavalo. Depois, voc\u00ea mergulhar\u00e1 de cabe\u00e7a na aula [&hellip;]<\/p>\n","protected":false},"featured_media":400,"template":"","meta":{"_acf_changed":false,"inline_featured_image":false},"product_brand":[],"product_cat":[48],"product_tag":[],"class_list":{"0":"post-2519","1":"product","2":"type-product","3":"status-publish","4":"has-post-thumbnail","6":"product_cat-experienciasx","8":"first","9":"instock","10":"sold-individually","11":"shipping-taxable","12":"purchasable","13":"product-type-booking"},"acf":[],"_links":{"self":[{"href":"https:\/\/smartlinks-web-pdn-priceless-latam.azurewebsites.net\/pt-br\/wp-json\/wp\/v2\/product\/2519","targetHints":{"allow":["GET"]}}],"collection":[{"href":"https:\/\/smartlinks-web-pdn-priceless-latam.azurewebsites.net\/pt-br\/wp-json\/wp\/v2\/product"}],"about":[{"href":"https:\/\/smartlinks-web-pdn-priceless-latam.azurewebsites.net\/pt-br\/wp-json\/wp\/v2\/types\/product"}],"wp:featuredmedia":[{"embeddable":true,"href":"https:\/\/smartlinks-web-pdn-priceless-latam.azurewebsites.net\/pt-br\/wp-json\/wp\/v2\/media\/400"}],"wp:attachment":[{"href":"https:\/\/smartlinks-web-pdn-priceless-latam.azurewebsites.net\/pt-br\/wp-json\/wp\/v2\/media?parent=2519"}],"wp:term":[{"taxonomy":"product_brand","embeddable":true,"href":"https:\/\/smartlinks-web-pdn-priceless-latam.azurewebsites.net\/pt-br\/wp-json\/wp\/v2\/product_brand?post=2519"},{"taxonomy":"product_cat","embeddable":true,"href":"https:\/\/smartlinks-web-pdn-priceless-latam.azurewebsites.net\/pt-br\/wp-json\/wp\/v2\/product_cat?post=2519"},{"taxonomy":"product_tag","embeddable":true,"href":"https:\/\/smartlinks-web-pdn-priceless-latam.azurewebsites.net\/pt-br\/wp-json\/wp\/v2\/product_tag?post=2519"}],"curies":[{"name":"wp","href":"https:\/\/api.w.org\/{rel}","templated":true}]}}