{"id":2619,"date":"2024-11-07T11:59:21","date_gmt":"2024-11-07T16:59:21","guid":{"rendered":"https:\/\/smartlinks-web-pdn-priceless-latam.azurewebsites.net\/sem%20categoria\/explore-the-conmebol-libertadores-final-museum-on-an-exclusive-private-tour\/"},"modified":"2024-11-18T16:59:54","modified_gmt":"2024-11-18T21:59:54","slug":"conheca-uma-lenda-e-desfrute-de-um-tour-privado","status":"publish","type":"product","link":"https:\/\/smartlinks-web-pdn-priceless-latam.azurewebsites.net\/pt-br\/experienciasx\/conheca-uma-lenda-e-desfrute-de-um-tour-privado\/","title":{"rendered":"Conhe\u00e7a uma lenda da CONMEBOL e desfrute de um tour privado"},"content":{"rendered":"<p><span class=\"TextRun Highlight SCXW268025446 BCX0\" lang=\"EN-US\" xml:lang=\"EN-US\" data-contrast=\"auto\"><span class=\"NormalTextRun SpellingErrorV2Themed SCXW268025446 BCX0\">Mergulhe<\/span> <span class=\"NormalTextRun SpellingErrorV2Themed SCXW268025446 BCX0\">na<\/span> <span class=\"NormalTextRun SpellingErrorV2Themed SCXW268025446 BCX0\">magia<\/span><span class=\"NormalTextRun SCXW268025446 BCX0\"> da CONMEBOL Libertadores 2024 com <\/span><span class=\"NormalTextRun SpellingErrorV2Themed SCXW268025446 BCX0\">acesso<\/span> <span class=\"NormalTextRun SpellingErrorV2Themed SCXW268025446 BCX0\">antecipado<\/span><span class=\"NormalTextRun SCXW268025446 BCX0\"> e um tour privado <\/span><span class=\"NormalTextRun SpellingErrorV2Themed SCXW268025446 BCX0\">exclusivo<\/span> <span class=\"NormalTextRun SpellingErrorV2Themed SCXW268025446 BCX0\">pelo<\/span> <span class=\"NormalTextRun SpellingErrorV2Themed SCXW268025446 BCX0\">Museu<\/span><span class=\"NormalTextRun SCXW268025446 BCX0\"> da Final da CONMEBOL Libertadores, <\/span><span class=\"NormalTextRun SpellingErrorV2Themed SCXW268025446 BCX0\">onde<\/span> <span class=\"NormalTextRun SpellingErrorV2Themed SCXW268025446 BCX0\">voc\u00ea<\/span> <span class=\"NormalTextRun SpellingErrorV2Themed SCXW268025446 BCX0\">conhecer\u00e1<\/span> <span class=\"NormalTextRun SpellingErrorV2Themed SCXW268025446 BCX0\">uma<\/span> <span class=\"NormalTextRun SpellingErrorV2Themed SCXW268025446 BCX0\">lenda<\/span><span class=\"NormalTextRun SCXW268025446 BCX0\"> da CONMEBOL. <\/span><span class=\"NormalTextRun SpellingErrorV2Themed SCXW268025446 BCX0\">Voc\u00ea<\/span> <span class=\"NormalTextRun SpellingErrorV2Themed SCXW268025446 BCX0\">ser\u00e1<\/span> <span class=\"NormalTextRun SpellingErrorV2Themed SCXW268025446 BCX0\">recebido<\/span><span class=\"NormalTextRun SCXW268025446 BCX0\"> com um <\/span><span class=\"NormalTextRun SpellingErrorV2Themed SCXW268025446 BCX0\">brinde<\/span><span class=\"NormalTextRun SCXW268025446 BCX0\"> de boas-<\/span><span class=\"NormalTextRun SpellingErrorV2Themed SCXW268025446 BCX0\">vindas<\/span><span class=\"NormalTextRun SCXW268025446 BCX0\"> e aperitivos antes de <\/span><span class=\"NormalTextRun SpellingErrorV2Themed SCXW268025446 BCX0\">embarcar<\/span> <span class=\"NormalTextRun SpellingErrorV2Themed SCXW268025446 BCX0\">em<\/span><span class=\"NormalTextRun SCXW268025446 BCX0\"> um tour privado <\/span><span class=\"NormalTextRun SpellingErrorV2Themed SCXW268025446 BCX0\">privilegiado<\/span><span class=\"NormalTextRun SCXW268025446 BCX0\"> para <\/span><span class=\"NormalTextRun SpellingErrorV2Themed SCXW268025446 BCX0\">explorar<\/span><span class=\"NormalTextRun SCXW268025446 BCX0\"> a <\/span><span class=\"NormalTextRun SpellingErrorV2Themed SCXW268025446 BCX0\">hist\u00f3ria<\/span><span class=\"NormalTextRun SCXW268025446 BCX0\"> da <\/span><span class=\"NormalTextRun SpellingErrorV2Themed SCXW268025446 BCX0\">competi\u00e7\u00e3o<\/span><span class=\"NormalTextRun SCXW268025446 BCX0\"> de <\/span><span class=\"NormalTextRun SpellingErrorV2Themed SCXW268025446 BCX0\">clubes<\/span><span class=\"NormalTextRun SCXW268025446 BCX0\"> de <\/span><span class=\"NormalTextRun SpellingErrorV2Themed SCXW268025446 BCX0\">futebol<\/span> <span class=\"NormalTextRun SpellingErrorV2Themed SCXW268025446 BCX0\">profissional<\/span> <span class=\"NormalTextRun SpellingErrorV2Themed SCXW268025446 BCX0\">mais<\/span> <span class=\"NormalTextRun SpellingErrorV2Themed SCXW268025446 BCX0\">antiga<\/span><span class=\"NormalTextRun SCXW268025446 BCX0\"> e <\/span><span class=\"NormalTextRun SpellingErrorV2Themed SCXW268025446 BCX0\">prestigiada<\/span><span class=\"NormalTextRun SCXW268025446 BCX0\"> da Am\u00e9rica do Sul, <\/span><span class=\"NormalTextRun SpellingErrorV2Themed SCXW268025446 BCX0\">estabelecida<\/span> <span class=\"NormalTextRun SpellingErrorV2Themed SCXW268025446 BCX0\">em<\/span><span class=\"NormalTextRun SCXW268025446 BCX0\"> 1960. <\/span><span class=\"NormalTextRun SpellingErrorV2Themed SCXW268025446 BCX0\">Voc\u00ea<\/span> <span class=\"NormalTextRun SpellingErrorV2Themed SCXW268025446 BCX0\">tamb\u00e9m<\/span> <span class=\"NormalTextRun SpellingErrorV2Themed SCXW268025446 BCX0\">desfrutar\u00e1<\/span><span class=\"NormalTextRun SCXW268025446 BCX0\"> de um <\/span><span class=\"NormalTextRun SpellingErrorV2Themed SCXW268025446 BCX0\">encontro<\/span> <span class=\"NormalTextRun SpellingErrorV2Themed SCXW268025446 BCX0\">\u00fanico<\/span><span class=\"NormalTextRun SCXW268025446 BCX0\"> com <\/span><span class=\"NormalTextRun SpellingErrorV2Themed SCXW268025446 BCX0\">uma<\/span> <span class=\"NormalTextRun SpellingErrorV2Themed SCXW268025446 BCX0\">lenda<\/span><span class=\"NormalTextRun SCXW268025446 BCX0\"> da CONMEBOL, que <\/span><span class=\"NormalTextRun SpellingErrorV2Themed SCXW268025446 BCX0\">lhe<\/span> <span class=\"NormalTextRun SpellingErrorV2Themed SCXW268025446 BCX0\">dar\u00e1<\/span> <span class=\"NormalTextRun SpellingErrorV2Themed SCXW268025446 BCX0\">produtos<\/span> <span class=\"NormalTextRun SpellingErrorV2Themed SCXW268025446 BCX0\">exclusivos<\/span> <span class=\"NormalTextRun SpellingErrorV2Themed SCXW268025446 BCX0\">como<\/span> <span class=\"NormalTextRun SpellingErrorV2Themed SCXW268025446 BCX0\">uma<\/span> <span class=\"NormalTextRun SpellingErrorV2Themed SCXW268025446 BCX0\">lembran\u00e7a<\/span> <span class=\"NormalTextRun SpellingErrorV2Themed SCXW268025446 BCX0\">memor\u00e1vel<\/span><span class=\"NormalTextRun SCXW268025446 BCX0\">. <\/span><span class=\"NormalTextRun SpellingErrorV2Themed SCXW268025446 BCX0\">Al\u00e9m<\/span> <span class=\"NormalTextRun SpellingErrorV2Themed SCXW268025446 BCX0\">disso<\/span><span class=\"NormalTextRun SCXW268025446 BCX0\">, <\/span><span class=\"NormalTextRun SpellingErrorV2Themed SCXW268025446 BCX0\">voc\u00ea<\/span> <span class=\"NormalTextRun SpellingErrorV2Themed SCXW268025446 BCX0\">receber\u00e1<\/span><span class=\"NormalTextRun SCXW268025446 BCX0\"> um <\/span><span class=\"NormalTextRun SpellingErrorV2Themed SCXW268025446 BCX0\">cart\u00e3o-presente<\/span><span class=\"NormalTextRun SCXW268025446 BCX0\"> de <\/span><span class=\"NormalTextRun SpellingErrorV2Themed SCXW268025446 BCX0\">edi\u00e7\u00e3o<\/span> <span class=\"NormalTextRun SpellingErrorV2Themed SCXW268025446 BCX0\">limitada<\/span><span class=\"NormalTextRun SCXW268025446 BCX0\"> no valor de US$150 para se <\/span><span class=\"NormalTextRun SpellingErrorV2Themed SCXW268025446 BCX0\">mimar<\/span> <span class=\"NormalTextRun SpellingErrorV2Themed SCXW268025446 BCX0\">na<\/span> <span class=\"NormalTextRun SpellingErrorV2Themed SCXW268025446 BCX0\">loja<\/span> <span class=\"NormalTextRun SpellingErrorV2Themed SCXW268025446 BCX0\">oficial<\/span><span class=\"NormalTextRun SCXW268025446 BCX0\"> de <\/span><span class=\"NormalTextRun SpellingErrorV2Themed SCXW268025446 BCX0\">produtos<\/span><span class=\"NormalTextRun SCXW268025446 BCX0\">. <\/span><span class=\"NormalTextRun SpellingErrorV2Themed SCXW268025446 BCX0\">Exclusivo<\/span><span class=\"NormalTextRun SCXW268025446 BCX0\"> para <\/span><span class=\"NormalTextRun SpellingErrorV2Themed SCXW268025446 BCX0\">portadores<\/span><span class=\"NormalTextRun SCXW268025446 BCX0\"> de <\/span><span class=\"NormalTextRun SpellingErrorV2Themed SCXW268025446 BCX0\">cart\u00e3o<\/span><span class=\"NormalTextRun SCXW268025446 BCX0\"> Mastercard.<\/span><\/span><\/p>\n","protected":false},"excerpt":{"rendered":"<p>Mergulhe na magia da CONMEBOL Libertadores 2024 com acesso antecipado e um tour privado exclusivo pelo Museu da Final da CONMEBOL Libertadores, onde voc\u00ea conhecer\u00e1 uma lenda da CONMEBOL. Voc\u00ea ser\u00e1 recebido com um brinde de boas-vindas e aperitivos antes de embarcar em um tour privado privilegiado para explorar a hist\u00f3ria da competi\u00e7\u00e3o de clubes [&hellip;]<\/p>\n","protected":false},"featured_media":1831,"template":"","meta":{"_acf_changed":false,"inline_featured_image":false},"product_brand":[],"product_cat":[48,54],"product_tag":[],"class_list":{"0":"post-2619","1":"product","2":"type-product","3":"status-publish","4":"has-post-thumbnail","6":"product_cat-experienciasx","7":"product_cat-libertadoresx","9":"first","10":"instock","11":"sold-individually","12":"shipping-taxable","13":"purchasable","14":"product-type-variable","15":"has-default-attributes"},"acf":[],"_links":{"self":[{"href":"https:\/\/smartlinks-web-pdn-priceless-latam.azurewebsites.net\/pt-br\/wp-json\/wp\/v2\/product\/2619","targetHints":{"allow":["GET"]}}],"collection":[{"href":"https:\/\/smartlinks-web-pdn-priceless-latam.azurewebsites.net\/pt-br\/wp-json\/wp\/v2\/product"}],"about":[{"href":"https:\/\/smartlinks-web-pdn-priceless-latam.azurewebsites.net\/pt-br\/wp-json\/wp\/v2\/types\/product"}],"wp:featuredmedia":[{"embeddable":true,"href":"https:\/\/smartlinks-web-pdn-priceless-latam.azurewebsites.net\/pt-br\/wp-json\/wp\/v2\/media\/1831"}],"wp:attachment":[{"href":"https:\/\/smartlinks-web-pdn-priceless-latam.azurewebsites.net\/pt-br\/wp-json\/wp\/v2\/media?parent=2619"}],"wp:term":[{"taxonomy":"product_brand","embeddable":true,"href":"https:\/\/smartlinks-web-pdn-priceless-latam.azurewebsites.net\/pt-br\/wp-json\/wp\/v2\/product_brand?post=2619"},{"taxonomy":"product_cat","embeddable":true,"href":"https:\/\/smartlinks-web-pdn-priceless-latam.azurewebsites.net\/pt-br\/wp-json\/wp\/v2\/product_cat?post=2619"},{"taxonomy":"product_tag","embeddable":true,"href":"https:\/\/smartlinks-web-pdn-priceless-latam.azurewebsites.net\/pt-br\/wp-json\/wp\/v2\/product_tag?post=2619"}],"curies":[{"name":"wp","href":"https:\/\/api.w.org\/{rel}","templated":true}]}}