{"id":2714,"date":"2024-11-05T09:16:23","date_gmt":"2024-11-05T14:16:23","guid":{"rendered":"https:\/\/experienciaslatam.com\/sem%20categoria\/celebrate-conmebol-libertadores-2024-with-a-vip-fan-experience-in-buenos-aires\/"},"modified":"2024-11-25T12:09:46","modified_gmt":"2024-11-25T17:09:46","slug":"experiencia-dos-fas","status":"publish","type":"product","link":"https:\/\/smartlinks-web-pdn-priceless-latam.azurewebsites.net\/pt-br\/experienciasx\/experiencia-dos-fas\/","title":{"rendered":"Celebre a CONMEBOL Libertadores 2024 como um verdadeiro f\u00e3 em Buenos Air"},"content":{"rendered":"<p>Desfrute de uma experi\u00eancia individualizada de torcedor na final da CONMEBOL Libertadores 2024 em Buenos Aires. Voc\u00ea receber\u00e1 um Mastercard pr\u00e9-pago exclusivo da marca Messi com um cr\u00e9dito de US$ 150. Como cortesia, voc\u00ea receber\u00e1 um par de ingressos de categoria 2 para a partida final, o que lhe proporcionar\u00e1 uma excelente vis\u00e3o da a\u00e7\u00e3o com um colega torcedor. Seu pacote VIP tamb\u00e9m inclui produtos da CONMEBOL Libertadores 2024 como lembran\u00e7a de uma experi\u00eancia fenomenal no futebol. Exclusivamente para portadores de cart\u00f5es Mastercard.<\/p>\n<p>O que n\u00e3o tem pre\u00e7o<br \/>\nTorcer pelo seu time favorito junto com seu novo produto.<\/p>\n<div id=\"gtx-trans\" style=\"position: absolute; left: -7px; top: 88px;\">\n<div class=\"gtx-trans-icon\"><\/div>\n<\/div>\n","protected":false},"excerpt":{"rendered":"<p>Desfrute de uma experi\u00eancia individualizada de torcedor na final da CONMEBOL Libertadores 2024 em Buenos Aires. Voc\u00ea receber\u00e1 um Mastercard pr\u00e9-pago exclusivo da marca Messi com um cr\u00e9dito de US$ 150. Como cortesia, voc\u00ea receber\u00e1 um par de ingressos de categoria 2 para a partida final, o que lhe proporcionar\u00e1 uma excelente vis\u00e3o da a\u00e7\u00e3o [&hellip;]<\/p>\n","protected":false},"featured_media":1892,"template":"","meta":{"_acf_changed":false,"inline_featured_image":false},"product_brand":[],"product_cat":[48,54],"product_tag":[],"class_list":{"0":"post-2714","1":"product","2":"type-product","3":"status-publish","4":"has-post-thumbnail","6":"product_cat-experienciasx","7":"product_cat-libertadoresx","9":"first","10":"instock","11":"sold-individually","12":"shipping-taxable","13":"purchasable","14":"product-type-variable","15":"has-default-attributes"},"acf":[],"_links":{"self":[{"href":"https:\/\/smartlinks-web-pdn-priceless-latam.azurewebsites.net\/pt-br\/wp-json\/wp\/v2\/product\/2714","targetHints":{"allow":["GET"]}}],"collection":[{"href":"https:\/\/smartlinks-web-pdn-priceless-latam.azurewebsites.net\/pt-br\/wp-json\/wp\/v2\/product"}],"about":[{"href":"https:\/\/smartlinks-web-pdn-priceless-latam.azurewebsites.net\/pt-br\/wp-json\/wp\/v2\/types\/product"}],"wp:featuredmedia":[{"embeddable":true,"href":"https:\/\/smartlinks-web-pdn-priceless-latam.azurewebsites.net\/pt-br\/wp-json\/wp\/v2\/media\/1892"}],"wp:attachment":[{"href":"https:\/\/smartlinks-web-pdn-priceless-latam.azurewebsites.net\/pt-br\/wp-json\/wp\/v2\/media?parent=2714"}],"wp:term":[{"taxonomy":"product_brand","embeddable":true,"href":"https:\/\/smartlinks-web-pdn-priceless-latam.azurewebsites.net\/pt-br\/wp-json\/wp\/v2\/product_brand?post=2714"},{"taxonomy":"product_cat","embeddable":true,"href":"https:\/\/smartlinks-web-pdn-priceless-latam.azurewebsites.net\/pt-br\/wp-json\/wp\/v2\/product_cat?post=2714"},{"taxonomy":"product_tag","embeddable":true,"href":"https:\/\/smartlinks-web-pdn-priceless-latam.azurewebsites.net\/pt-br\/wp-json\/wp\/v2\/product_tag?post=2714"}],"curies":[{"name":"wp","href":"https:\/\/api.w.org\/{rel}","templated":true}]}}