{"id":2771,"date":"2024-11-05T16:52:29","date_gmt":"2024-11-05T21:52:29","guid":{"rendered":"https:\/\/experienciaslatam.com\/sem%20categoria\/witness-rio-de-janeiros-dazzling-landscape-on-an-exclusive-boat-tour\/"},"modified":"2025-04-29T11:10:33","modified_gmt":"2025-04-29T16:10:33","slug":"testemunhe-a-paisagem-deslumbrante-do-rio-de-janeiro-em-um-passeio-de-barco-exclusivo","status":"publish","type":"product","link":"https:\/\/smartlinks-web-pdn-priceless-latam.azurewebsites.net\/pt-br\/experienciasx\/testemunhe-a-paisagem-deslumbrante-do-rio-de-janeiro-em-um-passeio-de-barco-exclusivo\/","title":{"rendered":"Passeie pelos s\u00e9culos em um passeio de barco pelo Rio de Janeiro"},"content":{"rendered":"<p>Aprecie a paisagem impressionante do Rio de Janeiro durante um cruzeiro exclusivo de quatro horas pela Ba\u00eda de Guanabara com a Blumar. Voc\u00ea partir\u00e1 da Marina da Gl\u00f3ria e aproveitar\u00e1 o pitoresco litoral do Rio que ganhou o status de Patrim\u00f4nio Mundial da UNESCO gra\u00e7as \u00e0s espetaculares montanhas da Mata Atl\u00e2ntica e marcos de tirar o f\u00f4lego. Voc\u00ea aprender\u00e1 sobre s\u00e9culos de hist\u00f3ria e cultura local e se deliciar\u00e1 com um servi\u00e7o de buf\u00ea sofisticado, com petiscos gourmet, champanhe, coquet\u00e9is e muito mais, com paradas para nadar perto do P\u00e3o de A\u00e7\u00facar e outros pontos tur\u00edsticos ic\u00f4nicos. Al\u00e9m disso, voc\u00ea se deleitar\u00e1 com a m\u00fasica de um DJ ao vivo e um talentoso saxofonista enquanto aprecia um p\u00f4r do sol deslumbrante do centro da ba\u00eda. Exclusivamente para portadores de cart\u00e3o Mastercard.<\/p>\n","protected":false},"excerpt":{"rendered":"<p>Aprecie a paisagem impressionante do Rio de Janeiro durante um cruzeiro exclusivo de quatro horas pela Ba\u00eda de Guanabara com a Blumar. Voc\u00ea partir\u00e1 da Marina da Gl\u00f3ria e aproveitar\u00e1 o pitoresco litoral do Rio que ganhou o status de Patrim\u00f4nio Mundial da UNESCO gra\u00e7as \u00e0s espetaculares montanhas da Mata Atl\u00e2ntica e marcos de tirar [&hellip;]<\/p>\n","protected":false},"featured_media":2084,"template":"","meta":{"_acf_changed":false,"inline_featured_image":false},"product_brand":[],"product_cat":[48],"product_tag":[],"class_list":{"0":"post-2771","1":"product","2":"type-product","3":"status-publish","4":"has-post-thumbnail","6":"product_cat-experienciasx","8":"first","9":"instock","10":"sold-individually","11":"shipping-taxable","12":"purchasable","13":"product-type-booking"},"acf":[],"_links":{"self":[{"href":"https:\/\/smartlinks-web-pdn-priceless-latam.azurewebsites.net\/pt-br\/wp-json\/wp\/v2\/product\/2771","targetHints":{"allow":["GET"]}}],"collection":[{"href":"https:\/\/smartlinks-web-pdn-priceless-latam.azurewebsites.net\/pt-br\/wp-json\/wp\/v2\/product"}],"about":[{"href":"https:\/\/smartlinks-web-pdn-priceless-latam.azurewebsites.net\/pt-br\/wp-json\/wp\/v2\/types\/product"}],"wp:featuredmedia":[{"embeddable":true,"href":"https:\/\/smartlinks-web-pdn-priceless-latam.azurewebsites.net\/pt-br\/wp-json\/wp\/v2\/media\/2084"}],"wp:attachment":[{"href":"https:\/\/smartlinks-web-pdn-priceless-latam.azurewebsites.net\/pt-br\/wp-json\/wp\/v2\/media?parent=2771"}],"wp:term":[{"taxonomy":"product_brand","embeddable":true,"href":"https:\/\/smartlinks-web-pdn-priceless-latam.azurewebsites.net\/pt-br\/wp-json\/wp\/v2\/product_brand?post=2771"},{"taxonomy":"product_cat","embeddable":true,"href":"https:\/\/smartlinks-web-pdn-priceless-latam.azurewebsites.net\/pt-br\/wp-json\/wp\/v2\/product_cat?post=2771"},{"taxonomy":"product_tag","embeddable":true,"href":"https:\/\/smartlinks-web-pdn-priceless-latam.azurewebsites.net\/pt-br\/wp-json\/wp\/v2\/product_tag?post=2771"}],"curies":[{"name":"wp","href":"https:\/\/api.w.org\/{rel}","templated":true}]}}