{"id":2791,"date":"2024-11-05T11:20:29","date_gmt":"2024-11-05T16:20:29","guid":{"rendered":"https:\/\/experienciaslatam.com\/sem%20categoria\/marvel-at-chiles-native-birds-and-luscious-wines-on-an-exclusive-tour\/"},"modified":"2025-05-06T16:30:55","modified_gmt":"2025-05-06T21:30:55","slug":"maravilhe-se-com-os-passaros-nativos-e-os-vinhos-deliciosos-do-chile-em-um-passeio-exclusivo","status":"publish","type":"product","link":"https:\/\/smartlinks-web-pdn-priceless-latam.azurewebsites.net\/pt-br\/experienciasx\/maravilhe-se-com-os-passaros-nativos-e-os-vinhos-deliciosos-do-chile-em-um-passeio-exclusivo\/","title":{"rendered":"Maravilhe-se com os p\u00e1ssaros nativos e os vinhos deliciosos do Chile em um passeio exclusivo"},"content":{"rendered":"<p>Melhore sua compreens\u00e3o dos vinhos e da natureza chilenos em uma excurs\u00e3o imersiva de observa\u00e7\u00e3o de p\u00e1ssaros e um tour pelos vinhedos. Um guia especializado da BirdsChile o levar\u00e1 pelas encostas da Cordilheira dos Andes pelo Parque Natural Quebrada de Macul , uma reserva natural onde voc\u00ea testemunhar\u00e1 a beleza de tirar o f\u00f4lego da flora e fauna do centro do Chile. Depois, voc\u00ea se deliciar\u00e1 em um tour privado pela Vi\u00f1a Aquitania, degustando tr\u00eas vinhos Sol de Sol do Vale Malleco e o carro-chefe da vin\u00edcola, Lazuli, um cabernet sauvignon dos Andes do Maipo \u2014 tudo harmonizado com queijos deliciosos, charcutaria, frutas secas e chutneys. Exclusivamente para portadores de cart\u00e3o Mastercard. A Mastercard, junto com a Priceless Planet Coalition, buscamos restaurar 100 milh\u00f5es de \u00e1rvores at\u00e9 2030. Para cada experi\u00eancia que voc\u00ea comprar , a Mastercard doar\u00e1 uma \u00e1rvore por meio da Priceless Planet Coalition. Com sua contribui\u00e7\u00e3o, estamos promovendo a restaura\u00e7\u00e3o de 6 continentes.<\/p>\n","protected":false},"excerpt":{"rendered":"<p>Melhore sua compreens\u00e3o dos vinhos e da natureza chilenos em uma excurs\u00e3o imersiva de observa\u00e7\u00e3o de p\u00e1ssaros e um tour pelos vinhedos. Um guia especializado da BirdsChile o levar\u00e1 pelas encostas da Cordilheira dos Andes pelo Parque Natural Quebrada de Macul , uma reserva natural onde voc\u00ea testemunhar\u00e1 a beleza de tirar o f\u00f4lego da [&hellip;]<\/p>\n","protected":false},"featured_media":1834,"template":"","meta":{"_acf_changed":false,"inline_featured_image":false},"product_brand":[],"product_cat":[48],"product_tag":[],"class_list":{"0":"post-2791","1":"product","2":"type-product","3":"status-publish","4":"has-post-thumbnail","6":"product_cat-experienciasx","8":"first","9":"instock","10":"sold-individually","11":"shipping-taxable","12":"purchasable","13":"product-type-booking"},"acf":[],"_links":{"self":[{"href":"https:\/\/smartlinks-web-pdn-priceless-latam.azurewebsites.net\/pt-br\/wp-json\/wp\/v2\/product\/2791","targetHints":{"allow":["GET"]}}],"collection":[{"href":"https:\/\/smartlinks-web-pdn-priceless-latam.azurewebsites.net\/pt-br\/wp-json\/wp\/v2\/product"}],"about":[{"href":"https:\/\/smartlinks-web-pdn-priceless-latam.azurewebsites.net\/pt-br\/wp-json\/wp\/v2\/types\/product"}],"wp:featuredmedia":[{"embeddable":true,"href":"https:\/\/smartlinks-web-pdn-priceless-latam.azurewebsites.net\/pt-br\/wp-json\/wp\/v2\/media\/1834"}],"wp:attachment":[{"href":"https:\/\/smartlinks-web-pdn-priceless-latam.azurewebsites.net\/pt-br\/wp-json\/wp\/v2\/media?parent=2791"}],"wp:term":[{"taxonomy":"product_brand","embeddable":true,"href":"https:\/\/smartlinks-web-pdn-priceless-latam.azurewebsites.net\/pt-br\/wp-json\/wp\/v2\/product_brand?post=2791"},{"taxonomy":"product_cat","embeddable":true,"href":"https:\/\/smartlinks-web-pdn-priceless-latam.azurewebsites.net\/pt-br\/wp-json\/wp\/v2\/product_cat?post=2791"},{"taxonomy":"product_tag","embeddable":true,"href":"https:\/\/smartlinks-web-pdn-priceless-latam.azurewebsites.net\/pt-br\/wp-json\/wp\/v2\/product_tag?post=2791"}],"curies":[{"name":"wp","href":"https:\/\/api.w.org\/{rel}","templated":true}]}}