{"id":2808,"date":"2024-10-27T12:50:36","date_gmt":"2024-10-27T17:50:36","guid":{"rendered":"https:\/\/experienciaslatam.com\/sem%20categoria\/taste-and-discover-argentinean-mate-beverages-at-an-exclusive-event\/"},"modified":"2024-11-18T19:49:34","modified_gmt":"2024-11-19T00:49:34","slug":"deguste-e-descubra-as-bebidas-chimarrao-argentinas-em-um-evento-exclusivo","status":"publish","type":"product","link":"https:\/\/smartlinks-web-pdn-priceless-latam.azurewebsites.net\/pt-br\/experienciasx\/deguste-e-descubra-as-bebidas-chimarrao-argentinas-em-um-evento-exclusivo\/","title":{"rendered":"Deguste e descubra as bebidas chimarr\u00e3o argentinas em um evento exclusivo"},"content":{"rendered":"<p>Expanda sua perspectiva sobre as tradi\u00e7\u00f5es da Argentina em um evento exclusivo de erva-mate no Jardim Bot\u00e2nico Carlos Thays. Voc\u00ea ter\u00e1 transporte de ida e volta para o reverenciado monumento nacional, onde descobrir\u00e1 o significado cultural da planta erva-mate ao ouvir como ela chegou \u00e0 Argentina e os mitos conectados a ela. Ent\u00e3o, voc\u00ea entrar\u00e1 na arte de preparar esta bebida \u00fanica destinada a ser compartilhada entre entes queridos, focando em como despejar \u00e1gua em uma x\u00edcara especial de caba\u00e7a de mate, sua temperatura precisa e dicas e segredos sobre como fazer o melhor mate enquanto voc\u00ea prova bebidas feitas com diferentes folhas de erva-mate. Al\u00e9m disso, voc\u00ea levar\u00e1 para casa sua x\u00edcara de mate e canudo como um presente exclusivo para trazer a tradi\u00e7\u00e3o de volta para casa. Exclusivamente para portadores de cart\u00e3o Mastercard.<\/p>\n","protected":false},"excerpt":{"rendered":"<p>Expanda sua perspectiva sobre as tradi\u00e7\u00f5es da Argentina em um evento exclusivo de erva-mate no Jardim Bot\u00e2nico Carlos Thays. Voc\u00ea ter\u00e1 transporte de ida e volta para o reverenciado monumento nacional, onde descobrir\u00e1 o significado cultural da planta erva-mate ao ouvir como ela chegou \u00e0 Argentina e os mitos conectados a ela. Ent\u00e3o, voc\u00ea entrar\u00e1 [&hellip;]<\/p>\n","protected":false},"featured_media":2370,"template":"","meta":{"_acf_changed":false,"inline_featured_image":false},"product_brand":[],"product_cat":[48],"product_tag":[],"class_list":{"0":"post-2808","1":"product","2":"type-product","3":"status-publish","4":"has-post-thumbnail","6":"product_cat-experienciasx","8":"first","9":"instock","10":"sold-individually","11":"shipping-taxable","12":"purchasable","13":"product-type-booking"},"acf":[],"_links":{"self":[{"href":"https:\/\/smartlinks-web-pdn-priceless-latam.azurewebsites.net\/pt-br\/wp-json\/wp\/v2\/product\/2808","targetHints":{"allow":["GET"]}}],"collection":[{"href":"https:\/\/smartlinks-web-pdn-priceless-latam.azurewebsites.net\/pt-br\/wp-json\/wp\/v2\/product"}],"about":[{"href":"https:\/\/smartlinks-web-pdn-priceless-latam.azurewebsites.net\/pt-br\/wp-json\/wp\/v2\/types\/product"}],"wp:featuredmedia":[{"embeddable":true,"href":"https:\/\/smartlinks-web-pdn-priceless-latam.azurewebsites.net\/pt-br\/wp-json\/wp\/v2\/media\/2370"}],"wp:attachment":[{"href":"https:\/\/smartlinks-web-pdn-priceless-latam.azurewebsites.net\/pt-br\/wp-json\/wp\/v2\/media?parent=2808"}],"wp:term":[{"taxonomy":"product_brand","embeddable":true,"href":"https:\/\/smartlinks-web-pdn-priceless-latam.azurewebsites.net\/pt-br\/wp-json\/wp\/v2\/product_brand?post=2808"},{"taxonomy":"product_cat","embeddable":true,"href":"https:\/\/smartlinks-web-pdn-priceless-latam.azurewebsites.net\/pt-br\/wp-json\/wp\/v2\/product_cat?post=2808"},{"taxonomy":"product_tag","embeddable":true,"href":"https:\/\/smartlinks-web-pdn-priceless-latam.azurewebsites.net\/pt-br\/wp-json\/wp\/v2\/product_tag?post=2808"}],"curies":[{"name":"wp","href":"https:\/\/api.w.org\/{rel}","templated":true}]}}