{"id":2814,"date":"2024-10-26T15:29:16","date_gmt":"2024-10-26T20:29:16","guid":{"rendered":"https:\/\/experienciaslatam.com\/sem%20categoria\/get-swept-up-in-the-hypnotic-rhythms-of-tango-in-buenos-aires\/"},"modified":"2024-11-18T19:31:12","modified_gmt":"2024-11-19T00:31:12","slug":"deixe-se-levar-pelos-ritmos-hipnoticos-do-tango-em-buenos-aires","status":"publish","type":"product","link":"https:\/\/smartlinks-web-pdn-priceless-latam.azurewebsites.net\/pt-br\/experienciasx\/deixe-se-levar-pelos-ritmos-hipnoticos-do-tango-em-buenos-aires\/","title":{"rendered":"Deixe-se levar pelos ritmos hipn\u00f3ticos do tango em Buenos Aires"},"content":{"rendered":"<p>Prepare-se para uma noite inesquec\u00edvel de tango em sua cidade natal, Buenos Aires. No bairro exclusivo de Puerto Madero, voc\u00ea receber\u00e1 uma aula particular de tango com um especialista e aprender\u00e1 seus primeiros passos em um ambiente seguro e acolhedor. Ent\u00e3o, voc\u00ea tomar\u00e1 seus assentos na primeira fila no Rojo Tango para aproveitar um show com dan\u00e7a incr\u00edvel e m\u00fasica ao vivo, juntamente com um suntuoso jantar de tr\u00eas pratos e vinho. Complete sua noite com um coquetel aconchegante no Library Lounge do hotel. Exclusivamente para portadores de cart\u00e3o Mastercard.<\/p>\n","protected":false},"excerpt":{"rendered":"<p>Prepare-se para uma noite inesquec\u00edvel de tango em sua cidade natal, Buenos Aires. No bairro exclusivo de Puerto Madero, voc\u00ea receber\u00e1 uma aula particular de tango com um especialista e aprender\u00e1 seus primeiros passos em um ambiente seguro e acolhedor. Ent\u00e3o, voc\u00ea tomar\u00e1 seus assentos na primeira fila no Rojo Tango para aproveitar um show [&hellip;]<\/p>\n","protected":false},"featured_media":694,"template":"","meta":{"_acf_changed":false,"inline_featured_image":false},"product_brand":[],"product_cat":[48],"product_tag":[],"class_list":{"0":"post-2814","1":"product","2":"type-product","3":"status-publish","4":"has-post-thumbnail","6":"product_cat-experienciasx","8":"first","9":"instock","10":"sold-individually","11":"shipping-taxable","12":"purchasable","13":"product-type-booking"},"acf":[],"_links":{"self":[{"href":"https:\/\/smartlinks-web-pdn-priceless-latam.azurewebsites.net\/pt-br\/wp-json\/wp\/v2\/product\/2814","targetHints":{"allow":["GET"]}}],"collection":[{"href":"https:\/\/smartlinks-web-pdn-priceless-latam.azurewebsites.net\/pt-br\/wp-json\/wp\/v2\/product"}],"about":[{"href":"https:\/\/smartlinks-web-pdn-priceless-latam.azurewebsites.net\/pt-br\/wp-json\/wp\/v2\/types\/product"}],"wp:featuredmedia":[{"embeddable":true,"href":"https:\/\/smartlinks-web-pdn-priceless-latam.azurewebsites.net\/pt-br\/wp-json\/wp\/v2\/media\/694"}],"wp:attachment":[{"href":"https:\/\/smartlinks-web-pdn-priceless-latam.azurewebsites.net\/pt-br\/wp-json\/wp\/v2\/media?parent=2814"}],"wp:term":[{"taxonomy":"product_brand","embeddable":true,"href":"https:\/\/smartlinks-web-pdn-priceless-latam.azurewebsites.net\/pt-br\/wp-json\/wp\/v2\/product_brand?post=2814"},{"taxonomy":"product_cat","embeddable":true,"href":"https:\/\/smartlinks-web-pdn-priceless-latam.azurewebsites.net\/pt-br\/wp-json\/wp\/v2\/product_cat?post=2814"},{"taxonomy":"product_tag","embeddable":true,"href":"https:\/\/smartlinks-web-pdn-priceless-latam.azurewebsites.net\/pt-br\/wp-json\/wp\/v2\/product_tag?post=2814"}],"curies":[{"name":"wp","href":"https:\/\/api.w.org\/{rel}","templated":true}]}}